{"id":6900,"date":"2024-01-02T12:21:53","date_gmt":"2024-01-02T12:21:53","guid":{"rendered":"https:\/\/gkfineartlovers.com\/?post_type=product&#038;p=6900"},"modified":"2024-01-02T12:26:11","modified_gmt":"2024-01-02T12:26:11","slug":"fotoobraz-na-drewnianym-sercu-z-podstawka-w-stylu-retro-vintage-copy","status":"publish","type":"product","link":"https:\/\/gkfineartlovers.com\/pl\/sklep-pl\/fotoobraz-na-drewnianym-sercu-z-podstawka-w-stylu-retro-vintage-copy\/","title":{"rendered":"Fotoobraz na drewnianym sercu z podstawk\u0105 w stylu retro\/vintage (Copy)"},"content":{"rendered":"<p>\ud83c\udf3fElegancki pomys\u0142 na prezent<\/p>\n<p>\ud83c\udf3fNadruk zdj\u0119cia na drewniane serce z podstawk\u0105 20x20cm<\/p>\n<p>\ud83c\udf3fZdj\u0119cie jest drukowane w stylu vintage \/ retro &#8211; co oznacza ze moze byc nie do ko\u0144ca idealnie nadrukowane &#8211; ale ca\u0142y w tym urok stylu \ud83d\ude09  <\/p>\n<p>\ud83c\udf3fDodatkowo na sercu jest do\u0142\u0105czone ma\u0142e serduszko\/motylek. <\/p>\n<p>\ud83c\udf3fZapakowane w prze\u017aroczyst\u0105 foli\u0119.<\/p>\n<p>\ud83c\udf3fNa \u017cyczenie do\u0142\u0105cz\u0119 personalizowan\u0105 wiadomo\u015b\u0107 dowolnej tre\u015bci kt\u00f3r\u0105 umieszcz\u0119 na tyle serca<\/p>\n<p>\ud83c\udf3fWykonuj\u0119 zam\u00f3wienia indywidualne &#8211; napisz je\u015bli interesuj\u0119 Ci\u0119 jaki\u015b motyw z mojego sklepu &#8211; a nie ma go w ofercie<\/p>\n<p>\ud83c\udf3fZajmuj\u0119 si\u0119 r\u00f3wnie\u017c malowaniem &#8211; na drewnianych pude\u0142kach, tacach, ramkach, \u015bwiecach, zak\u0142adkach itp.<\/p>\n<p>\ud83c\udf3fJe\u015bli interesuj\u0119 Ci\u0119 wysy\u0142ka do innego kraju ni\u017c Wielka Brytania- napisz do mnie &#8211; om\u00f3wimy koszty kuriera:)- wysy\u0142am do wszystkich kraj\u00f3w \ud83d\ude42<\/p>\n","protected":false},"excerpt":{"rendered":"<p>\ud83c\udf3fElegancki pomys\u0142 na prezent \ud83c\udf3fNadruk zdj\u0119cia na drewniane serce z podstawk\u0105 20x20cm \ud83c\udf3fZdj\u0119cie jest drukowane w stylu vintage \/ retro &#8211; co oznacza ze moze byc nie do ko\u0144ca idealnie nadrukowane &#8211; ale ca\u0142y w tym urok stylu \ud83d\ude09 \ud83c\udf3fDodatkowo na sercu jest do\u0142\u0105czone ma\u0142e serduszko\/motylek. \ud83c\udf3fZapakowane w prze\u017aroczyst\u0105 foli\u0119. \ud83c\udf3fNa \u017cyczenie do\u0142\u0105cz\u0119 personalizowan\u0105 wiadomo\u015b\u0107 [&hellip;]<\/p>\n","protected":false},"featured_media":5040,"comment_status":"closed","ping_status":"closed","template":"","meta":{"_acf_changed":false},"product_brand":[],"product_cat":[125,123,129,127,126,124,130,132,131,116,134,119,117,133],"product_tag":[],"class_list":{"0":"post-6900","1":"product","2":"type-product","3":"status-publish","4":"has-post-thumbnail","6":"product_cat-prezenty-dla-dziadkow","7":"product_cat-prezenty-dla-dzieci","8":"product_cat-prezenty-dla-nauczycieli","9":"product_cat-prezenty-dla-niego","10":"product_cat-prezenty-dla-niej","11":"product_cat-prezenty-dla-par","12":"product_cat-prezenty-na-dzien-matki","13":"product_cat-prezenty-szkolne","14":"product_cat-prezenty-dla-malych-dzieci","15":"product_cat-prezenty-i-wystroj-domu","16":"product_cat-prezenty-slubne","17":"product_cat-prezenty-swiateczne","18":"product_cat-prezenty-urodzinowe","19":"product_cat-prezenty-walentynkowe","21":"first","22":"instock","23":"shipping-taxable","24":"purchasable","25":"product-type-simple"},"acf":[],"yoast_head":"<!-- This site is optimized with the Yoast SEO plugin v27.4 - https:\/\/yoast.com\/product\/yoast-seo-wordpress\/ -->\n<title>Fotoobraz na drewnianym sercu z podstawk\u0105 w stylu retro\/vintage (Copy) - GK_FineArt<\/title>\n<meta name=\"robots\" content=\"index, follow, max-snippet:-1, max-image-preview:large, max-video-preview:-1\" \/>\n<link rel=\"canonical\" href=\"https:\/\/gkfineartlovers.com\/pl\/sklep-pl\/fotoobraz-na-drewnianym-sercu-z-podstawka-w-stylu-retro-vintage-copy\/\" \/>\n<meta property=\"og:locale\" content=\"pl_PL\" \/>\n<meta property=\"og:type\" content=\"article\" \/>\n<meta property=\"og:title\" content=\"Fotoobraz na drewnianym sercu z podstawk\u0105 w stylu retro\/vintage (Copy) - GK_FineArt\" \/>\n<meta property=\"og:description\" content=\"\ud83c\udf3fElegancki pomys\u0142 na prezent \ud83c\udf3fNadruk zdj\u0119cia na drewniane serce z podstawk\u0105 20x20cm \ud83c\udf3fZdj\u0119cie jest drukowane w stylu vintage \/ retro &#8211; co oznacza ze moze byc nie do ko\u0144ca idealnie nadrukowane &#8211; ale ca\u0142y w tym urok stylu \ud83d\ude09 \ud83c\udf3fDodatkowo na sercu jest do\u0142\u0105czone ma\u0142e serduszko\/motylek. \ud83c\udf3fZapakowane w prze\u017aroczyst\u0105 foli\u0119. \ud83c\udf3fNa \u017cyczenie do\u0142\u0105cz\u0119 personalizowan\u0105 wiadomo\u015b\u0107 [&hellip;]\" \/>\n<meta property=\"og:url\" content=\"https:\/\/gkfineartlovers.com\/pl\/sklep-pl\/fotoobraz-na-drewnianym-sercu-z-podstawka-w-stylu-retro-vintage-copy\/\" \/>\n<meta property=\"og:site_name\" content=\"GK_FineArt\" \/>\n<meta property=\"article:modified_time\" content=\"2024-01-02T12:26:11+00:00\" \/>\n<meta property=\"og:image\" content=\"https:\/\/gkfineartlovers.com\/wp-content\/uploads\/2023\/09\/372345998_704967937802212_8809222779351538613_n.jpg\" \/>\n\t<meta property=\"og:image:width\" content=\"2048\" \/>\n\t<meta property=\"og:image:height\" content=\"1536\" \/>\n\t<meta property=\"og:image:type\" content=\"image\/jpeg\" \/>\n<meta name=\"twitter:card\" content=\"summary_large_image\" \/>\n<script type=\"application\/ld+json\" class=\"yoast-schema-graph\">{\"@context\":\"https:\\\/\\\/schema.org\",\"@graph\":[{\"@type\":\"WebPage\",\"@id\":\"https:\\\/\\\/gkfineartlovers.com\\\/pl\\\/sklep-pl\\\/fotoobraz-na-drewnianym-sercu-z-podstawka-w-stylu-retro-vintage-copy\\\/\",\"url\":\"https:\\\/\\\/gkfineartlovers.com\\\/pl\\\/sklep-pl\\\/fotoobraz-na-drewnianym-sercu-z-podstawka-w-stylu-retro-vintage-copy\\\/\",\"name\":\"Fotoobraz na drewnianym sercu z podstawk\u0105 w stylu retro\\\/vintage (Copy) - GK_FineArt\",\"isPartOf\":{\"@id\":\"https:\\\/\\\/gkfineartlovers.com\\\/pl\\\/#website\"},\"primaryImageOfPage\":{\"@id\":\"https:\\\/\\\/gkfineartlovers.com\\\/pl\\\/sklep-pl\\\/fotoobraz-na-drewnianym-sercu-z-podstawka-w-stylu-retro-vintage-copy\\\/#primaryimage\"},\"image\":{\"@id\":\"https:\\\/\\\/gkfineartlovers.com\\\/pl\\\/sklep-pl\\\/fotoobraz-na-drewnianym-sercu-z-podstawka-w-stylu-retro-vintage-copy\\\/#primaryimage\"},\"thumbnailUrl\":\"https:\\\/\\\/gkfineartlovers.com\\\/wp-content\\\/uploads\\\/2023\\\/09\\\/372345998_704967937802212_8809222779351538613_n.jpg\",\"datePublished\":\"2024-01-02T12:21:53+00:00\",\"dateModified\":\"2024-01-02T12:26:11+00:00\",\"breadcrumb\":{\"@id\":\"https:\\\/\\\/gkfineartlovers.com\\\/pl\\\/sklep-pl\\\/fotoobraz-na-drewnianym-sercu-z-podstawka-w-stylu-retro-vintage-copy\\\/#breadcrumb\"},\"inLanguage\":\"pl-PL\",\"potentialAction\":[{\"@type\":\"ReadAction\",\"target\":[\"https:\\\/\\\/gkfineartlovers.com\\\/pl\\\/sklep-pl\\\/fotoobraz-na-drewnianym-sercu-z-podstawka-w-stylu-retro-vintage-copy\\\/\"]}]},{\"@type\":\"ImageObject\",\"inLanguage\":\"pl-PL\",\"@id\":\"https:\\\/\\\/gkfineartlovers.com\\\/pl\\\/sklep-pl\\\/fotoobraz-na-drewnianym-sercu-z-podstawka-w-stylu-retro-vintage-copy\\\/#primaryimage\",\"url\":\"https:\\\/\\\/gkfineartlovers.com\\\/wp-content\\\/uploads\\\/2023\\\/09\\\/372345998_704967937802212_8809222779351538613_n.jpg\",\"contentUrl\":\"https:\\\/\\\/gkfineartlovers.com\\\/wp-content\\\/uploads\\\/2023\\\/09\\\/372345998_704967937802212_8809222779351538613_n.jpg\",\"width\":2048,\"height\":1536},{\"@type\":\"BreadcrumbList\",\"@id\":\"https:\\\/\\\/gkfineartlovers.com\\\/pl\\\/sklep-pl\\\/fotoobraz-na-drewnianym-sercu-z-podstawka-w-stylu-retro-vintage-copy\\\/#breadcrumb\",\"itemListElement\":[{\"@type\":\"ListItem\",\"position\":1,\"name\":\"Strona g\u0142\u00f3wna\",\"item\":\"https:\\\/\\\/gkfineartlovers.com\\\/pl\\\/strona-glowna\\\/\"},{\"@type\":\"ListItem\",\"position\":2,\"name\":\"Shop\",\"item\":\"https:\\\/\\\/gkfineartlovers.com\\\/shop\\\/\"},{\"@type\":\"ListItem\",\"position\":3,\"name\":\"Fotoobraz na drewnianym sercu z podstawk\u0105 w stylu retro\\\/vintage (Copy)\"}]},{\"@type\":\"WebSite\",\"@id\":\"https:\\\/\\\/gkfineartlovers.com\\\/pl\\\/#website\",\"url\":\"https:\\\/\\\/gkfineartlovers.com\\\/pl\\\/\",\"name\":\"GK_FineArt\",\"description\":\"Gk_FineArt is independent artist working from home studio in Bromsgrove, continuously developing artistic learning through paint play and media experimentation. Gk_FineArt also makes beautiful and sentimental gift and home decoration.\",\"potentialAction\":[{\"@type\":\"SearchAction\",\"target\":{\"@type\":\"EntryPoint\",\"urlTemplate\":\"https:\\\/\\\/gkfineartlovers.com\\\/pl\\\/?s={search_term_string}\"},\"query-input\":{\"@type\":\"PropertyValueSpecification\",\"valueRequired\":true,\"valueName\":\"search_term_string\"}}],\"inLanguage\":\"pl-PL\"}]}<\/script>\n<!-- \/ Yoast SEO plugin. -->","yoast_head_json":{"title":"Fotoobraz na drewnianym sercu z podstawk\u0105 w stylu retro\/vintage (Copy) - GK_FineArt","robots":{"index":"index","follow":"follow","max-snippet":"max-snippet:-1","max-image-preview":"max-image-preview:large","max-video-preview":"max-video-preview:-1"},"canonical":"https:\/\/gkfineartlovers.com\/pl\/sklep-pl\/fotoobraz-na-drewnianym-sercu-z-podstawka-w-stylu-retro-vintage-copy\/","og_locale":"pl_PL","og_type":"article","og_title":"Fotoobraz na drewnianym sercu z podstawk\u0105 w stylu retro\/vintage (Copy) - GK_FineArt","og_description":"\ud83c\udf3fElegancki pomys\u0142 na prezent \ud83c\udf3fNadruk zdj\u0119cia na drewniane serce z podstawk\u0105 20x20cm \ud83c\udf3fZdj\u0119cie jest drukowane w stylu vintage \/ retro &#8211; co oznacza ze moze byc nie do ko\u0144ca idealnie nadrukowane &#8211; ale ca\u0142y w tym urok stylu \ud83d\ude09 \ud83c\udf3fDodatkowo na sercu jest do\u0142\u0105czone ma\u0142e serduszko\/motylek. \ud83c\udf3fZapakowane w prze\u017aroczyst\u0105 foli\u0119. \ud83c\udf3fNa \u017cyczenie do\u0142\u0105cz\u0119 personalizowan\u0105 wiadomo\u015b\u0107 [&hellip;]","og_url":"https:\/\/gkfineartlovers.com\/pl\/sklep-pl\/fotoobraz-na-drewnianym-sercu-z-podstawka-w-stylu-retro-vintage-copy\/","og_site_name":"GK_FineArt","article_modified_time":"2024-01-02T12:26:11+00:00","og_image":[{"width":2048,"height":1536,"url":"https:\/\/gkfineartlovers.com\/wp-content\/uploads\/2023\/09\/372345998_704967937802212_8809222779351538613_n.jpg","type":"image\/jpeg"}],"twitter_card":"summary_large_image","schema":{"@context":"https:\/\/schema.org","@graph":[{"@type":"WebPage","@id":"https:\/\/gkfineartlovers.com\/pl\/sklep-pl\/fotoobraz-na-drewnianym-sercu-z-podstawka-w-stylu-retro-vintage-copy\/","url":"https:\/\/gkfineartlovers.com\/pl\/sklep-pl\/fotoobraz-na-drewnianym-sercu-z-podstawka-w-stylu-retro-vintage-copy\/","name":"Fotoobraz na drewnianym sercu z podstawk\u0105 w stylu retro\/vintage (Copy) - GK_FineArt","isPartOf":{"@id":"https:\/\/gkfineartlovers.com\/pl\/#website"},"primaryImageOfPage":{"@id":"https:\/\/gkfineartlovers.com\/pl\/sklep-pl\/fotoobraz-na-drewnianym-sercu-z-podstawka-w-stylu-retro-vintage-copy\/#primaryimage"},"image":{"@id":"https:\/\/gkfineartlovers.com\/pl\/sklep-pl\/fotoobraz-na-drewnianym-sercu-z-podstawka-w-stylu-retro-vintage-copy\/#primaryimage"},"thumbnailUrl":"https:\/\/gkfineartlovers.com\/wp-content\/uploads\/2023\/09\/372345998_704967937802212_8809222779351538613_n.jpg","datePublished":"2024-01-02T12:21:53+00:00","dateModified":"2024-01-02T12:26:11+00:00","breadcrumb":{"@id":"https:\/\/gkfineartlovers.com\/pl\/sklep-pl\/fotoobraz-na-drewnianym-sercu-z-podstawka-w-stylu-retro-vintage-copy\/#breadcrumb"},"inLanguage":"pl-PL","potentialAction":[{"@type":"ReadAction","target":["https:\/\/gkfineartlovers.com\/pl\/sklep-pl\/fotoobraz-na-drewnianym-sercu-z-podstawka-w-stylu-retro-vintage-copy\/"]}]},{"@type":"ImageObject","inLanguage":"pl-PL","@id":"https:\/\/gkfineartlovers.com\/pl\/sklep-pl\/fotoobraz-na-drewnianym-sercu-z-podstawka-w-stylu-retro-vintage-copy\/#primaryimage","url":"https:\/\/gkfineartlovers.com\/wp-content\/uploads\/2023\/09\/372345998_704967937802212_8809222779351538613_n.jpg","contentUrl":"https:\/\/gkfineartlovers.com\/wp-content\/uploads\/2023\/09\/372345998_704967937802212_8809222779351538613_n.jpg","width":2048,"height":1536},{"@type":"BreadcrumbList","@id":"https:\/\/gkfineartlovers.com\/pl\/sklep-pl\/fotoobraz-na-drewnianym-sercu-z-podstawka-w-stylu-retro-vintage-copy\/#breadcrumb","itemListElement":[{"@type":"ListItem","position":1,"name":"Strona g\u0142\u00f3wna","item":"https:\/\/gkfineartlovers.com\/pl\/strona-glowna\/"},{"@type":"ListItem","position":2,"name":"Shop","item":"https:\/\/gkfineartlovers.com\/shop\/"},{"@type":"ListItem","position":3,"name":"Fotoobraz na drewnianym sercu z podstawk\u0105 w stylu retro\/vintage (Copy)"}]},{"@type":"WebSite","@id":"https:\/\/gkfineartlovers.com\/pl\/#website","url":"https:\/\/gkfineartlovers.com\/pl\/","name":"GK_FineArt","description":"Gk_FineArt is independent artist working from home studio in Bromsgrove, continuously developing artistic learning through paint play and media experimentation. Gk_FineArt also makes beautiful and sentimental gift and home decoration.","potentialAction":[{"@type":"SearchAction","target":{"@type":"EntryPoint","urlTemplate":"https:\/\/gkfineartlovers.com\/pl\/?s={search_term_string}"},"query-input":{"@type":"PropertyValueSpecification","valueRequired":true,"valueName":"search_term_string"}}],"inLanguage":"pl-PL"}]}},"_links":{"self":[{"href":"https:\/\/gkfineartlovers.com\/pl\/wp-json\/wp\/v2\/product\/6900","targetHints":{"allow":["GET"]}}],"collection":[{"href":"https:\/\/gkfineartlovers.com\/pl\/wp-json\/wp\/v2\/product"}],"about":[{"href":"https:\/\/gkfineartlovers.com\/pl\/wp-json\/wp\/v2\/types\/product"}],"replies":[{"embeddable":true,"href":"https:\/\/gkfineartlovers.com\/pl\/wp-json\/wp\/v2\/comments?post=6900"}],"wp:featuredmedia":[{"embeddable":true,"href":"https:\/\/gkfineartlovers.com\/pl\/wp-json\/wp\/v2\/media\/5040"}],"wp:attachment":[{"href":"https:\/\/gkfineartlovers.com\/pl\/wp-json\/wp\/v2\/media?parent=6900"}],"wp:term":[{"taxonomy":"product_brand","embeddable":true,"href":"https:\/\/gkfineartlovers.com\/pl\/wp-json\/wp\/v2\/product_brand?post=6900"},{"taxonomy":"product_cat","embeddable":true,"href":"https:\/\/gkfineartlovers.com\/pl\/wp-json\/wp\/v2\/product_cat?post=6900"},{"taxonomy":"product_tag","embeddable":true,"href":"https:\/\/gkfineartlovers.com\/pl\/wp-json\/wp\/v2\/product_tag?post=6900"}],"curies":[{"name":"wp","href":"https:\/\/api.w.org\/{rel}","templated":true}]}}