{"id":6811,"date":"2023-09-01T21:23:34","date_gmt":"2023-09-01T20:23:34","guid":{"rendered":"https:\/\/gkfineartlovers.com\/shop\/spersonalizowana-duza-piekna-drewniana-pudelko-przechowalnicze-z-recznie-malowanym-aniolem\/"},"modified":"2023-09-01T21:23:34","modified_gmt":"2023-09-01T20:23:34","slug":"spersonalizowana-duza-piekna-drewniana-pudelko-przechowalnicze-z-recznie-malowanym-aniolem","status":"publish","type":"product","link":"https:\/\/gkfineartlovers.com\/pl\/sklep-pl\/spersonalizowana-duza-piekna-drewniana-pudelko-przechowalnicze-z-recznie-malowanym-aniolem\/","title":{"rendered":"Spersonalizowane du\u017ce, pi\u0119kne drewniane pude\u0142ko do przechowywania z r\u0119cznie malowanym anio\u0142em"},"content":{"rendered":"<p>Pi\u0119kne pude\u0142ko z r\u0119cznie malowanymi anio\u0142ami z przodu &#8211; 6 r\u00f3\u017cnych opcji do wyboru  <\/p>\n<p>Pude\u0142ko do przechowywania z pokrywk\u0105 &#8211; wykonane z drewna &#8211; idealne do przechowywania wszelkiego rodzaju pami\u0105tek, przedmiot\u00f3w rzemie\u015blniczych i bi\u017cuterii.<br \/>\nMa\u0142y: 25 cm x 20 cm x 10 cm, metalowe zapi\u0119cie<br \/>\nMedium: 30 x 22 x 13 cm<br \/>\nDu\u017cy: 35 x 25 x 17 cm<\/p>\n<p>Spersonalizuj pude\u0142ko imieniem sk\u0142adaj\u0105cym si\u0119 z maksymalnie 10 znak\u00f3w lub dodaj kr\u00f3tk\u0105 wiadomo\u015b\u0107, kt\u00f3ra zostanie dodana do zestawu jako karta podarunkowa.<\/p>\n<p>Urocze drewniane skrzyde\u0142ka w z\u0142otym kolorze dodane z przodu.<\/p>\n<p>Lakier bezbarwny jest nak\u0142adany w celu ochrony.<\/p>\n<p>Pude\u0142ko zostanie zapakowane w przezroczysty celofan.<\/p>\n<p>Je\u015bli jeste\u015b zainteresowany zakupem wi\u0119cej ni\u017c jednego zestawu, daj mi zna\u0107. Mog\u0119 zaoferowa\u0107 pewien rabat ilo\u015bciowy i opracowa\u0107 dla ciebie koszt wysy\u0142ki<\/p>\n<p>\ud83c\udf3f Uwielbiam robi\u0107 spersonalizowane i niestandardowe zam\u00f3wienia, wi\u0119c je\u015bli zobaczysz w magazynie co\u015b, co wpadnie Ci w oko, ale chcia\u0142by\u015b spersonalizowan\u0105 \/ niestandardow\u0105 wersj\u0119, mo\u017cesz wys\u0142a\u0107 mi wiadomo\u015b\u0107!<\/p>\n<p>Je\u015bli masz jakiekolwiek pytania dotycz\u0105ce procesu tworzenia zam\u00f3wienia, <a href=\"https:\/\/gkfineartlovers.com\/contact\/\">skontaktuj si\u0119 ze mn\u0105<\/a>.<\/p>\n<p><strong>Uwaga:<\/strong> mog\u0119 wys\u0142a\u0107 do dowolnego kraju na \u015bwiecie! \ud83d\ude42 Prosz\u0119 o przes\u0142anie zapytania przed zakupem w celu ustalenia koszt\u00f3w wysy\u0142ki \ud83d\ude09<\/p>\n","protected":false},"excerpt":{"rendered":"<p>Pi\u0119kne pude\u0142ko z r\u0119cznie malowanymi anio\u0142ami z przodu &#8211; 6 r\u00f3\u017cnych opcji do wyboru Pude\u0142ko do przechowywania z pokrywk\u0105 &#8211; wykonane z drewna &#8211; idealne do przechowywania wszelkiego rodzaju pami\u0105tek, przedmiot\u00f3w rzemie\u015blniczych i bi\u017cuterii. Ma\u0142y: 25 cm x 20 cm x 10 cm, metalowe zapi\u0119cie Medium: 30 x 22 x 13 cm Du\u017cy: 35 x [&hellip;]<\/p>\n","protected":false},"featured_media":4973,"comment_status":"closed","ping_status":"closed","template":"","meta":{"_acf_changed":false},"product_brand":[],"product_cat":[120,118,128,123,126,122,131,116,119,117,133],"product_tag":[],"class_list":{"0":"post-6811","1":"product","2":"type-product","3":"status-publish","4":"has-post-thumbnail","6":"product_cat-prezenty-konfirmacyjne","7":"product_cat-prezenty-na-chrzciny","8":"product_cat-prezenty-dla-domu","9":"product_cat-prezenty-dla-dzieci","10":"product_cat-prezenty-dla-niej","11":"product_cat-prezenty-na-i-komunie-swieta","12":"product_cat-prezenty-dla-malych-dzieci","13":"product_cat-prezenty-i-wystroj-domu","14":"product_cat-prezenty-swiateczne","15":"product_cat-prezenty-urodzinowe","16":"product_cat-prezenty-walentynkowe","18":"first","19":"instock","20":"shipping-taxable","21":"purchasable","22":"product-type-variable"},"acf":[],"yoast_head":"<!-- This site is optimized with the Yoast SEO plugin v27.4 - https:\/\/yoast.com\/product\/yoast-seo-wordpress\/ -->\n<title>Spersonalizowane du\u017ce, pi\u0119kne drewniane pude\u0142ko do przechowywania z r\u0119cznie malowanym anio\u0142em - GK_FineArt<\/title>\n<meta name=\"robots\" content=\"index, follow, max-snippet:-1, max-image-preview:large, max-video-preview:-1\" \/>\n<link rel=\"canonical\" href=\"https:\/\/gkfineartlovers.com\/pl\/sklep-pl\/spersonalizowana-duza-piekna-drewniana-pudelko-przechowalnicze-z-recznie-malowanym-aniolem\/\" \/>\n<meta property=\"og:locale\" content=\"pl_PL\" \/>\n<meta property=\"og:type\" content=\"article\" \/>\n<meta property=\"og:title\" content=\"Spersonalizowane du\u017ce, pi\u0119kne drewniane pude\u0142ko do przechowywania z r\u0119cznie malowanym anio\u0142em - GK_FineArt\" \/>\n<meta property=\"og:description\" content=\"Pi\u0119kne pude\u0142ko z r\u0119cznie malowanymi anio\u0142ami z przodu &#8211; 6 r\u00f3\u017cnych opcji do wyboru Pude\u0142ko do przechowywania z pokrywk\u0105 &#8211; wykonane z drewna &#8211; idealne do przechowywania wszelkiego rodzaju pami\u0105tek, przedmiot\u00f3w rzemie\u015blniczych i bi\u017cuterii. Ma\u0142y: 25 cm x 20 cm x 10 cm, metalowe zapi\u0119cie Medium: 30 x 22 x 13 cm Du\u017cy: 35 x [&hellip;]\" \/>\n<meta property=\"og:url\" content=\"https:\/\/gkfineartlovers.com\/pl\/sklep-pl\/spersonalizowana-duza-piekna-drewniana-pudelko-przechowalnicze-z-recznie-malowanym-aniolem\/\" \/>\n<meta property=\"og:site_name\" content=\"GK_FineArt\" \/>\n<meta property=\"og:image\" content=\"https:\/\/gkfineartlovers.com\/wp-content\/uploads\/2023\/09\/371791296_1511918046288498_708752063901011027_n.jpg\" \/>\n\t<meta property=\"og:image:width\" content=\"2048\" \/>\n\t<meta property=\"og:image:height\" content=\"1536\" \/>\n\t<meta property=\"og:image:type\" content=\"image\/jpeg\" \/>\n<meta name=\"twitter:card\" content=\"summary_large_image\" \/>\n<script type=\"application\/ld+json\" class=\"yoast-schema-graph\">{\"@context\":\"https:\\\/\\\/schema.org\",\"@graph\":[{\"@type\":\"WebPage\",\"@id\":\"https:\\\/\\\/gkfineartlovers.com\\\/pl\\\/sklep-pl\\\/spersonalizowana-duza-piekna-drewniana-pudelko-przechowalnicze-z-recznie-malowanym-aniolem\\\/\",\"url\":\"https:\\\/\\\/gkfineartlovers.com\\\/pl\\\/sklep-pl\\\/spersonalizowana-duza-piekna-drewniana-pudelko-przechowalnicze-z-recznie-malowanym-aniolem\\\/\",\"name\":\"Spersonalizowane du\u017ce, pi\u0119kne drewniane pude\u0142ko do przechowywania z r\u0119cznie malowanym anio\u0142em - GK_FineArt\",\"isPartOf\":{\"@id\":\"https:\\\/\\\/gkfineartlovers.com\\\/pl\\\/#website\"},\"primaryImageOfPage\":{\"@id\":\"https:\\\/\\\/gkfineartlovers.com\\\/pl\\\/sklep-pl\\\/spersonalizowana-duza-piekna-drewniana-pudelko-przechowalnicze-z-recznie-malowanym-aniolem\\\/#primaryimage\"},\"image\":{\"@id\":\"https:\\\/\\\/gkfineartlovers.com\\\/pl\\\/sklep-pl\\\/spersonalizowana-duza-piekna-drewniana-pudelko-przechowalnicze-z-recznie-malowanym-aniolem\\\/#primaryimage\"},\"thumbnailUrl\":\"https:\\\/\\\/gkfineartlovers.com\\\/wp-content\\\/uploads\\\/2023\\\/09\\\/371791296_1511918046288498_708752063901011027_n.jpg\",\"datePublished\":\"2023-09-01T20:23:34+00:00\",\"breadcrumb\":{\"@id\":\"https:\\\/\\\/gkfineartlovers.com\\\/pl\\\/sklep-pl\\\/spersonalizowana-duza-piekna-drewniana-pudelko-przechowalnicze-z-recznie-malowanym-aniolem\\\/#breadcrumb\"},\"inLanguage\":\"pl-PL\",\"potentialAction\":[{\"@type\":\"ReadAction\",\"target\":[\"https:\\\/\\\/gkfineartlovers.com\\\/pl\\\/sklep-pl\\\/spersonalizowana-duza-piekna-drewniana-pudelko-przechowalnicze-z-recznie-malowanym-aniolem\\\/\"]}]},{\"@type\":\"ImageObject\",\"inLanguage\":\"pl-PL\",\"@id\":\"https:\\\/\\\/gkfineartlovers.com\\\/pl\\\/sklep-pl\\\/spersonalizowana-duza-piekna-drewniana-pudelko-przechowalnicze-z-recznie-malowanym-aniolem\\\/#primaryimage\",\"url\":\"https:\\\/\\\/gkfineartlovers.com\\\/wp-content\\\/uploads\\\/2023\\\/09\\\/371791296_1511918046288498_708752063901011027_n.jpg\",\"contentUrl\":\"https:\\\/\\\/gkfineartlovers.com\\\/wp-content\\\/uploads\\\/2023\\\/09\\\/371791296_1511918046288498_708752063901011027_n.jpg\",\"width\":2048,\"height\":1536},{\"@type\":\"BreadcrumbList\",\"@id\":\"https:\\\/\\\/gkfineartlovers.com\\\/pl\\\/sklep-pl\\\/spersonalizowana-duza-piekna-drewniana-pudelko-przechowalnicze-z-recznie-malowanym-aniolem\\\/#breadcrumb\",\"itemListElement\":[{\"@type\":\"ListItem\",\"position\":1,\"name\":\"Strona g\u0142\u00f3wna\",\"item\":\"https:\\\/\\\/gkfineartlovers.com\\\/pl\\\/strona-glowna\\\/\"},{\"@type\":\"ListItem\",\"position\":2,\"name\":\"Shop\",\"item\":\"https:\\\/\\\/gkfineartlovers.com\\\/shop\\\/\"},{\"@type\":\"ListItem\",\"position\":3,\"name\":\"Spersonalizowane du\u017ce, pi\u0119kne drewniane pude\u0142ko do przechowywania z r\u0119cznie malowanym anio\u0142em\"}]},{\"@type\":\"WebSite\",\"@id\":\"https:\\\/\\\/gkfineartlovers.com\\\/pl\\\/#website\",\"url\":\"https:\\\/\\\/gkfineartlovers.com\\\/pl\\\/\",\"name\":\"GK_FineArt\",\"description\":\"Gk_FineArt is independent artist working from home studio in Bromsgrove, continuously developing artistic learning through paint play and media experimentation. Gk_FineArt also makes beautiful and sentimental gift and home decoration.\",\"potentialAction\":[{\"@type\":\"SearchAction\",\"target\":{\"@type\":\"EntryPoint\",\"urlTemplate\":\"https:\\\/\\\/gkfineartlovers.com\\\/pl\\\/?s={search_term_string}\"},\"query-input\":{\"@type\":\"PropertyValueSpecification\",\"valueRequired\":true,\"valueName\":\"search_term_string\"}}],\"inLanguage\":\"pl-PL\"}]}<\/script>\n<!-- \/ Yoast SEO plugin. -->","yoast_head_json":{"title":"Spersonalizowane du\u017ce, pi\u0119kne drewniane pude\u0142ko do przechowywania z r\u0119cznie malowanym anio\u0142em - GK_FineArt","robots":{"index":"index","follow":"follow","max-snippet":"max-snippet:-1","max-image-preview":"max-image-preview:large","max-video-preview":"max-video-preview:-1"},"canonical":"https:\/\/gkfineartlovers.com\/pl\/sklep-pl\/spersonalizowana-duza-piekna-drewniana-pudelko-przechowalnicze-z-recznie-malowanym-aniolem\/","og_locale":"pl_PL","og_type":"article","og_title":"Spersonalizowane du\u017ce, pi\u0119kne drewniane pude\u0142ko do przechowywania z r\u0119cznie malowanym anio\u0142em - GK_FineArt","og_description":"Pi\u0119kne pude\u0142ko z r\u0119cznie malowanymi anio\u0142ami z przodu &#8211; 6 r\u00f3\u017cnych opcji do wyboru Pude\u0142ko do przechowywania z pokrywk\u0105 &#8211; wykonane z drewna &#8211; idealne do przechowywania wszelkiego rodzaju pami\u0105tek, przedmiot\u00f3w rzemie\u015blniczych i bi\u017cuterii. Ma\u0142y: 25 cm x 20 cm x 10 cm, metalowe zapi\u0119cie Medium: 30 x 22 x 13 cm Du\u017cy: 35 x [&hellip;]","og_url":"https:\/\/gkfineartlovers.com\/pl\/sklep-pl\/spersonalizowana-duza-piekna-drewniana-pudelko-przechowalnicze-z-recznie-malowanym-aniolem\/","og_site_name":"GK_FineArt","og_image":[{"width":2048,"height":1536,"url":"https:\/\/gkfineartlovers.com\/wp-content\/uploads\/2023\/09\/371791296_1511918046288498_708752063901011027_n.jpg","type":"image\/jpeg"}],"twitter_card":"summary_large_image","schema":{"@context":"https:\/\/schema.org","@graph":[{"@type":"WebPage","@id":"https:\/\/gkfineartlovers.com\/pl\/sklep-pl\/spersonalizowana-duza-piekna-drewniana-pudelko-przechowalnicze-z-recznie-malowanym-aniolem\/","url":"https:\/\/gkfineartlovers.com\/pl\/sklep-pl\/spersonalizowana-duza-piekna-drewniana-pudelko-przechowalnicze-z-recznie-malowanym-aniolem\/","name":"Spersonalizowane du\u017ce, pi\u0119kne drewniane pude\u0142ko do przechowywania z r\u0119cznie malowanym anio\u0142em - GK_FineArt","isPartOf":{"@id":"https:\/\/gkfineartlovers.com\/pl\/#website"},"primaryImageOfPage":{"@id":"https:\/\/gkfineartlovers.com\/pl\/sklep-pl\/spersonalizowana-duza-piekna-drewniana-pudelko-przechowalnicze-z-recznie-malowanym-aniolem\/#primaryimage"},"image":{"@id":"https:\/\/gkfineartlovers.com\/pl\/sklep-pl\/spersonalizowana-duza-piekna-drewniana-pudelko-przechowalnicze-z-recznie-malowanym-aniolem\/#primaryimage"},"thumbnailUrl":"https:\/\/gkfineartlovers.com\/wp-content\/uploads\/2023\/09\/371791296_1511918046288498_708752063901011027_n.jpg","datePublished":"2023-09-01T20:23:34+00:00","breadcrumb":{"@id":"https:\/\/gkfineartlovers.com\/pl\/sklep-pl\/spersonalizowana-duza-piekna-drewniana-pudelko-przechowalnicze-z-recznie-malowanym-aniolem\/#breadcrumb"},"inLanguage":"pl-PL","potentialAction":[{"@type":"ReadAction","target":["https:\/\/gkfineartlovers.com\/pl\/sklep-pl\/spersonalizowana-duza-piekna-drewniana-pudelko-przechowalnicze-z-recznie-malowanym-aniolem\/"]}]},{"@type":"ImageObject","inLanguage":"pl-PL","@id":"https:\/\/gkfineartlovers.com\/pl\/sklep-pl\/spersonalizowana-duza-piekna-drewniana-pudelko-przechowalnicze-z-recznie-malowanym-aniolem\/#primaryimage","url":"https:\/\/gkfineartlovers.com\/wp-content\/uploads\/2023\/09\/371791296_1511918046288498_708752063901011027_n.jpg","contentUrl":"https:\/\/gkfineartlovers.com\/wp-content\/uploads\/2023\/09\/371791296_1511918046288498_708752063901011027_n.jpg","width":2048,"height":1536},{"@type":"BreadcrumbList","@id":"https:\/\/gkfineartlovers.com\/pl\/sklep-pl\/spersonalizowana-duza-piekna-drewniana-pudelko-przechowalnicze-z-recznie-malowanym-aniolem\/#breadcrumb","itemListElement":[{"@type":"ListItem","position":1,"name":"Strona g\u0142\u00f3wna","item":"https:\/\/gkfineartlovers.com\/pl\/strona-glowna\/"},{"@type":"ListItem","position":2,"name":"Shop","item":"https:\/\/gkfineartlovers.com\/shop\/"},{"@type":"ListItem","position":3,"name":"Spersonalizowane du\u017ce, pi\u0119kne drewniane pude\u0142ko do przechowywania z r\u0119cznie malowanym anio\u0142em"}]},{"@type":"WebSite","@id":"https:\/\/gkfineartlovers.com\/pl\/#website","url":"https:\/\/gkfineartlovers.com\/pl\/","name":"GK_FineArt","description":"Gk_FineArt is independent artist working from home studio in Bromsgrove, continuously developing artistic learning through paint play and media experimentation. Gk_FineArt also makes beautiful and sentimental gift and home decoration.","potentialAction":[{"@type":"SearchAction","target":{"@type":"EntryPoint","urlTemplate":"https:\/\/gkfineartlovers.com\/pl\/?s={search_term_string}"},"query-input":{"@type":"PropertyValueSpecification","valueRequired":true,"valueName":"search_term_string"}}],"inLanguage":"pl-PL"}]}},"_links":{"self":[{"href":"https:\/\/gkfineartlovers.com\/pl\/wp-json\/wp\/v2\/product\/6811","targetHints":{"allow":["GET"]}}],"collection":[{"href":"https:\/\/gkfineartlovers.com\/pl\/wp-json\/wp\/v2\/product"}],"about":[{"href":"https:\/\/gkfineartlovers.com\/pl\/wp-json\/wp\/v2\/types\/product"}],"replies":[{"embeddable":true,"href":"https:\/\/gkfineartlovers.com\/pl\/wp-json\/wp\/v2\/comments?post=6811"}],"wp:featuredmedia":[{"embeddable":true,"href":"https:\/\/gkfineartlovers.com\/pl\/wp-json\/wp\/v2\/media\/4973"}],"wp:attachment":[{"href":"https:\/\/gkfineartlovers.com\/pl\/wp-json\/wp\/v2\/media?parent=6811"}],"wp:term":[{"taxonomy":"product_brand","embeddable":true,"href":"https:\/\/gkfineartlovers.com\/pl\/wp-json\/wp\/v2\/product_brand?post=6811"},{"taxonomy":"product_cat","embeddable":true,"href":"https:\/\/gkfineartlovers.com\/pl\/wp-json\/wp\/v2\/product_cat?post=6811"},{"taxonomy":"product_tag","embeddable":true,"href":"https:\/\/gkfineartlovers.com\/pl\/wp-json\/wp\/v2\/product_tag?post=6811"}],"curies":[{"name":"wp","href":"https:\/\/api.w.org\/{rel}","templated":true}]}}