{"id":6603,"date":"2023-09-27T20:51:47","date_gmt":"2023-09-27T19:51:47","guid":{"rendered":"https:\/\/gkfineartlovers.com\/?post_type=product&#038;p=6603"},"modified":"2023-11-17T10:50:46","modified_gmt":"2023-11-17T10:50:46","slug":"zestaw-swieczek-dekoracyjnych-bez","status":"publish","type":"product","link":"https:\/\/gkfineartlovers.com\/pl\/sklep-pl\/zestaw-swieczek-dekoracyjnych-bez\/","title":{"rendered":"Zestaw \u015bwieczek dekoracyjnych Bez"},"content":{"rendered":"<p>\ud83c\udf3fElegancki pomys\u0142 na prezent<\/p>\n<p>\ud83c\udf3fZestaw \u015bwiec dekoracyjnych z motywem Bez<\/p>\n<p>\ud83c\udf3f\u015awiece bezzapachowe woskowe: du\u017ca 16 i ma\u0142a 10 cm wysoko\u015bci<\/p>\n<p>\ud83c\udf3fZapakowane w foli\u0119, przewi\u0105zane wst\u0105\u017ck\u0105.<\/p>\n<p>\ud83c\udf3f\u015awiece certyfikowane jako bezpieczne w u\u017cytku domowym<\/p>\n<p>\ud83c\udf3fNa \u017cyczenie do\u0142\u0105cz\u0119 personalizowan\u0105 wiadomo\u015b\u0107 dowolnej tre\u015bci<\/p>\n<p>\ud83c\udf3fWykonuj\u0119 zam\u00f3wienia indywidualne &#8211; napisz je\u015bli interesuj\u0119 Ci\u0119 jaki\u015b motyw z mojego sklepu &#8211; a nie ma go w ofercie<\/p>\n<p>\ud83c\udf3fZajmuj\u0119 si\u0119 r\u00f3wnie\u017c malowaniem &#8211; na drewnianych pude\u0142kach, tacach, ramkach, \u015bwiecach, zak\u0142adkach itp.<\/p>\n<p>\ud83c\udf3fJe\u015bli interesuj\u0119 Ci\u0119 wysy\u0142ka do innego kraju ni\u017c Wielka Brytania- napisz do mnie &#8211; om\u00f3wimy koszty kuriera:)- wysy\u0142am do wszystkich kraj\u00f3w \ud83d\ude42<\/p>\n","protected":false},"excerpt":{"rendered":"<p>\ud83c\udf3fElegancki pomys\u0142 na prezent \ud83c\udf3fZestaw \u015bwiec dekoracyjnych z motywem Bez \ud83c\udf3f\u015awiece bezzapachowe woskowe: du\u017ca 16 i ma\u0142a 10 cm wysoko\u015bci \ud83c\udf3fZapakowane w foli\u0119, przewi\u0105zane wst\u0105\u017ck\u0105. \ud83c\udf3f\u015awiece certyfikowane jako bezpieczne w u\u017cytku domowym \ud83c\udf3fNa \u017cyczenie do\u0142\u0105cz\u0119 personalizowan\u0105 wiadomo\u015b\u0107 dowolnej tre\u015bci \ud83c\udf3fWykonuj\u0119 zam\u00f3wienia indywidualne &#8211; napisz je\u015bli interesuj\u0119 Ci\u0119 jaki\u015b motyw z mojego sklepu &#8211; a nie [&hellip;]<\/p>\n","protected":false},"featured_media":5460,"comment_status":"closed","ping_status":"closed","template":"","meta":{"_acf_changed":false},"product_brand":[],"product_cat":[128,125,129,126,124,130,116,134,117,133],"product_tag":[],"class_list":{"0":"post-6603","1":"product","2":"type-product","3":"status-publish","4":"has-post-thumbnail","6":"product_cat-prezenty-dla-domu","7":"product_cat-prezenty-dla-dziadkow","8":"product_cat-prezenty-dla-nauczycieli","9":"product_cat-prezenty-dla-niej","10":"product_cat-prezenty-dla-par","11":"product_cat-prezenty-na-dzien-matki","12":"product_cat-prezenty-i-wystroj-domu","13":"product_cat-prezenty-slubne","14":"product_cat-prezenty-urodzinowe","15":"product_cat-prezenty-walentynkowe","17":"first","18":"instock","19":"shipping-taxable","20":"purchasable","21":"product-type-variable","22":"has-default-attributes"},"acf":[],"yoast_head":"<!-- This site is optimized with the Yoast SEO plugin v27.4 - https:\/\/yoast.com\/product\/yoast-seo-wordpress\/ -->\n<title>Zestaw \u015bwieczek dekoracyjnych Bez - GK_FineArt<\/title>\n<meta name=\"robots\" content=\"index, follow, max-snippet:-1, max-image-preview:large, max-video-preview:-1\" \/>\n<link rel=\"canonical\" href=\"https:\/\/gkfineartlovers.com\/pl\/sklep-pl\/zestaw-swieczek-dekoracyjnych-bez\/\" \/>\n<meta property=\"og:locale\" content=\"pl_PL\" \/>\n<meta property=\"og:type\" content=\"article\" \/>\n<meta property=\"og:title\" content=\"Zestaw \u015bwieczek dekoracyjnych Bez - GK_FineArt\" \/>\n<meta property=\"og:description\" content=\"\ud83c\udf3fElegancki pomys\u0142 na prezent \ud83c\udf3fZestaw \u015bwiec dekoracyjnych z motywem Bez \ud83c\udf3f\u015awiece bezzapachowe woskowe: du\u017ca 16 i ma\u0142a 10 cm wysoko\u015bci \ud83c\udf3fZapakowane w foli\u0119, przewi\u0105zane wst\u0105\u017ck\u0105. \ud83c\udf3f\u015awiece certyfikowane jako bezpieczne w u\u017cytku domowym \ud83c\udf3fNa \u017cyczenie do\u0142\u0105cz\u0119 personalizowan\u0105 wiadomo\u015b\u0107 dowolnej tre\u015bci \ud83c\udf3fWykonuj\u0119 zam\u00f3wienia indywidualne &#8211; napisz je\u015bli interesuj\u0119 Ci\u0119 jaki\u015b motyw z mojego sklepu &#8211; a nie [&hellip;]\" \/>\n<meta property=\"og:url\" content=\"https:\/\/gkfineartlovers.com\/pl\/sklep-pl\/zestaw-swieczek-dekoracyjnych-bez\/\" \/>\n<meta property=\"og:site_name\" content=\"GK_FineArt\" \/>\n<meta property=\"article:modified_time\" content=\"2023-11-17T10:50:46+00:00\" \/>\n<meta property=\"og:image\" content=\"https:\/\/gkfineartlovers.com\/wp-content\/uploads\/2023\/09\/380390840_307002668590855_2896053568960066623_n.jpg\" \/>\n\t<meta property=\"og:image:width\" content=\"1747\" \/>\n\t<meta property=\"og:image:height\" content=\"1473\" \/>\n\t<meta property=\"og:image:type\" content=\"image\/jpeg\" \/>\n<meta name=\"twitter:card\" content=\"summary_large_image\" \/>\n<script type=\"application\/ld+json\" class=\"yoast-schema-graph\">{\"@context\":\"https:\\\/\\\/schema.org\",\"@graph\":[{\"@type\":\"WebPage\",\"@id\":\"https:\\\/\\\/gkfineartlovers.com\\\/pl\\\/sklep-pl\\\/zestaw-swieczek-dekoracyjnych-bez\\\/\",\"url\":\"https:\\\/\\\/gkfineartlovers.com\\\/pl\\\/sklep-pl\\\/zestaw-swieczek-dekoracyjnych-bez\\\/\",\"name\":\"Zestaw \u015bwieczek dekoracyjnych Bez - GK_FineArt\",\"isPartOf\":{\"@id\":\"https:\\\/\\\/gkfineartlovers.com\\\/pl\\\/#website\"},\"primaryImageOfPage\":{\"@id\":\"https:\\\/\\\/gkfineartlovers.com\\\/pl\\\/sklep-pl\\\/zestaw-swieczek-dekoracyjnych-bez\\\/#primaryimage\"},\"image\":{\"@id\":\"https:\\\/\\\/gkfineartlovers.com\\\/pl\\\/sklep-pl\\\/zestaw-swieczek-dekoracyjnych-bez\\\/#primaryimage\"},\"thumbnailUrl\":\"https:\\\/\\\/gkfineartlovers.com\\\/wp-content\\\/uploads\\\/2023\\\/09\\\/380390840_307002668590855_2896053568960066623_n.jpg\",\"datePublished\":\"2023-09-27T19:51:47+00:00\",\"dateModified\":\"2023-11-17T10:50:46+00:00\",\"breadcrumb\":{\"@id\":\"https:\\\/\\\/gkfineartlovers.com\\\/pl\\\/sklep-pl\\\/zestaw-swieczek-dekoracyjnych-bez\\\/#breadcrumb\"},\"inLanguage\":\"pl-PL\",\"potentialAction\":[{\"@type\":\"ReadAction\",\"target\":[\"https:\\\/\\\/gkfineartlovers.com\\\/pl\\\/sklep-pl\\\/zestaw-swieczek-dekoracyjnych-bez\\\/\"]}]},{\"@type\":\"ImageObject\",\"inLanguage\":\"pl-PL\",\"@id\":\"https:\\\/\\\/gkfineartlovers.com\\\/pl\\\/sklep-pl\\\/zestaw-swieczek-dekoracyjnych-bez\\\/#primaryimage\",\"url\":\"https:\\\/\\\/gkfineartlovers.com\\\/wp-content\\\/uploads\\\/2023\\\/09\\\/380390840_307002668590855_2896053568960066623_n.jpg\",\"contentUrl\":\"https:\\\/\\\/gkfineartlovers.com\\\/wp-content\\\/uploads\\\/2023\\\/09\\\/380390840_307002668590855_2896053568960066623_n.jpg\",\"width\":1747,\"height\":1473},{\"@type\":\"BreadcrumbList\",\"@id\":\"https:\\\/\\\/gkfineartlovers.com\\\/pl\\\/sklep-pl\\\/zestaw-swieczek-dekoracyjnych-bez\\\/#breadcrumb\",\"itemListElement\":[{\"@type\":\"ListItem\",\"position\":1,\"name\":\"Strona g\u0142\u00f3wna\",\"item\":\"https:\\\/\\\/gkfineartlovers.com\\\/pl\\\/strona-glowna\\\/\"},{\"@type\":\"ListItem\",\"position\":2,\"name\":\"Shop\",\"item\":\"https:\\\/\\\/gkfineartlovers.com\\\/shop\\\/\"},{\"@type\":\"ListItem\",\"position\":3,\"name\":\"Zestaw \u015bwieczek dekoracyjnych Bez\"}]},{\"@type\":\"WebSite\",\"@id\":\"https:\\\/\\\/gkfineartlovers.com\\\/pl\\\/#website\",\"url\":\"https:\\\/\\\/gkfineartlovers.com\\\/pl\\\/\",\"name\":\"GK_FineArt\",\"description\":\"Gk_FineArt is independent artist working from home studio in Bromsgrove, continuously developing artistic learning through paint play and media experimentation. Gk_FineArt also makes beautiful and sentimental gift and home decoration.\",\"potentialAction\":[{\"@type\":\"SearchAction\",\"target\":{\"@type\":\"EntryPoint\",\"urlTemplate\":\"https:\\\/\\\/gkfineartlovers.com\\\/pl\\\/?s={search_term_string}\"},\"query-input\":{\"@type\":\"PropertyValueSpecification\",\"valueRequired\":true,\"valueName\":\"search_term_string\"}}],\"inLanguage\":\"pl-PL\"}]}<\/script>\n<!-- \/ Yoast SEO plugin. -->","yoast_head_json":{"title":"Zestaw \u015bwieczek dekoracyjnych Bez - GK_FineArt","robots":{"index":"index","follow":"follow","max-snippet":"max-snippet:-1","max-image-preview":"max-image-preview:large","max-video-preview":"max-video-preview:-1"},"canonical":"https:\/\/gkfineartlovers.com\/pl\/sklep-pl\/zestaw-swieczek-dekoracyjnych-bez\/","og_locale":"pl_PL","og_type":"article","og_title":"Zestaw \u015bwieczek dekoracyjnych Bez - GK_FineArt","og_description":"\ud83c\udf3fElegancki pomys\u0142 na prezent \ud83c\udf3fZestaw \u015bwiec dekoracyjnych z motywem Bez \ud83c\udf3f\u015awiece bezzapachowe woskowe: du\u017ca 16 i ma\u0142a 10 cm wysoko\u015bci \ud83c\udf3fZapakowane w foli\u0119, przewi\u0105zane wst\u0105\u017ck\u0105. \ud83c\udf3f\u015awiece certyfikowane jako bezpieczne w u\u017cytku domowym \ud83c\udf3fNa \u017cyczenie do\u0142\u0105cz\u0119 personalizowan\u0105 wiadomo\u015b\u0107 dowolnej tre\u015bci \ud83c\udf3fWykonuj\u0119 zam\u00f3wienia indywidualne &#8211; napisz je\u015bli interesuj\u0119 Ci\u0119 jaki\u015b motyw z mojego sklepu &#8211; a nie [&hellip;]","og_url":"https:\/\/gkfineartlovers.com\/pl\/sklep-pl\/zestaw-swieczek-dekoracyjnych-bez\/","og_site_name":"GK_FineArt","article_modified_time":"2023-11-17T10:50:46+00:00","og_image":[{"width":1747,"height":1473,"url":"https:\/\/gkfineartlovers.com\/wp-content\/uploads\/2023\/09\/380390840_307002668590855_2896053568960066623_n.jpg","type":"image\/jpeg"}],"twitter_card":"summary_large_image","schema":{"@context":"https:\/\/schema.org","@graph":[{"@type":"WebPage","@id":"https:\/\/gkfineartlovers.com\/pl\/sklep-pl\/zestaw-swieczek-dekoracyjnych-bez\/","url":"https:\/\/gkfineartlovers.com\/pl\/sklep-pl\/zestaw-swieczek-dekoracyjnych-bez\/","name":"Zestaw \u015bwieczek dekoracyjnych Bez - GK_FineArt","isPartOf":{"@id":"https:\/\/gkfineartlovers.com\/pl\/#website"},"primaryImageOfPage":{"@id":"https:\/\/gkfineartlovers.com\/pl\/sklep-pl\/zestaw-swieczek-dekoracyjnych-bez\/#primaryimage"},"image":{"@id":"https:\/\/gkfineartlovers.com\/pl\/sklep-pl\/zestaw-swieczek-dekoracyjnych-bez\/#primaryimage"},"thumbnailUrl":"https:\/\/gkfineartlovers.com\/wp-content\/uploads\/2023\/09\/380390840_307002668590855_2896053568960066623_n.jpg","datePublished":"2023-09-27T19:51:47+00:00","dateModified":"2023-11-17T10:50:46+00:00","breadcrumb":{"@id":"https:\/\/gkfineartlovers.com\/pl\/sklep-pl\/zestaw-swieczek-dekoracyjnych-bez\/#breadcrumb"},"inLanguage":"pl-PL","potentialAction":[{"@type":"ReadAction","target":["https:\/\/gkfineartlovers.com\/pl\/sklep-pl\/zestaw-swieczek-dekoracyjnych-bez\/"]}]},{"@type":"ImageObject","inLanguage":"pl-PL","@id":"https:\/\/gkfineartlovers.com\/pl\/sklep-pl\/zestaw-swieczek-dekoracyjnych-bez\/#primaryimage","url":"https:\/\/gkfineartlovers.com\/wp-content\/uploads\/2023\/09\/380390840_307002668590855_2896053568960066623_n.jpg","contentUrl":"https:\/\/gkfineartlovers.com\/wp-content\/uploads\/2023\/09\/380390840_307002668590855_2896053568960066623_n.jpg","width":1747,"height":1473},{"@type":"BreadcrumbList","@id":"https:\/\/gkfineartlovers.com\/pl\/sklep-pl\/zestaw-swieczek-dekoracyjnych-bez\/#breadcrumb","itemListElement":[{"@type":"ListItem","position":1,"name":"Strona g\u0142\u00f3wna","item":"https:\/\/gkfineartlovers.com\/pl\/strona-glowna\/"},{"@type":"ListItem","position":2,"name":"Shop","item":"https:\/\/gkfineartlovers.com\/shop\/"},{"@type":"ListItem","position":3,"name":"Zestaw \u015bwieczek dekoracyjnych Bez"}]},{"@type":"WebSite","@id":"https:\/\/gkfineartlovers.com\/pl\/#website","url":"https:\/\/gkfineartlovers.com\/pl\/","name":"GK_FineArt","description":"Gk_FineArt is independent artist working from home studio in Bromsgrove, continuously developing artistic learning through paint play and media experimentation. Gk_FineArt also makes beautiful and sentimental gift and home decoration.","potentialAction":[{"@type":"SearchAction","target":{"@type":"EntryPoint","urlTemplate":"https:\/\/gkfineartlovers.com\/pl\/?s={search_term_string}"},"query-input":{"@type":"PropertyValueSpecification","valueRequired":true,"valueName":"search_term_string"}}],"inLanguage":"pl-PL"}]}},"_links":{"self":[{"href":"https:\/\/gkfineartlovers.com\/pl\/wp-json\/wp\/v2\/product\/6603","targetHints":{"allow":["GET"]}}],"collection":[{"href":"https:\/\/gkfineartlovers.com\/pl\/wp-json\/wp\/v2\/product"}],"about":[{"href":"https:\/\/gkfineartlovers.com\/pl\/wp-json\/wp\/v2\/types\/product"}],"replies":[{"embeddable":true,"href":"https:\/\/gkfineartlovers.com\/pl\/wp-json\/wp\/v2\/comments?post=6603"}],"wp:featuredmedia":[{"embeddable":true,"href":"https:\/\/gkfineartlovers.com\/pl\/wp-json\/wp\/v2\/media\/5460"}],"wp:attachment":[{"href":"https:\/\/gkfineartlovers.com\/pl\/wp-json\/wp\/v2\/media?parent=6603"}],"wp:term":[{"taxonomy":"product_brand","embeddable":true,"href":"https:\/\/gkfineartlovers.com\/pl\/wp-json\/wp\/v2\/product_brand?post=6603"},{"taxonomy":"product_cat","embeddable":true,"href":"https:\/\/gkfineartlovers.com\/pl\/wp-json\/wp\/v2\/product_cat?post=6603"},{"taxonomy":"product_tag","embeddable":true,"href":"https:\/\/gkfineartlovers.com\/pl\/wp-json\/wp\/v2\/product_tag?post=6603"}],"curies":[{"name":"wp","href":"https:\/\/api.w.org\/{rel}","templated":true}]}}