{"id":6478,"date":"2023-05-12T09:06:49","date_gmt":"2023-05-12T08:06:49","guid":{"rendered":"https:\/\/gkfineartlovers.com\/?post_type=product&#038;p=6478"},"modified":"2023-10-15T21:17:15","modified_gmt":"2023-10-15T20:17:15","slug":"oryginalny-obraz-z-tekstura-afrykanska-kobieta-na-zamowienie-w-kazdym-rozmiarze-6","status":"publish","type":"product","link":"https:\/\/gkfineartlovers.com\/pl\/sklep-pl\/oryginalny-obraz-z-tekstura-afrykanska-kobieta-na-zamowienie-w-kazdym-rozmiarze-6\/","title":{"rendered":"Oryginalny obraz z tekstur\u0105 'Afryka\u0144ska kobieta &#8211; na zam\u00f3wienie w ka\u017cdym rozmiarze"},"content":{"rendered":"<p>\ud83c\udf3fTytu\u0142: \u201eAfryka\u0144ska kobieta\u201d<\/p>\n<p>\ud83c\udf3fMedium: Farby akrylowe\/olejne<\/p>\n<p>\ud83c\udf3fObraz malowany na p\u0142\u00f3tnie naci\u0105gni\u0119tym na krosna o grubo\u015bci 2cm, gotowy do zawieszenia. Boki pozostaj\u0105 bia\u0142e- je\u015bli chcesz by by\u0142y pomalowane- powiadom mnie o tym.<\/p>\n<p>\ud83c\udf3fPraca wyko\u0144czona jest delikatnie b\u0142yszcz\u0105cym werniksem, dzi\u0119ki czemu zosta\u0142a zabezpieczona przed s\u0142o\u0144cem i kurzem. Zdj\u0119cia obrazu zosta\u0142y wykonane przed na\u0142o\u017ceniem werniksu.<\/p>\n<p>\ud83c\udf3fObraz zapakowany jest w prze\u017aroczyst\u0105 foli\u0119. <\/p>\n<p>\ud83c\udf3fObraz jest podpisany z przodu. <\/p>\n<p>\ud83c\udf3fDo ka\u017cdego obrazu do\u0142\u0105czany jest certyfikat autentyczno\u015bci obrazu z podpisem autora.<\/p>\n<p>\ud83c\udf3fOryginalny obraz ze zdj\u0119\u0107 zosta\u0142 sprzedany. Na zam\u00f3wienie b\u0119d\u0119 wykonywa\u0107 kopi\u0119. Pami\u0119taj, \u017ce kazdy obraz jet unikatowy i zawsze b\u0119dzie si\u0119 delikatnie r\u00f3\u017cni\u0142. Ja natomiast do\u0142o\u017c\u0119 wszelkich stara\u0144 by obraz wygl\u0105da\u0142 bardzo podobnie lecz nie gwarantuje 100% kopii.<\/p>\n<p>\ud83c\udf3fTen obraz mog\u0119 wykona\u0107 we wszystkich mo\u017cliwych rozmiarach. Je\u015bli nie ma rozmiaru na li\u015bcie, napisz jaki rozmiar Ci\u0119 interesuje i wykonam wycen\u0119. <\/p>\n<p>\ud83c\udf3f Zam\u00f3wienia indywidualne &#8211; je\u015bli jest cos co chcia\u0142by\u015b \u017ceby zosta\u0142o namalowane zg\u0142o\u015b si\u0119 do mnie- maluj\u0119 portrety ludzi, zwierz\u0105t, abstrakcje, krajobrazy, karykatury etc. Prosz\u0119 zerknij do mojego portfolio &#8211; tam znajdziesz informacje;). <\/p>\n<p>\ud83c\udf3f Je\u015bli nie wiesz, jaki obraz wybra\u0107 i o jakiej kolorystyce, to mo\u017cesz mi przes\u0142a\u0107\u00a0zdj\u0119cie pomieszczenia. Dzi\u0119ki temu pomog\u0119 Ci zdecydowa\u0107, jaki obraz najlepiej b\u0119dzie pasowa\u0107 do Twojego mieszkania lub miejsca Twojej pracy. Wykonuj\u0119 r\u00f3wnie\u017c darmow\u0105 wizuacje wn\u0119trza <\/p>\n<p>\ud83c\udf3fJe\u015bli interesuj\u0119 Ci\u0119 wysy\u0142ka do innego kraju ni\u017c Wielka Brytania- napisz do mnie &#8211; om\u00f3wimy koszty kuriera:)- wysy\u0142am do wszystkich kraj\u00f3w \ud83d\ude42<\/p>\n<p>\ud83c\udf3fWA\u017bNE: Wysy\u0142ka ustawiona jest tylko na jedn\u0105 sztuk\u0119- prosz\u0119 o kontakt je\u015bli interesuj\u0119 Ci\u0119 zam\u00f3wienie kilku obraz\u00f3w lub innych produkt\u00f3w z mojego sklepu. <\/p>\n","protected":false},"excerpt":{"rendered":"<p>\ud83c\udf3fTytu\u0142: \u201eAfryka\u0144ska kobieta\u201d \ud83c\udf3fMedium: Farby akrylowe\/olejne \ud83c\udf3fObraz malowany na p\u0142\u00f3tnie naci\u0105gni\u0119tym na krosna o grubo\u015bci 2cm, gotowy do zawieszenia. Boki pozostaj\u0105 bia\u0142e- je\u015bli chcesz by by\u0142y pomalowane- powiadom mnie o tym. \ud83c\udf3fPraca wyko\u0144czona jest delikatnie b\u0142yszcz\u0105cym werniksem, dzi\u0119ki czemu zosta\u0142a zabezpieczona przed s\u0142o\u0144cem i kurzem. Zdj\u0119cia obrazu zosta\u0142y wykonane przed na\u0142o\u017ceniem werniksu. \ud83c\udf3fObraz zapakowany jest [&hellip;]<\/p>\n","protected":false},"featured_media":4138,"comment_status":"closed","ping_status":"closed","template":"","meta":{"_acf_changed":false},"product_brand":[],"product_cat":[135],"product_tag":[],"class_list":{"0":"post-6478","1":"product","2":"type-product","3":"status-publish","4":"has-post-thumbnail","6":"product_cat-oryginalne-obrazy-pl","8":"first","9":"instock","10":"shipping-taxable","11":"purchasable","12":"product-type-variable","13":"has-default-attributes"},"acf":[],"yoast_head":"<!-- This site is optimized with the Yoast SEO plugin v27.4 - https:\/\/yoast.com\/product\/yoast-seo-wordpress\/ -->\n<title>Oryginalny obraz z tekstur\u0105 &#039;Afryka\u0144ska kobieta - na zam\u00f3wienie w ka\u017cdym rozmiarze - GK_FineArt<\/title>\n<meta name=\"robots\" content=\"index, follow, max-snippet:-1, max-image-preview:large, max-video-preview:-1\" \/>\n<link rel=\"canonical\" href=\"https:\/\/gkfineartlovers.com\/pl\/sklep-pl\/oryginalny-obraz-z-tekstura-afrykanska-kobieta-na-zamowienie-w-kazdym-rozmiarze-6\/\" \/>\n<meta property=\"og:locale\" content=\"pl_PL\" \/>\n<meta property=\"og:type\" content=\"article\" \/>\n<meta property=\"og:title\" content=\"Oryginalny obraz z tekstur\u0105 &#039;Afryka\u0144ska kobieta - na zam\u00f3wienie w ka\u017cdym rozmiarze - GK_FineArt\" \/>\n<meta property=\"og:description\" content=\"\ud83c\udf3fTytu\u0142: \u201eAfryka\u0144ska kobieta\u201d \ud83c\udf3fMedium: Farby akrylowe\/olejne \ud83c\udf3fObraz malowany na p\u0142\u00f3tnie naci\u0105gni\u0119tym na krosna o grubo\u015bci 2cm, gotowy do zawieszenia. Boki pozostaj\u0105 bia\u0142e- je\u015bli chcesz by by\u0142y pomalowane- powiadom mnie o tym. \ud83c\udf3fPraca wyko\u0144czona jest delikatnie b\u0142yszcz\u0105cym werniksem, dzi\u0119ki czemu zosta\u0142a zabezpieczona przed s\u0142o\u0144cem i kurzem. Zdj\u0119cia obrazu zosta\u0142y wykonane przed na\u0142o\u017ceniem werniksu. \ud83c\udf3fObraz zapakowany jest [&hellip;]\" \/>\n<meta property=\"og:url\" content=\"https:\/\/gkfineartlovers.com\/pl\/sklep-pl\/oryginalny-obraz-z-tekstura-afrykanska-kobieta-na-zamowienie-w-kazdym-rozmiarze-6\/\" \/>\n<meta property=\"og:site_name\" content=\"GK_FineArt\" \/>\n<meta property=\"article:modified_time\" content=\"2023-10-15T20:17:15+00:00\" \/>\n<meta property=\"og:image\" content=\"https:\/\/gkfineartlovers.com\/wp-content\/uploads\/2023\/05\/glowne-zdjecie.jpg\" \/>\n\t<meta property=\"og:image:width\" content=\"1080\" \/>\n\t<meta property=\"og:image:height\" content=\"955\" \/>\n\t<meta property=\"og:image:type\" content=\"image\/jpeg\" \/>\n<meta name=\"twitter:card\" content=\"summary_large_image\" \/>\n<script type=\"application\/ld+json\" class=\"yoast-schema-graph\">{\"@context\":\"https:\\\/\\\/schema.org\",\"@graph\":[{\"@type\":\"WebPage\",\"@id\":\"https:\\\/\\\/gkfineartlovers.com\\\/pl\\\/sklep-pl\\\/oryginalny-obraz-z-tekstura-afrykanska-kobieta-na-zamowienie-w-kazdym-rozmiarze-6\\\/\",\"url\":\"https:\\\/\\\/gkfineartlovers.com\\\/pl\\\/sklep-pl\\\/oryginalny-obraz-z-tekstura-afrykanska-kobieta-na-zamowienie-w-kazdym-rozmiarze-6\\\/\",\"name\":\"Oryginalny obraz z tekstur\u0105 'Afryka\u0144ska kobieta - na zam\u00f3wienie w ka\u017cdym rozmiarze - GK_FineArt\",\"isPartOf\":{\"@id\":\"https:\\\/\\\/gkfineartlovers.com\\\/pl\\\/#website\"},\"primaryImageOfPage\":{\"@id\":\"https:\\\/\\\/gkfineartlovers.com\\\/pl\\\/sklep-pl\\\/oryginalny-obraz-z-tekstura-afrykanska-kobieta-na-zamowienie-w-kazdym-rozmiarze-6\\\/#primaryimage\"},\"image\":{\"@id\":\"https:\\\/\\\/gkfineartlovers.com\\\/pl\\\/sklep-pl\\\/oryginalny-obraz-z-tekstura-afrykanska-kobieta-na-zamowienie-w-kazdym-rozmiarze-6\\\/#primaryimage\"},\"thumbnailUrl\":\"https:\\\/\\\/gkfineartlovers.com\\\/wp-content\\\/uploads\\\/2023\\\/05\\\/glowne-zdjecie.jpg\",\"datePublished\":\"2023-05-12T08:06:49+00:00\",\"dateModified\":\"2023-10-15T20:17:15+00:00\",\"breadcrumb\":{\"@id\":\"https:\\\/\\\/gkfineartlovers.com\\\/pl\\\/sklep-pl\\\/oryginalny-obraz-z-tekstura-afrykanska-kobieta-na-zamowienie-w-kazdym-rozmiarze-6\\\/#breadcrumb\"},\"inLanguage\":\"pl-PL\",\"potentialAction\":[{\"@type\":\"ReadAction\",\"target\":[\"https:\\\/\\\/gkfineartlovers.com\\\/pl\\\/sklep-pl\\\/oryginalny-obraz-z-tekstura-afrykanska-kobieta-na-zamowienie-w-kazdym-rozmiarze-6\\\/\"]}]},{\"@type\":\"ImageObject\",\"inLanguage\":\"pl-PL\",\"@id\":\"https:\\\/\\\/gkfineartlovers.com\\\/pl\\\/sklep-pl\\\/oryginalny-obraz-z-tekstura-afrykanska-kobieta-na-zamowienie-w-kazdym-rozmiarze-6\\\/#primaryimage\",\"url\":\"https:\\\/\\\/gkfineartlovers.com\\\/wp-content\\\/uploads\\\/2023\\\/05\\\/glowne-zdjecie.jpg\",\"contentUrl\":\"https:\\\/\\\/gkfineartlovers.com\\\/wp-content\\\/uploads\\\/2023\\\/05\\\/glowne-zdjecie.jpg\",\"width\":1080,\"height\":955},{\"@type\":\"BreadcrumbList\",\"@id\":\"https:\\\/\\\/gkfineartlovers.com\\\/pl\\\/sklep-pl\\\/oryginalny-obraz-z-tekstura-afrykanska-kobieta-na-zamowienie-w-kazdym-rozmiarze-6\\\/#breadcrumb\",\"itemListElement\":[{\"@type\":\"ListItem\",\"position\":1,\"name\":\"Strona g\u0142\u00f3wna\",\"item\":\"https:\\\/\\\/gkfineartlovers.com\\\/pl\\\/strona-glowna\\\/\"},{\"@type\":\"ListItem\",\"position\":2,\"name\":\"Shop\",\"item\":\"https:\\\/\\\/gkfineartlovers.com\\\/shop\\\/\"},{\"@type\":\"ListItem\",\"position\":3,\"name\":\"Oryginalny obraz z tekstur\u0105 &#8216;Afryka\u0144ska kobieta &#8211; na zam\u00f3wienie w ka\u017cdym rozmiarze\"}]},{\"@type\":\"WebSite\",\"@id\":\"https:\\\/\\\/gkfineartlovers.com\\\/pl\\\/#website\",\"url\":\"https:\\\/\\\/gkfineartlovers.com\\\/pl\\\/\",\"name\":\"GK_FineArt\",\"description\":\"Gk_FineArt is independent artist working from home studio in Bromsgrove, continuously developing artistic learning through paint play and media experimentation. Gk_FineArt also makes beautiful and sentimental gift and home decoration.\",\"potentialAction\":[{\"@type\":\"SearchAction\",\"target\":{\"@type\":\"EntryPoint\",\"urlTemplate\":\"https:\\\/\\\/gkfineartlovers.com\\\/pl\\\/?s={search_term_string}\"},\"query-input\":{\"@type\":\"PropertyValueSpecification\",\"valueRequired\":true,\"valueName\":\"search_term_string\"}}],\"inLanguage\":\"pl-PL\"}]}<\/script>\n<!-- \/ Yoast SEO plugin. -->","yoast_head_json":{"title":"Oryginalny obraz z tekstur\u0105 'Afryka\u0144ska kobieta - na zam\u00f3wienie w ka\u017cdym rozmiarze - GK_FineArt","robots":{"index":"index","follow":"follow","max-snippet":"max-snippet:-1","max-image-preview":"max-image-preview:large","max-video-preview":"max-video-preview:-1"},"canonical":"https:\/\/gkfineartlovers.com\/pl\/sklep-pl\/oryginalny-obraz-z-tekstura-afrykanska-kobieta-na-zamowienie-w-kazdym-rozmiarze-6\/","og_locale":"pl_PL","og_type":"article","og_title":"Oryginalny obraz z tekstur\u0105 'Afryka\u0144ska kobieta - na zam\u00f3wienie w ka\u017cdym rozmiarze - GK_FineArt","og_description":"\ud83c\udf3fTytu\u0142: \u201eAfryka\u0144ska kobieta\u201d \ud83c\udf3fMedium: Farby akrylowe\/olejne \ud83c\udf3fObraz malowany na p\u0142\u00f3tnie naci\u0105gni\u0119tym na krosna o grubo\u015bci 2cm, gotowy do zawieszenia. Boki pozostaj\u0105 bia\u0142e- je\u015bli chcesz by by\u0142y pomalowane- powiadom mnie o tym. \ud83c\udf3fPraca wyko\u0144czona jest delikatnie b\u0142yszcz\u0105cym werniksem, dzi\u0119ki czemu zosta\u0142a zabezpieczona przed s\u0142o\u0144cem i kurzem. Zdj\u0119cia obrazu zosta\u0142y wykonane przed na\u0142o\u017ceniem werniksu. \ud83c\udf3fObraz zapakowany jest [&hellip;]","og_url":"https:\/\/gkfineartlovers.com\/pl\/sklep-pl\/oryginalny-obraz-z-tekstura-afrykanska-kobieta-na-zamowienie-w-kazdym-rozmiarze-6\/","og_site_name":"GK_FineArt","article_modified_time":"2023-10-15T20:17:15+00:00","og_image":[{"width":1080,"height":955,"url":"https:\/\/gkfineartlovers.com\/wp-content\/uploads\/2023\/05\/glowne-zdjecie.jpg","type":"image\/jpeg"}],"twitter_card":"summary_large_image","schema":{"@context":"https:\/\/schema.org","@graph":[{"@type":"WebPage","@id":"https:\/\/gkfineartlovers.com\/pl\/sklep-pl\/oryginalny-obraz-z-tekstura-afrykanska-kobieta-na-zamowienie-w-kazdym-rozmiarze-6\/","url":"https:\/\/gkfineartlovers.com\/pl\/sklep-pl\/oryginalny-obraz-z-tekstura-afrykanska-kobieta-na-zamowienie-w-kazdym-rozmiarze-6\/","name":"Oryginalny obraz z tekstur\u0105 'Afryka\u0144ska kobieta - na zam\u00f3wienie w ka\u017cdym rozmiarze - GK_FineArt","isPartOf":{"@id":"https:\/\/gkfineartlovers.com\/pl\/#website"},"primaryImageOfPage":{"@id":"https:\/\/gkfineartlovers.com\/pl\/sklep-pl\/oryginalny-obraz-z-tekstura-afrykanska-kobieta-na-zamowienie-w-kazdym-rozmiarze-6\/#primaryimage"},"image":{"@id":"https:\/\/gkfineartlovers.com\/pl\/sklep-pl\/oryginalny-obraz-z-tekstura-afrykanska-kobieta-na-zamowienie-w-kazdym-rozmiarze-6\/#primaryimage"},"thumbnailUrl":"https:\/\/gkfineartlovers.com\/wp-content\/uploads\/2023\/05\/glowne-zdjecie.jpg","datePublished":"2023-05-12T08:06:49+00:00","dateModified":"2023-10-15T20:17:15+00:00","breadcrumb":{"@id":"https:\/\/gkfineartlovers.com\/pl\/sklep-pl\/oryginalny-obraz-z-tekstura-afrykanska-kobieta-na-zamowienie-w-kazdym-rozmiarze-6\/#breadcrumb"},"inLanguage":"pl-PL","potentialAction":[{"@type":"ReadAction","target":["https:\/\/gkfineartlovers.com\/pl\/sklep-pl\/oryginalny-obraz-z-tekstura-afrykanska-kobieta-na-zamowienie-w-kazdym-rozmiarze-6\/"]}]},{"@type":"ImageObject","inLanguage":"pl-PL","@id":"https:\/\/gkfineartlovers.com\/pl\/sklep-pl\/oryginalny-obraz-z-tekstura-afrykanska-kobieta-na-zamowienie-w-kazdym-rozmiarze-6\/#primaryimage","url":"https:\/\/gkfineartlovers.com\/wp-content\/uploads\/2023\/05\/glowne-zdjecie.jpg","contentUrl":"https:\/\/gkfineartlovers.com\/wp-content\/uploads\/2023\/05\/glowne-zdjecie.jpg","width":1080,"height":955},{"@type":"BreadcrumbList","@id":"https:\/\/gkfineartlovers.com\/pl\/sklep-pl\/oryginalny-obraz-z-tekstura-afrykanska-kobieta-na-zamowienie-w-kazdym-rozmiarze-6\/#breadcrumb","itemListElement":[{"@type":"ListItem","position":1,"name":"Strona g\u0142\u00f3wna","item":"https:\/\/gkfineartlovers.com\/pl\/strona-glowna\/"},{"@type":"ListItem","position":2,"name":"Shop","item":"https:\/\/gkfineartlovers.com\/shop\/"},{"@type":"ListItem","position":3,"name":"Oryginalny obraz z tekstur\u0105 &#8216;Afryka\u0144ska kobieta &#8211; na zam\u00f3wienie w ka\u017cdym rozmiarze"}]},{"@type":"WebSite","@id":"https:\/\/gkfineartlovers.com\/pl\/#website","url":"https:\/\/gkfineartlovers.com\/pl\/","name":"GK_FineArt","description":"Gk_FineArt is independent artist working from home studio in Bromsgrove, continuously developing artistic learning through paint play and media experimentation. Gk_FineArt also makes beautiful and sentimental gift and home decoration.","potentialAction":[{"@type":"SearchAction","target":{"@type":"EntryPoint","urlTemplate":"https:\/\/gkfineartlovers.com\/pl\/?s={search_term_string}"},"query-input":{"@type":"PropertyValueSpecification","valueRequired":true,"valueName":"search_term_string"}}],"inLanguage":"pl-PL"}]}},"_links":{"self":[{"href":"https:\/\/gkfineartlovers.com\/pl\/wp-json\/wp\/v2\/product\/6478","targetHints":{"allow":["GET"]}}],"collection":[{"href":"https:\/\/gkfineartlovers.com\/pl\/wp-json\/wp\/v2\/product"}],"about":[{"href":"https:\/\/gkfineartlovers.com\/pl\/wp-json\/wp\/v2\/types\/product"}],"replies":[{"embeddable":true,"href":"https:\/\/gkfineartlovers.com\/pl\/wp-json\/wp\/v2\/comments?post=6478"}],"wp:featuredmedia":[{"embeddable":true,"href":"https:\/\/gkfineartlovers.com\/pl\/wp-json\/wp\/v2\/media\/4138"}],"wp:attachment":[{"href":"https:\/\/gkfineartlovers.com\/pl\/wp-json\/wp\/v2\/media?parent=6478"}],"wp:term":[{"taxonomy":"product_brand","embeddable":true,"href":"https:\/\/gkfineartlovers.com\/pl\/wp-json\/wp\/v2\/product_brand?post=6478"},{"taxonomy":"product_cat","embeddable":true,"href":"https:\/\/gkfineartlovers.com\/pl\/wp-json\/wp\/v2\/product_cat?post=6478"},{"taxonomy":"product_tag","embeddable":true,"href":"https:\/\/gkfineartlovers.com\/pl\/wp-json\/wp\/v2\/product_tag?post=6478"}],"curies":[{"name":"wp","href":"https:\/\/api.w.org\/{rel}","templated":true}]}}