{"id":5421,"date":"2023-05-08T10:59:50","date_gmt":"2023-05-08T09:59:50","guid":{"rendered":"https:\/\/gkfineartlovers.com\/?post_type=product&#038;p=5421"},"modified":"2023-09-28T15:06:34","modified_gmt":"2023-09-28T14:06:34","slug":"gift-card","status":"publish","type":"product","link":"https:\/\/gkfineartlovers.com\/pl\/sklep-pl\/gift-card\/","title":{"rendered":"Bon upominkowy"},"content":{"rendered":"<h3>Oryginalny prezent w doskona\u0142ym gu\u015bcie.<\/h3>\n<p>Szukasz idealnego prezentu dla mi\u0142o\u015bnika sztuki? Ten bon to doskona\u0142y wyb\u00f3r dla os\u00f3b, kt\u00f3re pragn\u0105 podarowa\u0107 bliskim artystyczny prezent, zachowuj\u0105c przy tym swobod\u0119 wyboru obrazu i r\u0119kodzie\u0142a wed\u0142ug w\u0142asnego gustu i upodobania.<\/p>\n<p>Zamawiaj\u0105c bon upominkowy, nie musisz martwi\u0107 si\u0119 o trafno\u015b\u0107 prezentu \u2013 obdarowana osoba z pewno\u015bci\u0105 doceni mo\u017cliwo\u015b\u0107 w\u0142asnego wyboru idealnego dzie\u0142a sztuki, kt\u00f3re wzbogaci jej wn\u0119trze. Bony upominkowe to doskona\u0142y pomys\u0142 na r\u00f3\u017cne okazje, takie jak: urodziny, imieniny, rocznic\u0119, \u015blub, parapet\u00f3wk\u0119 , prezent dla mamy, prezent dla taty, prezent dla szefa czy jako nagroda dla pracownika.<\/p>\n<p>Przy u\u017cyciu bonu upominkowego mo\u017cna dokona\u0107 zakupu dowolnego produktu z moim sklepie. W przypadku przekroczenia warto\u015bci bonu upominkowego nale\u017cy dop\u0142aci\u0107 r\u00f3\u017cnic\u0119. Bon upominkowy ma wa\u017cno\u015b\u0107 1 rok od daty jego zakupu.<\/p>\n<p>Bon upominkowy mo\u017ce by\u0107 wys\u0142any mailem w formie cyfrowej ( do w\u0142asnego wydruku ) lub wydrukowany i wys\u0142any przeze mnie na podany adres.<\/p>\n","protected":false},"excerpt":{"rendered":"<p>Oryginalny prezent w doskona\u0142ym gu\u015bcie. Szukasz idealnego prezentu dla mi\u0142o\u015bnika sztuki? Ten bon to doskona\u0142y wyb\u00f3r dla os\u00f3b, kt\u00f3re pragn\u0105 podarowa\u0107 bliskim artystyczny prezent, zachowuj\u0105c przy tym swobod\u0119 wyboru obrazu i r\u0119kodzie\u0142a wed\u0142ug w\u0142asnego gustu i upodobania. Zamawiaj\u0105c bon upominkowy, nie musisz martwi\u0107 si\u0119 o trafno\u015b\u0107 prezentu \u2013 obdarowana osoba z pewno\u015bci\u0105 doceni mo\u017cliwo\u015b\u0107 w\u0142asnego [&hellip;]<\/p>\n","protected":false},"featured_media":4184,"comment_status":"closed","ping_status":"closed","template":"","meta":{"_acf_changed":false},"product_brand":[],"product_cat":[115],"product_tag":[],"class_list":{"0":"post-5421","1":"product","2":"type-product","3":"status-publish","4":"has-post-thumbnail","6":"product_cat-karta-podarunkowa","8":"first","9":"instock","10":"shipping-taxable","11":"purchasable","12":"product-type-variable","13":"has-default-attributes"},"acf":[],"yoast_head":"<!-- This site is optimized with the Yoast SEO plugin v27.4 - https:\/\/yoast.com\/product\/yoast-seo-wordpress\/ -->\n<title>Bon upominkowy - GK_FineArt<\/title>\n<meta name=\"robots\" content=\"index, follow, max-snippet:-1, max-image-preview:large, max-video-preview:-1\" \/>\n<link rel=\"canonical\" href=\"https:\/\/gkfineartlovers.com\/pl\/sklep-pl\/gift-card\/\" \/>\n<meta property=\"og:locale\" content=\"pl_PL\" \/>\n<meta property=\"og:type\" content=\"article\" \/>\n<meta property=\"og:title\" content=\"Bon upominkowy - GK_FineArt\" \/>\n<meta property=\"og:description\" content=\"Oryginalny prezent w doskona\u0142ym gu\u015bcie. Szukasz idealnego prezentu dla mi\u0142o\u015bnika sztuki? Ten bon to doskona\u0142y wyb\u00f3r dla os\u00f3b, kt\u00f3re pragn\u0105 podarowa\u0107 bliskim artystyczny prezent, zachowuj\u0105c przy tym swobod\u0119 wyboru obrazu i r\u0119kodzie\u0142a wed\u0142ug w\u0142asnego gustu i upodobania. Zamawiaj\u0105c bon upominkowy, nie musisz martwi\u0107 si\u0119 o trafno\u015b\u0107 prezentu \u2013 obdarowana osoba z pewno\u015bci\u0105 doceni mo\u017cliwo\u015b\u0107 w\u0142asnego [&hellip;]\" \/>\n<meta property=\"og:url\" content=\"https:\/\/gkfineartlovers.com\/pl\/sklep-pl\/gift-card\/\" \/>\n<meta property=\"og:site_name\" content=\"GK_FineArt\" \/>\n<meta property=\"article:modified_time\" content=\"2023-09-28T14:06:34+00:00\" \/>\n<meta property=\"og:image\" content=\"https:\/\/gkfineartlovers.com\/wp-content\/uploads\/2023\/05\/gif-card.png\" \/>\n\t<meta property=\"og:image:width\" content=\"2000\" \/>\n\t<meta property=\"og:image:height\" content=\"2000\" \/>\n\t<meta property=\"og:image:type\" content=\"image\/png\" \/>\n<meta name=\"twitter:card\" content=\"summary_large_image\" \/>\n<script type=\"application\/ld+json\" class=\"yoast-schema-graph\">{\"@context\":\"https:\\\/\\\/schema.org\",\"@graph\":[{\"@type\":\"WebPage\",\"@id\":\"https:\\\/\\\/gkfineartlovers.com\\\/pl\\\/sklep-pl\\\/gift-card\\\/\",\"url\":\"https:\\\/\\\/gkfineartlovers.com\\\/pl\\\/sklep-pl\\\/gift-card\\\/\",\"name\":\"Bon upominkowy - GK_FineArt\",\"isPartOf\":{\"@id\":\"https:\\\/\\\/gkfineartlovers.com\\\/pl\\\/#website\"},\"primaryImageOfPage\":{\"@id\":\"https:\\\/\\\/gkfineartlovers.com\\\/pl\\\/sklep-pl\\\/gift-card\\\/#primaryimage\"},\"image\":{\"@id\":\"https:\\\/\\\/gkfineartlovers.com\\\/pl\\\/sklep-pl\\\/gift-card\\\/#primaryimage\"},\"thumbnailUrl\":\"https:\\\/\\\/gkfineartlovers.com\\\/wp-content\\\/uploads\\\/2023\\\/05\\\/gif-card.png\",\"datePublished\":\"2023-05-08T09:59:50+00:00\",\"dateModified\":\"2023-09-28T14:06:34+00:00\",\"breadcrumb\":{\"@id\":\"https:\\\/\\\/gkfineartlovers.com\\\/pl\\\/sklep-pl\\\/gift-card\\\/#breadcrumb\"},\"inLanguage\":\"pl-PL\",\"potentialAction\":[{\"@type\":\"ReadAction\",\"target\":[\"https:\\\/\\\/gkfineartlovers.com\\\/pl\\\/sklep-pl\\\/gift-card\\\/\"]}]},{\"@type\":\"ImageObject\",\"inLanguage\":\"pl-PL\",\"@id\":\"https:\\\/\\\/gkfineartlovers.com\\\/pl\\\/sklep-pl\\\/gift-card\\\/#primaryimage\",\"url\":\"https:\\\/\\\/gkfineartlovers.com\\\/wp-content\\\/uploads\\\/2023\\\/05\\\/gif-card.png\",\"contentUrl\":\"https:\\\/\\\/gkfineartlovers.com\\\/wp-content\\\/uploads\\\/2023\\\/05\\\/gif-card.png\",\"width\":2000,\"height\":2000},{\"@type\":\"BreadcrumbList\",\"@id\":\"https:\\\/\\\/gkfineartlovers.com\\\/pl\\\/sklep-pl\\\/gift-card\\\/#breadcrumb\",\"itemListElement\":[{\"@type\":\"ListItem\",\"position\":1,\"name\":\"Strona g\u0142\u00f3wna\",\"item\":\"https:\\\/\\\/gkfineartlovers.com\\\/pl\\\/strona-glowna\\\/\"},{\"@type\":\"ListItem\",\"position\":2,\"name\":\"Shop\",\"item\":\"https:\\\/\\\/gkfineartlovers.com\\\/shop\\\/\"},{\"@type\":\"ListItem\",\"position\":3,\"name\":\"Bon upominkowy\"}]},{\"@type\":\"WebSite\",\"@id\":\"https:\\\/\\\/gkfineartlovers.com\\\/pl\\\/#website\",\"url\":\"https:\\\/\\\/gkfineartlovers.com\\\/pl\\\/\",\"name\":\"GK_FineArt\",\"description\":\"Gk_FineArt is independent artist working from home studio in Bromsgrove, continuously developing artistic learning through paint play and media experimentation. Gk_FineArt also makes beautiful and sentimental gift and home decoration.\",\"potentialAction\":[{\"@type\":\"SearchAction\",\"target\":{\"@type\":\"EntryPoint\",\"urlTemplate\":\"https:\\\/\\\/gkfineartlovers.com\\\/pl\\\/?s={search_term_string}\"},\"query-input\":{\"@type\":\"PropertyValueSpecification\",\"valueRequired\":true,\"valueName\":\"search_term_string\"}}],\"inLanguage\":\"pl-PL\"}]}<\/script>\n<!-- \/ Yoast SEO plugin. -->","yoast_head_json":{"title":"Bon upominkowy - GK_FineArt","robots":{"index":"index","follow":"follow","max-snippet":"max-snippet:-1","max-image-preview":"max-image-preview:large","max-video-preview":"max-video-preview:-1"},"canonical":"https:\/\/gkfineartlovers.com\/pl\/sklep-pl\/gift-card\/","og_locale":"pl_PL","og_type":"article","og_title":"Bon upominkowy - GK_FineArt","og_description":"Oryginalny prezent w doskona\u0142ym gu\u015bcie. Szukasz idealnego prezentu dla mi\u0142o\u015bnika sztuki? Ten bon to doskona\u0142y wyb\u00f3r dla os\u00f3b, kt\u00f3re pragn\u0105 podarowa\u0107 bliskim artystyczny prezent, zachowuj\u0105c przy tym swobod\u0119 wyboru obrazu i r\u0119kodzie\u0142a wed\u0142ug w\u0142asnego gustu i upodobania. Zamawiaj\u0105c bon upominkowy, nie musisz martwi\u0107 si\u0119 o trafno\u015b\u0107 prezentu \u2013 obdarowana osoba z pewno\u015bci\u0105 doceni mo\u017cliwo\u015b\u0107 w\u0142asnego [&hellip;]","og_url":"https:\/\/gkfineartlovers.com\/pl\/sklep-pl\/gift-card\/","og_site_name":"GK_FineArt","article_modified_time":"2023-09-28T14:06:34+00:00","og_image":[{"width":2000,"height":2000,"url":"https:\/\/gkfineartlovers.com\/wp-content\/uploads\/2023\/05\/gif-card.png","type":"image\/png"}],"twitter_card":"summary_large_image","schema":{"@context":"https:\/\/schema.org","@graph":[{"@type":"WebPage","@id":"https:\/\/gkfineartlovers.com\/pl\/sklep-pl\/gift-card\/","url":"https:\/\/gkfineartlovers.com\/pl\/sklep-pl\/gift-card\/","name":"Bon upominkowy - GK_FineArt","isPartOf":{"@id":"https:\/\/gkfineartlovers.com\/pl\/#website"},"primaryImageOfPage":{"@id":"https:\/\/gkfineartlovers.com\/pl\/sklep-pl\/gift-card\/#primaryimage"},"image":{"@id":"https:\/\/gkfineartlovers.com\/pl\/sklep-pl\/gift-card\/#primaryimage"},"thumbnailUrl":"https:\/\/gkfineartlovers.com\/wp-content\/uploads\/2023\/05\/gif-card.png","datePublished":"2023-05-08T09:59:50+00:00","dateModified":"2023-09-28T14:06:34+00:00","breadcrumb":{"@id":"https:\/\/gkfineartlovers.com\/pl\/sklep-pl\/gift-card\/#breadcrumb"},"inLanguage":"pl-PL","potentialAction":[{"@type":"ReadAction","target":["https:\/\/gkfineartlovers.com\/pl\/sklep-pl\/gift-card\/"]}]},{"@type":"ImageObject","inLanguage":"pl-PL","@id":"https:\/\/gkfineartlovers.com\/pl\/sklep-pl\/gift-card\/#primaryimage","url":"https:\/\/gkfineartlovers.com\/wp-content\/uploads\/2023\/05\/gif-card.png","contentUrl":"https:\/\/gkfineartlovers.com\/wp-content\/uploads\/2023\/05\/gif-card.png","width":2000,"height":2000},{"@type":"BreadcrumbList","@id":"https:\/\/gkfineartlovers.com\/pl\/sklep-pl\/gift-card\/#breadcrumb","itemListElement":[{"@type":"ListItem","position":1,"name":"Strona g\u0142\u00f3wna","item":"https:\/\/gkfineartlovers.com\/pl\/strona-glowna\/"},{"@type":"ListItem","position":2,"name":"Shop","item":"https:\/\/gkfineartlovers.com\/shop\/"},{"@type":"ListItem","position":3,"name":"Bon upominkowy"}]},{"@type":"WebSite","@id":"https:\/\/gkfineartlovers.com\/pl\/#website","url":"https:\/\/gkfineartlovers.com\/pl\/","name":"GK_FineArt","description":"Gk_FineArt is independent artist working from home studio in Bromsgrove, continuously developing artistic learning through paint play and media experimentation. Gk_FineArt also makes beautiful and sentimental gift and home decoration.","potentialAction":[{"@type":"SearchAction","target":{"@type":"EntryPoint","urlTemplate":"https:\/\/gkfineartlovers.com\/pl\/?s={search_term_string}"},"query-input":{"@type":"PropertyValueSpecification","valueRequired":true,"valueName":"search_term_string"}}],"inLanguage":"pl-PL"}]}},"_links":{"self":[{"href":"https:\/\/gkfineartlovers.com\/pl\/wp-json\/wp\/v2\/product\/5421","targetHints":{"allow":["GET"]}}],"collection":[{"href":"https:\/\/gkfineartlovers.com\/pl\/wp-json\/wp\/v2\/product"}],"about":[{"href":"https:\/\/gkfineartlovers.com\/pl\/wp-json\/wp\/v2\/types\/product"}],"replies":[{"embeddable":true,"href":"https:\/\/gkfineartlovers.com\/pl\/wp-json\/wp\/v2\/comments?post=5421"}],"wp:featuredmedia":[{"embeddable":true,"href":"https:\/\/gkfineartlovers.com\/pl\/wp-json\/wp\/v2\/media\/4184"}],"wp:attachment":[{"href":"https:\/\/gkfineartlovers.com\/pl\/wp-json\/wp\/v2\/media?parent=5421"}],"wp:term":[{"taxonomy":"product_brand","embeddable":true,"href":"https:\/\/gkfineartlovers.com\/pl\/wp-json\/wp\/v2\/product_brand?post=5421"},{"taxonomy":"product_cat","embeddable":true,"href":"https:\/\/gkfineartlovers.com\/pl\/wp-json\/wp\/v2\/product_cat?post=5421"},{"taxonomy":"product_tag","embeddable":true,"href":"https:\/\/gkfineartlovers.com\/pl\/wp-json\/wp\/v2\/product_tag?post=5421"}],"curies":[{"name":"wp","href":"https:\/\/api.w.org\/{rel}","templated":true}]}}