{"id":5434,"date":"2023-05-31T13:15:32","date_gmt":"2023-05-31T12:15:32","guid":{"rendered":"https:\/\/gkfineartlovers.com\/regulamin\/"},"modified":"2023-09-28T15:29:54","modified_gmt":"2023-09-28T14:29:54","slug":"regulamin","status":"publish","type":"page","link":"https:\/\/gkfineartlovers.com\/pl\/regulamin\/","title":{"rendered":"Regulamin"},"content":{"rendered":"\t\t<div data-elementor-type=\"wp-page\" data-elementor-id=\"5434\" class=\"elementor elementor-5434 elementor-1252\" data-elementor-post-type=\"page\">\n\t\t\t\t\t\t<section data-particle_enable=\"false\" data-particle-mobile-disabled=\"false\" class=\"elementor-section elementor-top-section elementor-element elementor-element-d80ddd1 elementor-section-full_width elementor-section-height-min-height elementor-section-height-default elementor-section-items-middle\" data-id=\"d80ddd1\" data-element_type=\"section\" data-e-type=\"section\" data-settings=\"{&quot;background_background&quot;:&quot;classic&quot;,&quot;shape_divider_bottom&quot;:&quot;wave-brush&quot;}\">\n\t\t\t\t\t\t\t<div class=\"elementor-background-overlay\"><\/div>\n\t\t\t\t\t\t<div class=\"elementor-shape elementor-shape-bottom\" aria-hidden=\"true\" data-negative=\"false\">\n\t\t\t<svg xmlns=\"http:\/\/www.w3.org\/2000\/svg\" viewBox=\"0 0 283.5 27.8\" preserveAspectRatio=\"none\">\n\t<path class=\"elementor-shape-fill\" d=\"M283.5,9.7c0,0-7.3,4.3-14,4.6c-6.8,0.3-12.6,0-20.9-1.5c-11.3-2-33.1-10.1-44.7-5.7\ts-12.1,4.6-18,7.4c-6.6,3.2-20,9.6-36.6,9.3C131.6,23.5,99.5,7.2,86.3,8c-1.4,0.1-6.6,0.8-10.5,2c-3.8,1.2-9.4,3.8-17,4.7\tc-3.2,0.4-8.3,1.1-14.2,0.9c-1.5-0.1-6.3-0.4-12-1.6c-5.7-1.2-11-3.1-15.8-3.7C6.5,9.2,0,10.8,0,10.8V0h283.5V9.7z M260.8,11.3\tc-0.7-1-2-0.4-4.3-0.4c-2.3,0-6.1-1.2-5.8-1.1c0.3,0.1,3.1,1.5,6,1.9C259.7,12.2,261.4,12.3,260.8,11.3z M242.4,8.6\tc0,0-2.4-0.2-5.6-0.9c-3.2-0.8-10.3-2.8-15.1-3.5c-8.2-1.1-15.8,0-15.1,0.1c0.8,0.1,9.6-0.6,17.6,1.1c3.3,0.7,9.3,2.2,12.4,2.7\tC239.9,8.7,242.4,8.6,242.4,8.6z M185.2,8.5c1.7-0.7-13.3,4.7-18.5,6.1c-2.1,0.6-6.2,1.6-10,2c-3.9,0.4-8.9,0.4-8.8,0.5\tc0,0.2,5.8,0.8,11.2,0c5.4-0.8,5.2-1.1,7.6-1.6C170.5,14.7,183.5,9.2,185.2,8.5z M199.1,6.9c0.2,0-0.8-0.4-4.8,1.1\tc-4,1.5-6.7,3.5-6.9,3.7c-0.2,0.1,3.5-1.8,6.6-3C197,7.5,199,6.9,199.1,6.9z M283,6c-0.1,0.1-1.9,1.1-4.8,2.5s-6.9,2.8-6.7,2.7\tc0.2,0,3.5-0.6,7.4-2.5C282.8,6.8,283.1,5.9,283,6z M31.3,11.6c0.1-0.2-1.9-0.2-4.5-1.2s-5.4-1.6-7.8-2C15,7.6,7.3,8.5,7.7,8.6\tC8,8.7,15.9,8.3,20.2,9.3c2.2,0.5,2.4,0.5,5.7,1.6S31.2,11.9,31.3,11.6z M73,9.2c0.4-0.1,3.5-1.6,8.4-2.6c4.9-1.1,8.9-0.5,8.9-0.8\tc0-0.3-1-0.9-6.2-0.3S72.6,9.3,73,9.2z M71.6,6.7C71.8,6.8,75,5.4,77.3,5c2.3-0.3,1.9-0.5,1.9-0.6c0-0.1-1.1-0.2-2.7,0.2\tC74.8,5.1,71.4,6.6,71.6,6.7z M93.6,4.4c0.1,0.2,3.5,0.8,5.6,1.8c2.1,1,1.8,0.6,1.9,0.5c0.1-0.1-0.8-0.8-2.4-1.3\tC97.1,4.8,93.5,4.2,93.6,4.4z M65.4,11.1c-0.1,0.3,0.3,0.5,1.9-0.2s2.6-1.3,2.2-1.2s-0.9,0.4-2.5,0.8C65.3,10.9,65.5,10.8,65.4,11.1\tz M34.5,12.4c-0.2,0,2.1,0.8,3.3,0.9c1.2,0.1,2,0.1,2-0.2c0-0.3-0.1-0.5-1.6-0.4C36.6,12.8,34.7,12.4,34.5,12.4z M152.2,21.1\tc-0.1,0.1-2.4-0.3-7.5-0.3c-5,0-13.6-2.4-17.2-3.5c-3.6-1.1,10,3.9,16.5,4.1C150.5,21.6,152.3,21,152.2,21.1z\"\/>\n\t<path class=\"elementor-shape-fill\" d=\"M269.6,18c-0.1-0.1-4.6,0.3-7.2,0c-7.3-0.7-17-3.2-16.6-2.9c0.4,0.3,13.7,3.1,17,3.3\tC267.7,18.8,269.7,18,269.6,18z\"\/>\n\t<path class=\"elementor-shape-fill\" d=\"M227.4,9.8c-0.2-0.1-4.5-1-9.5-1.2c-5-0.2-12.7,0.6-12.3,0.5c0.3-0.1,5.9-1.8,13.3-1.2\tS227.6,9.9,227.4,9.8z\"\/>\n\t<path class=\"elementor-shape-fill\" d=\"M204.5,13.4c-0.1-0.1,2-1,3.2-1.1c1.2-0.1,2,0,2,0.3c0,0.3-0.1,0.5-1.6,0.4\tC206.4,12.9,204.6,13.5,204.5,13.4z\"\/>\n\t<path class=\"elementor-shape-fill\" d=\"M201,10.6c0-0.1-4.4,1.2-6.3,2.2c-1.9,0.9-6.2,3.1-6.1,3.1c0.1,0.1,4.2-1.6,6.3-2.6\tS201,10.7,201,10.6z\"\/>\n\t<path class=\"elementor-shape-fill\" d=\"M154.5,26.7c-0.1-0.1-4.6,0.3-7.2,0c-7.3-0.7-17-3.2-16.6-2.9c0.4,0.3,13.7,3.1,17,3.3\tC152.6,27.5,154.6,26.8,154.5,26.7z\"\/>\n\t<path class=\"elementor-shape-fill\" d=\"M41.9,19.3c0,0,1.2-0.3,2.9-0.1c1.7,0.2,5.8,0.9,8.2,0.7c4.2-0.4,7.4-2.7,7-2.6\tc-0.4,0-4.3,2.2-8.6,1.9c-1.8-0.1-5.1-0.5-6.7-0.4S41.9,19.3,41.9,19.3z\"\/>\n\t<path class=\"elementor-shape-fill\" d=\"M75.5,12.6c0.2,0.1,2-0.8,4.3-1.1c2.3-0.2,2.1-0.3,2.1-0.5c0-0.1-1.8-0.4-3.4,0\tC76.9,11.5,75.3,12.5,75.5,12.6z\"\/>\n\t<path class=\"elementor-shape-fill\" d=\"M15.6,13.2c0-0.1,4.3,0,6.7,0.5c2.4,0.5,5,1.9,5,2c0,0.1-2.7-0.8-5.1-1.4\tC19.9,13.7,15.7,13.3,15.6,13.2z\"\/>\n<\/svg>\t\t<\/div>\n\t\t\t\t\t<div class=\"elementor-container elementor-column-gap-no\">\n\t\t\t\t\t<div class=\"elementor-column elementor-col-100 elementor-top-column elementor-element elementor-element-4c6a940\" data-id=\"4c6a940\" data-element_type=\"column\" data-e-type=\"column\">\n\t\t\t<div class=\"elementor-widget-wrap elementor-element-populated\">\n\t\t\t\t\t\t<div class=\"elementor-element elementor-element-3005954 elementor-widget elementor-widget-heading\" data-id=\"3005954\" data-element_type=\"widget\" data-e-type=\"widget\" data-widget_type=\"heading.default\">\n\t\t\t\t<div class=\"elementor-widget-container\">\n\t\t\t\t\t<h2 class=\"elementor-heading-title elementor-size-default\">Regulamin<\/h2>\t\t\t\t<\/div>\n\t\t\t\t<\/div>\n\t\t\t\t\t<\/div>\n\t\t<\/div>\n\t\t\t\t\t<\/div>\n\t\t<\/section>\n\t\t\t\t<section data-particle_enable=\"false\" data-particle-mobile-disabled=\"false\" class=\"elementor-section elementor-top-section elementor-element elementor-element-4c22ac4 elementor-section-boxed elementor-section-height-default elementor-section-height-default\" data-id=\"4c22ac4\" data-element_type=\"section\" data-e-type=\"section\">\n\t\t\t\t\t\t<div class=\"elementor-container elementor-column-gap-default\">\n\t\t\t\t\t<div class=\"elementor-column elementor-col-100 elementor-top-column elementor-element elementor-element-06a9930\" data-id=\"06a9930\" data-element_type=\"column\" data-e-type=\"column\">\n\t\t\t<div class=\"elementor-widget-wrap elementor-element-populated\">\n\t\t\t\t\t\t<div class=\"elementor-element elementor-element-ed84276 elementor-widget elementor-widget-text-editor\" data-id=\"ed84276\" data-element_type=\"widget\" data-e-type=\"widget\" data-widget_type=\"text-editor.default\">\n\t\t\t\t<div class=\"elementor-widget-container\">\n\t\t\t\t\t\t\t\t\t<p><strong>\ud83c\udf3fDefinicje<\/strong><\/p>\n<p>Na potrzeby niniejszego regulaminu, przyjmuje si\u0119 nast\u0119puj\u0105ce znaczenie poni\u017cszych poj\u0119\u0107:<\/p>\n<ol>\n<li>Kupuj\u0105cy\u00a0\u2013 osoba fizyczna, osoba prawna lub u\u0142omna osoba prawna,<\/li>\n<li>Konsument\u00a0\u2013 osoba fizyczna zawieraj\u0105ca ze Sprzedawc\u0105 umow\u0119 niezwi\u0105zan\u0105 z bezpo\u015brednio z jej dzia\u0142alno\u015bci\u0105 gospodarcz\u0105 lub zawodow\u0105,<\/li>\n<li>Operator P\u0142atno\u015bci\u00a0\u2013 system PayPay, Klarna<\/li>\n<li>Sklep\u00a0\u2013 sklep internetowy dost\u0119pny pod adresem\u00a0<a href=\"https:\/\/gkfineartlovers.com\/pl\/\">https:\/\/gkfineartlovers.com\/<\/a><\/li>\n<li>Sprzedawca\u00a0\u2013 Gabriela Kusion, prowadz\u0105ca dzia\u0142alno\u015b\u0107 pod firm\u0105 \u201eGk_FineArt\u201d, zarejestrowana w Wielkiej Brytanii.<\/li>\n<\/ol>\n<p><strong>\ud83c\udf3fPostanowienia wst\u0119pne<\/strong><\/p>\n<ol>\n<li>Za po\u015brednictwem Sklepu, Sprzedawca prowadzi sprzeda\u017c produkt\u00f3w fizycznych lub elektronicznych, tj: kolorowanek, rysunk\u00f3w, obraz\u00f3w, r\u0119kodzie\u0142a, \u015bwiadcz\u0105c jednocze\u015bnie na rzecz Kupuj\u0105cego us\u0142ugi drog\u0105 elektroniczn\u0105 zgodnie z \u00a7 3 Regulaminu.<\/li>\n<li>Regulamin okre\u015bla zasady i warunki korzystania ze Sklepu, a tak\u017ce prawa i obowi\u0105zki Sprzedawcy i Kupuj\u0105cego.<\/li>\n<li>Do dokonania zakupu za po\u015brednictwem Sklepu nie jest konieczne spe\u0142nienie szczeg\u00f3lnych warunk\u00f3w technicznych przez komputer lub inne urz\u0105dzenie Kupuj\u0105cego. Wystarczaj\u0105ce s\u0105:<\/li>\n<li style=\"list-style-type: none;\">\n<ol>\n<li>dost\u0119p do Internetu,<\/li>\n<li>standardowy system operacyjny,<\/li>\n<li>standardowa przegl\u0105darka internetowa,<\/li>\n<li>posiadanie aktywnego adresu e-mail.<\/li>\n<\/ol>\n<\/li>\n<\/ol>\n<ol>\n<li style=\"list-style-type: none;\"><\/li>\n<\/ol>\n<ol>\n<li style=\"list-style-type: none;\"><\/li>\n<\/ol>\n<ol>\n<li style=\"list-style-type: none;\"><\/li>\n<\/ol>\n<ol>\n<li>Do korzystania z produktu elektronicznego konieczne jest spe\u0142nienie nast\u0119puj\u0105cych warunk\u00f3w technicznych przez komputer lub inne urz\u0105dzenie Kupuj\u0105cego:dost\u0119p do Internetu, standardowy system operacyjny, standardowa przegl\u0105darka internetowa, posiadanie aktywnego adresu e-mail.<\/li>\n<li>Kupuj\u0105cy nie mo\u017ce dokona\u0107 zakupu anonimowo, ani pod pseudonimem.<\/li>\n<li>Zakazane jest dostarczanie przez Kupuj\u0105cego tre\u015bci o charakterze bezprawnym, w szczeg\u00f3lno\u015bci poprzez przesy\u0142anie takich tre\u015bci w ramach formularzy dost\u0119pnych w Sklepie.<\/li>\n<li>Wszystkie ceny podane w Sklepie s\u0105 cenami brutto<\/li>\n<\/ol>\n<p><strong>\ud83c\udf3fUs\u0142ugi \u015bwiadczone drog\u0105 elektroniczn\u0105<\/strong><\/p>\n<ol>\n<li>Za po\u015brednictwem Sklepu, Sprzedawca \u015bwiadczy na rzecz Kupuj\u0105cego us\u0142ug\u0119 drog\u0105 elektroniczn\u0105 polegaj\u0105c\u0105 na umo\u017cliwieniu Kupuj\u0105cemu zawarcia ze Sprzedawc\u0105 umowy o dostarczenie tre\u015bci cyfrowych w postaci produkt\u00f3w elektronicznych dost\u0119pnych w Sklepie. Zawarcie umowy mo\u017cliwe jest bez posiadania konta w Sklepie.<\/li>\n<li>Odp\u0142atne s\u0105 umowy o dostarczenie tre\u015bci cyfrowych zawierane za po\u015brednictwem Sklepu.<\/li>\n<li>W celu zapewnienia bezpiecze\u0144stwa Kupuj\u0105cemu i przekazu danych w zwi\u0105zku z korzystaniem ze Sklepu, Sprzedawca podejmuje \u015brodki techniczne i organizacyjne odpowiednie do stopnia zagro\u017cenia bezpiecze\u0144stwa \u015bwiadczonych us\u0142ug, w szczeg\u00f3lno\u015bci \u015brodki s\u0142u\u017c\u0105ce zapobieganiu pozyskiwania i modyfikacji danych osobowych przez osoby nieuprawnione.<\/li>\n<li>Sprzedawca podejmuje dzia\u0142ania w celu zapewnienia w pe\u0142ni poprawnego funkcjonowania Sklepu. Kupuj\u0105cy powinien poinformowa\u0107 Sprzedawc\u0119 o wszelkich nieprawid\u0142owo\u015bciach lub przerwach w funkcjonowaniu Sklepu.<\/li>\n<li>Wszelkie reklamacje zwi\u0105zane z funkcjonowaniem Sklepu, Kupuj\u0105cy mo\u017ce zg\u0142asza\u0107 za po\u015brednictwem poczty elektronicznej na adres e-mail gkfineartlovers.com. W reklamacji Kupuj\u0105cy powinien poda\u0107 imi\u0119 i nazwisko, adres do korespondencji, a tak\u017ce rodzaj i dat\u0119 wyst\u0105pienia nieprawid\u0142owo\u015bci zwi\u0105zanej z funkcjonowaniem Sklepu. Sprzedawca b\u0119dzie rozpatrywa\u0107 wszelkie reklamacje w terminie do 14 dni od otrzymania reklamacji i poinformuje Klienta o jej rozstrzygni\u0119ciu na adres e-mail sk\u0142adaj\u0105cego reklamacj\u0119.<\/li>\n<\/ol>\n<p><strong>\ud83c\udf3fPrawa w\u0142asno\u015bci intelektualnej<\/strong><\/p>\n<ol>\n<li>Sprzedawca poucza niniejszym Kupuj\u0105cego, \u017ce produkty elektroniczne dost\u0119pne w Sklepie stanowi\u0105 utwory w rozumieniu ustawy z dnia 4 lutego 1994 r. o prawie autorskim i prawach pokrewnych, do kt\u00f3rych prawa autorskie przys\u0142uguj\u0105 Sprzedawcy.<\/li>\n<li>Sprzedawca poucza niniejszym Kupuj\u0105cego, \u017ce dalsze rozpowszechnianie produkt\u00f3w elektronicznych przez Kupuj\u0105cego bez zgody Sprzedawcy stanowi naruszenie praw autorskich przys\u0142uguj\u0105cych Sprzedawcy do produkt\u00f3w elektronicznych i mo\u017ce skutkowa\u0107 odpowiedzialno\u015bci\u0105 cywiln\u0105 lub karn\u0105.<\/li>\n<\/ol>\n<p><strong>\ud83c\udf3fZawieranie umowy<\/strong><\/p>\n<ol>\n<li>W celu zakupu produktu elektronicznego, Kupuj\u0105cy musi podj\u0105\u0107 nast\u0119puj\u0105ce kroki:<\/li>\n<li style=\"list-style-type: none;\">\n<ol>\n<li>wybra\u0107 obraz lub dowolne r\u0119kodzie\u0142o na stronie internetowej.<\/li>\n<li>z bezpo\u015bredniego widoku klikn\u0105\u0107 przycisk zam\u00f3wienia, poda\u0107 swoje dane osobowe.<\/li>\n<li>zaakceptowa\u0107 Regulamin \u2013 akceptacja Regulaminu jest dobrowolna, ale niezb\u0119dna do dokonania zakupu,<\/li>\n<li>Po klikni\u0119ciu w przyciski zakupu Kupuj\u0105cy zostanie przeniesiony na stron\u0119 Operatora P\u0142atno\u015bci celem dokonania zap\u0142aty ceny za wybrany produkt elektroniczny.<\/li>\n<\/ol>\n<\/li>\n<\/ol>\n<ol>\n<li style=\"list-style-type: none;\"><\/li>\n<\/ol>\n<ol>\n<li style=\"list-style-type: none;\"><\/li>\n<\/ol>\n<ol>\n<li style=\"list-style-type: none;\"><\/li>\n<\/ol>\n<ol>\n<li>Po skutecznym dokonaniu p\u0142atno\u015bci, Kupuj\u0105cy zostanie przeniesiony na Stron\u0119 z potwierdzeniem zakupu. Z t\u0105 chwil\u0105 umow\u0119 o dostarczenie tre\u015bci cyfrowych w postaci wybranych produkt\u00f3w elektronicznych uwa\u017ca si\u0119 za zawart\u0105 mi\u0119dzy Kupuj\u0105cym a Sprzedawc\u0105.<\/li>\n<li>Potwierdzenie zakupu Kupuj\u0105cy otrzyma r\u00f3wnie\u017c na adres e-mail podany w formularzu zam\u00f3wienia.<\/li>\n<\/ol>\n<p><strong>\ud83c\udf3fDostawa produktu elektronicznego<\/strong><\/p>\n<p>Po zaksi\u0119gowaniu op\u0142aty Kupuj\u0105cy otrzyma wiadomo\u015b\u0107 mailow\u0105 o dokonanym zakupie produktu elektronicznego wraz z dat\u0105 wyga\u015bni\u0119cia dost\u0119pu do produktu. Dostawa zakupionego produktu elektronicznego nast\u0105pi poprzez wysy\u0142k\u0119 na adres e-mail podany w trakcie p\u0142atno\u015bci.<\/p>\n<p><strong>\ud83c\udf3fOdst\u0105pienie Konsumenta od umowy<\/strong><\/p>\n<ol>\n<li>Prawo odst\u0105pienia od umowy zawartej na odleg\u0142o\u015b\u0107 nie przys\u0142uguje konsumentowi w odniesieniu do um\u00f3w o dostarczanie tre\u015bci cyfrowych, kt\u00f3re nie s\u0105 zapisane na no\u015bniku materialnym, je\u017celi spe\u0142nianie \u015bwiadczenia rozpocz\u0119\u0142o si\u0119 za wyra\u017an\u0105 zgod\u0105 konsumenta przed up\u0142ywem terminu do odst\u0105pienia od umowy i po poinformowaniu go przez przedsi\u0119biorc\u0119 o utracie prawa odst\u0105pienia od umowy.<\/li>\n<\/ol>\n<p><strong>\ud83c\udf3fOdpowiedzialno\u015b\u0107 za wady<\/strong><\/p>\n<ol>\n<li>Sprzedawca nie ponosi odpowiedzialno\u015bci za ewentualne szkody wynik\u0142e z u\u017cytkowania produkt\u00f3w elektronicznych dost\u0119pnych na stronie.<\/li>\n<li>Kupuj\u0105cy mo\u017ce kontaktowa\u0107 si\u0119 ze Sprzedawc\u0105 zar\u00f3wno poczt\u0105 tradycyjn\u0105, jak r\u00f3wnie\u017c poczt\u0105 elektroniczn\u0105.<\/li>\n<\/ol>\n<p><strong>\ud83c\udf3fDane osobowe i pliki cookies<\/strong><\/p>\n<p>Zasady przetwarzania danych osobowych oraz wykorzystywania plik\u00f3w cookies opisane zosta\u0142y w polityce prywatno\u015bci.<\/p>\n<p><strong>\ud83c\udf3fPozas\u0105dowe sposoby rozpatrywania reklamacji i dochodzenia roszcze\u0144<\/strong><\/p>\n<ol>\n<li>Sprzedawca wyra\u017ca zgod\u0119 na poddanie ewentualnych spor\u00f3w wynik\u0142ych w zwi\u0105zku z zawartymi umowami o dostarczenie tre\u015bci cyfrowych na drodze post\u0119powania mediacyjnego. Szczeg\u00f3\u0142y zostan\u0105 okre\u015blone przez strony konfliktu.<\/li>\n<li>Konsument ma mo\u017cliwo\u015b\u0107 skorzystania z pozas\u0105dowych sposob\u00f3w rozpatrywania reklamacji i dochodzenia roszcze\u0144. Mi\u0119dzy innymi, Konsument ma mo\u017cliwo\u015b\u0107:<\/li>\n<li style=\"list-style-type: none;\">\n<ol>\n<li>zwr\u00f3cenia si\u0119 do sta\u0142ego polubownego s\u0105du konsumenckiego z wnioskiem o rozstrzygni\u0119cie sporu wynik\u0142ego z zawartej umowy,<\/li>\n<li>zwr\u00f3cenia si\u0119 do wojew\u00f3dzkiego inspektora Inspekcji Handlowej z wnioskiem o wszcz\u0119cie post\u0119powania mediacyjnego w sprawie polubownego zako\u0144czenia sporu mi\u0119dzy Kupuj\u0105cym a Sprzedawc\u0105,<\/li>\n<li>skorzystania z pomocy powiatowego (miejskiego) rzecznika praw konsumenta lub organizacji spo\u0142ecznej, do kt\u00f3rej statutowych zada\u0144 nale\u017cy ochrona konsument\u00f3w.<\/li>\n<\/ol>\n<\/li>\n<\/ol>\n<ol>\n<li style=\"list-style-type: none;\"><\/li>\n<\/ol>\n<p><strong>\ud83c\udf3fPostanowienia ko\u0144cowe<\/strong><\/p>\n<ol>\n<li>Sprzedawca zastrzega sobie prawo do wprowadzania oraz odwo\u0142ywania ofert, promocji oraz do zmiany cen produkt\u00f3w w Sklepie bez uszczerbku dla praw nabytych przez Kupuj\u0105cego, w tym w szczeg\u00f3lno\u015bci warunk\u00f3w um\u00f3w zawartych przed dokonaniem zmiany.<\/li>\n<li>Sprzedawca zastrzega sobie mo\u017cliwo\u015b\u0107 wprowadzania zmian w Regulaminie. Do um\u00f3w zawartych przed zmian\u0105 Regulaminu stosuje si\u0119 Regulamin obowi\u0105zuj\u0105cy w dacie zawarcia umowy.<\/li>\n<\/ol>\n\t\t\t\t\t\t\t\t<\/div>\n\t\t\t\t<\/div>\n\t\t\t\t\t<\/div>\n\t\t<\/div>\n\t\t\t\t\t<\/div>\n\t\t<\/section>\n\t\t\t\t<\/div>\n\t\t","protected":false},"excerpt":{"rendered":"<p>\ud83c\udf3fDefinicje Na potrzeby niniejszego regulaminu, przyjmuje si\u0119 nast\u0119puj\u0105ce znaczenie poni\u017cszych poj\u0119\u0107: Kupuj\u0105cy\u00a0\u2013 osoba fizyczna, osoba prawna lub u\u0142omna osoba prawna, Konsument\u00a0\u2013 osoba fizyczna zawieraj\u0105ca ze Sprzedawc\u0105 umow\u0119 niezwi\u0105zan\u0105 z bezpo\u015brednio z jej dzia\u0142alno\u015bci\u0105 gospodarcz\u0105 lub zawodow\u0105, Operator P\u0142atno\u015bci\u00a0\u2013 system PayPay, Klarna Sklep\u00a0\u2013 sklep internetowy dost\u0119pny pod adresem\u00a0https:\/\/gkfineartlovers.com\/ Sprzedawca\u00a0\u2013 Gabriela Kusion, prowadz\u0105ca dzia\u0142alno\u015b\u0107 pod firm\u0105 \u201eGk_FineArt\u201d, [&hellip;]<\/p>\n","protected":false},"author":1,"featured_media":0,"parent":0,"menu_order":0,"comment_status":"closed","ping_status":"closed","template":"","meta":{"_acf_changed":false,"footnotes":""},"class_list":["post-5434","page","type-page","status-publish","hentry"],"acf":[],"yoast_head":"<!-- This site is optimized with the Yoast SEO plugin v27.4 - https:\/\/yoast.com\/product\/yoast-seo-wordpress\/ -->\n<title>Regulamin - GK_FineArt<\/title>\n<meta name=\"robots\" content=\"index, follow, max-snippet:-1, max-image-preview:large, max-video-preview:-1\" \/>\n<link rel=\"canonical\" href=\"https:\/\/gkfineartlovers.com\/pl\/regulamin\/\" \/>\n<meta property=\"og:locale\" content=\"pl_PL\" \/>\n<meta property=\"og:type\" content=\"article\" \/>\n<meta property=\"og:title\" content=\"Regulamin - GK_FineArt\" \/>\n<meta property=\"og:description\" content=\"\ud83c\udf3fDefinicje Na potrzeby niniejszego regulaminu, przyjmuje si\u0119 nast\u0119puj\u0105ce znaczenie poni\u017cszych poj\u0119\u0107: Kupuj\u0105cy\u00a0\u2013 osoba fizyczna, osoba prawna lub u\u0142omna osoba prawna, Konsument\u00a0\u2013 osoba fizyczna zawieraj\u0105ca ze Sprzedawc\u0105 umow\u0119 niezwi\u0105zan\u0105 z bezpo\u015brednio z jej dzia\u0142alno\u015bci\u0105 gospodarcz\u0105 lub zawodow\u0105, Operator P\u0142atno\u015bci\u00a0\u2013 system PayPay, Klarna Sklep\u00a0\u2013 sklep internetowy dost\u0119pny pod adresem\u00a0https:\/\/gkfineartlovers.com\/ Sprzedawca\u00a0\u2013 Gabriela Kusion, prowadz\u0105ca dzia\u0142alno\u015b\u0107 pod firm\u0105 \u201eGk_FineArt\u201d, [&hellip;]\" \/>\n<meta property=\"og:url\" content=\"https:\/\/gkfineartlovers.com\/pl\/regulamin\/\" \/>\n<meta property=\"og:site_name\" content=\"GK_FineArt\" \/>\n<meta property=\"article:modified_time\" content=\"2023-09-28T14:29:54+00:00\" \/>\n<meta name=\"twitter:card\" content=\"summary_large_image\" \/>\n<script type=\"application\/ld+json\" class=\"yoast-schema-graph\">{\"@context\":\"https:\\\/\\\/schema.org\",\"@graph\":[{\"@type\":\"WebPage\",\"@id\":\"https:\\\/\\\/gkfineartlovers.com\\\/pl\\\/regulamin\\\/\",\"url\":\"https:\\\/\\\/gkfineartlovers.com\\\/pl\\\/regulamin\\\/\",\"name\":\"Regulamin - GK_FineArt\",\"isPartOf\":{\"@id\":\"https:\\\/\\\/gkfineartlovers.com\\\/pl\\\/#website\"},\"datePublished\":\"2023-05-31T12:15:32+00:00\",\"dateModified\":\"2023-09-28T14:29:54+00:00\",\"breadcrumb\":{\"@id\":\"https:\\\/\\\/gkfineartlovers.com\\\/pl\\\/regulamin\\\/#breadcrumb\"},\"inLanguage\":\"pl-PL\",\"potentialAction\":[{\"@type\":\"ReadAction\",\"target\":[\"https:\\\/\\\/gkfineartlovers.com\\\/pl\\\/regulamin\\\/\"]}]},{\"@type\":\"BreadcrumbList\",\"@id\":\"https:\\\/\\\/gkfineartlovers.com\\\/pl\\\/regulamin\\\/#breadcrumb\",\"itemListElement\":[{\"@type\":\"ListItem\",\"position\":1,\"name\":\"Strona g\u0142\u00f3wna\",\"item\":\"https:\\\/\\\/gkfineartlovers.com\\\/pl\\\/strona-glowna\\\/\"},{\"@type\":\"ListItem\",\"position\":2,\"name\":\"Regulamin\"}]},{\"@type\":\"WebSite\",\"@id\":\"https:\\\/\\\/gkfineartlovers.com\\\/pl\\\/#website\",\"url\":\"https:\\\/\\\/gkfineartlovers.com\\\/pl\\\/\",\"name\":\"GK_FineArt\",\"description\":\"Gk_FineArt is independent artist working from home studio in Bromsgrove, continuously developing artistic learning through paint play and media experimentation. Gk_FineArt also makes beautiful and sentimental gift and home decoration.\",\"potentialAction\":[{\"@type\":\"SearchAction\",\"target\":{\"@type\":\"EntryPoint\",\"urlTemplate\":\"https:\\\/\\\/gkfineartlovers.com\\\/pl\\\/?s={search_term_string}\"},\"query-input\":{\"@type\":\"PropertyValueSpecification\",\"valueRequired\":true,\"valueName\":\"search_term_string\"}}],\"inLanguage\":\"pl-PL\"}]}<\/script>\n<!-- \/ Yoast SEO plugin. -->","yoast_head_json":{"title":"Regulamin - GK_FineArt","robots":{"index":"index","follow":"follow","max-snippet":"max-snippet:-1","max-image-preview":"max-image-preview:large","max-video-preview":"max-video-preview:-1"},"canonical":"https:\/\/gkfineartlovers.com\/pl\/regulamin\/","og_locale":"pl_PL","og_type":"article","og_title":"Regulamin - GK_FineArt","og_description":"\ud83c\udf3fDefinicje Na potrzeby niniejszego regulaminu, przyjmuje si\u0119 nast\u0119puj\u0105ce znaczenie poni\u017cszych poj\u0119\u0107: Kupuj\u0105cy\u00a0\u2013 osoba fizyczna, osoba prawna lub u\u0142omna osoba prawna, Konsument\u00a0\u2013 osoba fizyczna zawieraj\u0105ca ze Sprzedawc\u0105 umow\u0119 niezwi\u0105zan\u0105 z bezpo\u015brednio z jej dzia\u0142alno\u015bci\u0105 gospodarcz\u0105 lub zawodow\u0105, Operator P\u0142atno\u015bci\u00a0\u2013 system PayPay, Klarna Sklep\u00a0\u2013 sklep internetowy dost\u0119pny pod adresem\u00a0https:\/\/gkfineartlovers.com\/ Sprzedawca\u00a0\u2013 Gabriela Kusion, prowadz\u0105ca dzia\u0142alno\u015b\u0107 pod firm\u0105 \u201eGk_FineArt\u201d, [&hellip;]","og_url":"https:\/\/gkfineartlovers.com\/pl\/regulamin\/","og_site_name":"GK_FineArt","article_modified_time":"2023-09-28T14:29:54+00:00","twitter_card":"summary_large_image","schema":{"@context":"https:\/\/schema.org","@graph":[{"@type":"WebPage","@id":"https:\/\/gkfineartlovers.com\/pl\/regulamin\/","url":"https:\/\/gkfineartlovers.com\/pl\/regulamin\/","name":"Regulamin - GK_FineArt","isPartOf":{"@id":"https:\/\/gkfineartlovers.com\/pl\/#website"},"datePublished":"2023-05-31T12:15:32+00:00","dateModified":"2023-09-28T14:29:54+00:00","breadcrumb":{"@id":"https:\/\/gkfineartlovers.com\/pl\/regulamin\/#breadcrumb"},"inLanguage":"pl-PL","potentialAction":[{"@type":"ReadAction","target":["https:\/\/gkfineartlovers.com\/pl\/regulamin\/"]}]},{"@type":"BreadcrumbList","@id":"https:\/\/gkfineartlovers.com\/pl\/regulamin\/#breadcrumb","itemListElement":[{"@type":"ListItem","position":1,"name":"Strona g\u0142\u00f3wna","item":"https:\/\/gkfineartlovers.com\/pl\/strona-glowna\/"},{"@type":"ListItem","position":2,"name":"Regulamin"}]},{"@type":"WebSite","@id":"https:\/\/gkfineartlovers.com\/pl\/#website","url":"https:\/\/gkfineartlovers.com\/pl\/","name":"GK_FineArt","description":"Gk_FineArt is independent artist working from home studio in Bromsgrove, continuously developing artistic learning through paint play and media experimentation. Gk_FineArt also makes beautiful and sentimental gift and home decoration.","potentialAction":[{"@type":"SearchAction","target":{"@type":"EntryPoint","urlTemplate":"https:\/\/gkfineartlovers.com\/pl\/?s={search_term_string}"},"query-input":{"@type":"PropertyValueSpecification","valueRequired":true,"valueName":"search_term_string"}}],"inLanguage":"pl-PL"}]}},"_links":{"self":[{"href":"https:\/\/gkfineartlovers.com\/pl\/wp-json\/wp\/v2\/pages\/5434","targetHints":{"allow":["GET"]}}],"collection":[{"href":"https:\/\/gkfineartlovers.com\/pl\/wp-json\/wp\/v2\/pages"}],"about":[{"href":"https:\/\/gkfineartlovers.com\/pl\/wp-json\/wp\/v2\/types\/page"}],"author":[{"embeddable":true,"href":"https:\/\/gkfineartlovers.com\/pl\/wp-json\/wp\/v2\/users\/1"}],"replies":[{"embeddable":true,"href":"https:\/\/gkfineartlovers.com\/pl\/wp-json\/wp\/v2\/comments?post=5434"}],"version-history":[{"count":0,"href":"https:\/\/gkfineartlovers.com\/pl\/wp-json\/wp\/v2\/pages\/5434\/revisions"}],"wp:attachment":[{"href":"https:\/\/gkfineartlovers.com\/pl\/wp-json\/wp\/v2\/media?parent=5434"}],"curies":[{"name":"wp","href":"https:\/\/api.w.org\/{rel}","templated":true}]}}