{"id":5432,"date":"2023-04-04T08:32:07","date_gmt":"2023-04-04T07:32:07","guid":{"rendered":"https:\/\/gkfineartlovers.com\/polityka-prywatnosci\/"},"modified":"2023-09-28T15:25:57","modified_gmt":"2023-09-28T14:25:57","slug":"polityka-prywatnosci","status":"publish","type":"page","link":"https:\/\/gkfineartlovers.com\/pl\/polityka-prywatnosci\/","title":{"rendered":"Polityka prywatno\u015bci"},"content":{"rendered":"\t\t<div data-elementor-type=\"wp-page\" data-elementor-id=\"5432\" class=\"elementor elementor-5432 elementor-3\" data-elementor-post-type=\"page\">\n\t\t\t\t\t\t<section data-particle_enable=\"false\" data-particle-mobile-disabled=\"false\" class=\"elementor-section elementor-top-section elementor-element elementor-element-9d277be elementor-section-full_width elementor-section-height-min-height elementor-section-height-default elementor-section-items-middle\" data-id=\"9d277be\" data-element_type=\"section\" data-e-type=\"section\" data-settings=\"{&quot;background_background&quot;:&quot;classic&quot;,&quot;shape_divider_bottom&quot;:&quot;wave-brush&quot;}\">\n\t\t\t\t\t\t\t<div class=\"elementor-background-overlay\"><\/div>\n\t\t\t\t\t\t<div class=\"elementor-shape elementor-shape-bottom\" aria-hidden=\"true\" data-negative=\"false\">\n\t\t\t<svg xmlns=\"http:\/\/www.w3.org\/2000\/svg\" viewBox=\"0 0 283.5 27.8\" preserveAspectRatio=\"none\">\n\t<path class=\"elementor-shape-fill\" d=\"M283.5,9.7c0,0-7.3,4.3-14,4.6c-6.8,0.3-12.6,0-20.9-1.5c-11.3-2-33.1-10.1-44.7-5.7\ts-12.1,4.6-18,7.4c-6.6,3.2-20,9.6-36.6,9.3C131.6,23.5,99.5,7.2,86.3,8c-1.4,0.1-6.6,0.8-10.5,2c-3.8,1.2-9.4,3.8-17,4.7\tc-3.2,0.4-8.3,1.1-14.2,0.9c-1.5-0.1-6.3-0.4-12-1.6c-5.7-1.2-11-3.1-15.8-3.7C6.5,9.2,0,10.8,0,10.8V0h283.5V9.7z M260.8,11.3\tc-0.7-1-2-0.4-4.3-0.4c-2.3,0-6.1-1.2-5.8-1.1c0.3,0.1,3.1,1.5,6,1.9C259.7,12.2,261.4,12.3,260.8,11.3z M242.4,8.6\tc0,0-2.4-0.2-5.6-0.9c-3.2-0.8-10.3-2.8-15.1-3.5c-8.2-1.1-15.8,0-15.1,0.1c0.8,0.1,9.6-0.6,17.6,1.1c3.3,0.7,9.3,2.2,12.4,2.7\tC239.9,8.7,242.4,8.6,242.4,8.6z M185.2,8.5c1.7-0.7-13.3,4.7-18.5,6.1c-2.1,0.6-6.2,1.6-10,2c-3.9,0.4-8.9,0.4-8.8,0.5\tc0,0.2,5.8,0.8,11.2,0c5.4-0.8,5.2-1.1,7.6-1.6C170.5,14.7,183.5,9.2,185.2,8.5z M199.1,6.9c0.2,0-0.8-0.4-4.8,1.1\tc-4,1.5-6.7,3.5-6.9,3.7c-0.2,0.1,3.5-1.8,6.6-3C197,7.5,199,6.9,199.1,6.9z M283,6c-0.1,0.1-1.9,1.1-4.8,2.5s-6.9,2.8-6.7,2.7\tc0.2,0,3.5-0.6,7.4-2.5C282.8,6.8,283.1,5.9,283,6z M31.3,11.6c0.1-0.2-1.9-0.2-4.5-1.2s-5.4-1.6-7.8-2C15,7.6,7.3,8.5,7.7,8.6\tC8,8.7,15.9,8.3,20.2,9.3c2.2,0.5,2.4,0.5,5.7,1.6S31.2,11.9,31.3,11.6z M73,9.2c0.4-0.1,3.5-1.6,8.4-2.6c4.9-1.1,8.9-0.5,8.9-0.8\tc0-0.3-1-0.9-6.2-0.3S72.6,9.3,73,9.2z M71.6,6.7C71.8,6.8,75,5.4,77.3,5c2.3-0.3,1.9-0.5,1.9-0.6c0-0.1-1.1-0.2-2.7,0.2\tC74.8,5.1,71.4,6.6,71.6,6.7z M93.6,4.4c0.1,0.2,3.5,0.8,5.6,1.8c2.1,1,1.8,0.6,1.9,0.5c0.1-0.1-0.8-0.8-2.4-1.3\tC97.1,4.8,93.5,4.2,93.6,4.4z M65.4,11.1c-0.1,0.3,0.3,0.5,1.9-0.2s2.6-1.3,2.2-1.2s-0.9,0.4-2.5,0.8C65.3,10.9,65.5,10.8,65.4,11.1\tz M34.5,12.4c-0.2,0,2.1,0.8,3.3,0.9c1.2,0.1,2,0.1,2-0.2c0-0.3-0.1-0.5-1.6-0.4C36.6,12.8,34.7,12.4,34.5,12.4z M152.2,21.1\tc-0.1,0.1-2.4-0.3-7.5-0.3c-5,0-13.6-2.4-17.2-3.5c-3.6-1.1,10,3.9,16.5,4.1C150.5,21.6,152.3,21,152.2,21.1z\"\/>\n\t<path class=\"elementor-shape-fill\" d=\"M269.6,18c-0.1-0.1-4.6,0.3-7.2,0c-7.3-0.7-17-3.2-16.6-2.9c0.4,0.3,13.7,3.1,17,3.3\tC267.7,18.8,269.7,18,269.6,18z\"\/>\n\t<path class=\"elementor-shape-fill\" d=\"M227.4,9.8c-0.2-0.1-4.5-1-9.5-1.2c-5-0.2-12.7,0.6-12.3,0.5c0.3-0.1,5.9-1.8,13.3-1.2\tS227.6,9.9,227.4,9.8z\"\/>\n\t<path class=\"elementor-shape-fill\" d=\"M204.5,13.4c-0.1-0.1,2-1,3.2-1.1c1.2-0.1,2,0,2,0.3c0,0.3-0.1,0.5-1.6,0.4\tC206.4,12.9,204.6,13.5,204.5,13.4z\"\/>\n\t<path class=\"elementor-shape-fill\" d=\"M201,10.6c0-0.1-4.4,1.2-6.3,2.2c-1.9,0.9-6.2,3.1-6.1,3.1c0.1,0.1,4.2-1.6,6.3-2.6\tS201,10.7,201,10.6z\"\/>\n\t<path class=\"elementor-shape-fill\" d=\"M154.5,26.7c-0.1-0.1-4.6,0.3-7.2,0c-7.3-0.7-17-3.2-16.6-2.9c0.4,0.3,13.7,3.1,17,3.3\tC152.6,27.5,154.6,26.8,154.5,26.7z\"\/>\n\t<path class=\"elementor-shape-fill\" d=\"M41.9,19.3c0,0,1.2-0.3,2.9-0.1c1.7,0.2,5.8,0.9,8.2,0.7c4.2-0.4,7.4-2.7,7-2.6\tc-0.4,0-4.3,2.2-8.6,1.9c-1.8-0.1-5.1-0.5-6.7-0.4S41.9,19.3,41.9,19.3z\"\/>\n\t<path class=\"elementor-shape-fill\" d=\"M75.5,12.6c0.2,0.1,2-0.8,4.3-1.1c2.3-0.2,2.1-0.3,2.1-0.5c0-0.1-1.8-0.4-3.4,0\tC76.9,11.5,75.3,12.5,75.5,12.6z\"\/>\n\t<path class=\"elementor-shape-fill\" d=\"M15.6,13.2c0-0.1,4.3,0,6.7,0.5c2.4,0.5,5,1.9,5,2c0,0.1-2.7-0.8-5.1-1.4\tC19.9,13.7,15.7,13.3,15.6,13.2z\"\/>\n<\/svg>\t\t<\/div>\n\t\t\t\t\t<div class=\"elementor-container elementor-column-gap-no\">\n\t\t\t\t\t<div class=\"elementor-column elementor-col-100 elementor-top-column elementor-element elementor-element-f4d05d2\" data-id=\"f4d05d2\" data-element_type=\"column\" data-e-type=\"column\">\n\t\t\t<div class=\"elementor-widget-wrap elementor-element-populated\">\n\t\t\t\t\t\t<div class=\"elementor-element elementor-element-5b37966 elementor-widget elementor-widget-heading\" data-id=\"5b37966\" data-element_type=\"widget\" data-e-type=\"widget\" data-widget_type=\"heading.default\">\n\t\t\t\t<div class=\"elementor-widget-container\">\n\t\t\t\t\t<h2 class=\"elementor-heading-title elementor-size-default\">Polityka prywatno\u015bci<\/h2>\t\t\t\t<\/div>\n\t\t\t\t<\/div>\n\t\t\t\t\t<\/div>\n\t\t<\/div>\n\t\t\t\t\t<\/div>\n\t\t<\/section>\n\t\t\t\t<section data-particle_enable=\"false\" data-particle-mobile-disabled=\"false\" class=\"elementor-section elementor-top-section elementor-element elementor-element-81e6b90 elementor-section-boxed elementor-section-height-default elementor-section-height-default\" data-id=\"81e6b90\" data-element_type=\"section\" data-e-type=\"section\">\n\t\t\t\t\t\t<div class=\"elementor-container elementor-column-gap-default\">\n\t\t\t\t\t<div class=\"elementor-column elementor-col-100 elementor-top-column elementor-element elementor-element-a317029\" data-id=\"a317029\" data-element_type=\"column\" data-e-type=\"column\">\n\t\t\t<div class=\"elementor-widget-wrap elementor-element-populated\">\n\t\t\t\t\t\t<div class=\"elementor-element elementor-element-23f0fb8 elementor-widget elementor-widget-text-editor\" data-id=\"23f0fb8\" data-element_type=\"widget\" data-e-type=\"widget\" data-widget_type=\"text-editor.default\">\n\t\t\t\t<div class=\"elementor-widget-container\">\n\t\t\t\t\t\t\t\t\t<p>Je\u017celi tutaj trafi\u0142e\u015b, to niezawodny znak, \u017ce cenisz swoj\u0105 prywatno\u015b\u0107.<\/p>\n<p>Informacja formalna na pocz\u0105tek \u2013 administratorem strony jest Gk_FineArt, zarejestrowana w Wielkiej Brytanii.<\/p>\n<p>W razie jakichkolwiek w\u0105tpliwo\u015bci zwi\u0105zanych z polityk\u0105 prywatno\u015bci, w ka\u017cdej chwili mo\u017cesz skontaktowa\u0107 si\u0119 ze mn\u0105, wysy\u0142aj\u0105c wiadomo\u015b\u0107 na adres <a href=\"mailto:gkfineartlovers@gmail.com\">gkfineartlovers@gmail.com<\/a><\/p>\n<p><strong>\ud83c\udf3fSkr\u00f3cona wersja \u2013 najwa\u017cniejsze informacje<\/strong><\/p>\n<p>Dbam o Twoj\u0105 prywatno\u015b\u0107, ale r\u00f3wnie\u017c o Tw\u00f3j czas. Dlatego przygotowa\u0142em dla Ciebie skr\u00f3con\u0105 wersj\u0119 najwa\u017cniejszych zasad zwi\u0105zanych z ochron\u0105 prywatno\u015bci.<\/p>\n<ol>\n<li>Sk\u0142adaj\u0105c zam\u00f3wienie, podaj\u0105c adres email, kontaktuj\u0105c si\u0119 ze mn\u0105, zapisuj\u0105c si\u0119 na newsletter, sk\u0142adaj\u0105c reklamacj\u0119 przekazujesz mi swoje dane osobowe, a ja gwarantuj\u0119 Ci, \u017ce Twoje dane pozostan\u0105 poufne, bezpieczne i nie zostan\u0105 udost\u0119pnione jakimkolwiek podmiotom trzecim bez Twojej wyra\u017anej zgody.<\/li>\n<li>Korzystam z narz\u0119dzi analitycznych, takich jak Google Analytics, kt\u00f3re zbieraj\u0105 anonimowe informacje na temat Twoich odwiedzin strony, takie jak podstrony, kt\u00f3re wy\u015bwietli\u0142e\u015b, czas, jaki sp\u0119dzi\u0142e\u015b na stronie czy przej\u015bcia pomi\u0119dzy poszczeg\u00f3lnymi podstronami. W tym celu wykorzystywane s\u0105 pliki cookies firmy Google dotycz\u0105ce us\u0142ugi Google Analytics.<\/li>\n<li>Wykorzystuj\u0119 pliki cookies, by\u015b m\u00f3g\u0142 w spos\u00f3b komfortowy korzysta\u0107 ze strony.<\/li>\n<\/ol>\n<p>Je\u017celi powy\u017csze informacje nie s\u0105 dla Ciebie wystarczaj\u0105ce, poni\u017cej znajdziesz dalej id\u0105ce szczeg\u00f3\u0142y.<\/p>\n<p><strong>\ud83c\udf3fDane osobowe<\/strong><\/p>\n<p>Administratorem Twoich danych osobowych w rozumieniu przepis\u00f3w o ochronie danych osobowych jest Gk_FineArt, zarejestrowana w Wielkiej Brytanii.<\/p>\n<p>Cele, podstawy prawne oraz okres przetwarzania danych osobowych wskazane s\u0105 odr\u0119bnie w stosunku do ka\u017cdego celu przetwarzania danych (patrz: postanowienia poni\u017cej zawieraj\u0105ce szczeg\u00f3\u0142owy opis r\u00f3\u017cnych cel\u00f3w przetwarzania danych).<\/p>\n<p>W zwi\u0105zku z przetwarzaniem przeze mnie Twoich danych osobowych, przys\u0142uguj\u0105 Ci nast\u0119puj\u0105ce uprawnienia:<\/p>\n<ol>\n<li>prawo do \u017c\u0105dania dost\u0119pu do swoich danych osobowych, ich sprostowania, usuni\u0119cia lub ograniczenia przetwarzania,<\/li>\n<li>prawo do wniesienia sprzeciwu wobec przetwarzania,<\/li>\n<li>prawo do przenoszenia danych,<\/li>\n<li>prawo do cofni\u0119cia zgody na przetwarzanie danych osobowych w okre\u015blonym celu, je\u017celi uprzednio wyrazi\u0142e\u015b tak\u0105 zgod\u0119,<\/li>\n<li>prawo do wniesienia skargi do organu nadzorczego w zwi\u0105zku z przetwarzaniem przez nas danych osobowych.<\/li>\n<\/ol>\n<p>Podanie przez Ciebie danych osobowych jest zawsze dobrowolne, ale niezb\u0119dne, by za\u0142o\u017cy\u0107 konto u\u017cytkownika, z\u0142o\u017cy\u0107 zam\u00f3wienie, skontaktowa\u0107 ze mn\u0105, odst\u0105pi\u0107 od umowy, z\u0142o\u017cy\u0107 reklamacj\u0119.<\/p>\n<p>Gwarantuj\u0119 Ci poufno\u015b\u0107 wszelkich przekazanych mi danych osobowych. Zapewniam podj\u0119cie wszelkich \u015brodk\u00f3w bezpiecze\u0144stwa i ochrony danych osobowych wymaganych przez przepisy o ochronie danych osobowych. Dane osobowe s\u0105 gromadzone z nale\u017cyt\u0105 staranno\u015bci\u0105 i odpowiednio chronione przed dost\u0119pem do nich przez osoby do tego nieupowa\u017cnione.<\/p>\n<p><strong>\ud83c\udf3fSk\u0142adanie zam\u00f3wienia.\u00a0<\/strong><\/p>\n<p>Sk\u0142adaj\u0105c zam\u00f3wienie za po\u015brednictwem sklepu, musisz poda\u0107 swoje dane osobowe niezb\u0119dne do realizacji zam\u00f3wienia, tj. imi\u0119 i nazwisko, adres e-mail, adres do dostawy zam\u00f3wienia.<\/p>\n<p>Podstaw\u0105 prawn\u0105 przetwarzania Twoich danych osobowych zawartych w zam\u00f3wieniu jest wykonanie umowy sprzeda\u017cy, kt\u00f3r\u0105 zawierasz na podstawie regulaminu.<\/p>\n<p>Dane podane w formularzu zam\u00f3wienia zostan\u0105 zapisane w bazie i b\u0119d\u0105 w niej przechowywane do czasu przedawnienia roszcze\u0144 z tytu\u0142u zawartej umowy. Ka\u017cde zam\u00f3wienie odnotowywane jest jako odr\u0119bna pozycja w bazie. Opr\u00f3cz danych osobowych odnotowywane s\u0105 r\u00f3wnie\u017c szczeg\u00f3\u0142y zam\u00f3wienia takie jak data z\u0142o\u017cenia zam\u00f3wienia, przedmiot i warto\u015b\u0107 zam\u00f3wienia, wybrany spos\u00f3b dostawy i p\u0142atno\u015bci.<\/p>\n<p><strong>\ud83c\udf3fFaktury<\/strong><\/p>\n<p>Je\u017celi w zwi\u0105zku ze z\u0142o\u017conym zam\u00f3wieniem, wystawiam Ci faktur\u0119, to w tym celu przetwarzam Twoje dane osobowe w zakresie niezb\u0119dnym do wystawienia faktury. Podstaw\u0105 prawn\u0105 przetwarzania Twoich danych w tym przypadku jest wype\u0142nienie prawnego obowi\u0105zku wystawienia faktury. Ponadto, wszystkie wystawione faktury uwzgl\u0119dniane s\u0105 w dokumentacji ksi\u0119gowej, w zwi\u0105zku z czym Twoje dane w spos\u00f3b naturalny b\u0119d\u0105 przetwarzane w ramach tej dokumentacji przez okres czasu wymagany przez przepisy prawa.<\/p>\n<p><strong>\ud83c\udf3fZwroty i reklamacje.<\/strong><\/p>\n<p>Je\u017celi odst\u0119pujesz od umowy zawartej na odleg\u0142o\u015b\u0107 lub sk\u0142adasz reklamacj\u0119 dotycz\u0105c\u0105 kupionych produkt\u00f3w, to przekazujesz mi swoje dane zawarte w formularzu odst\u0105pienia od umowy lub w formularzu reklamacyjnym, a ja te dane przetwarzam w celu realizacji procedury odst\u0105pienia od umowy lub procedury reklamacyjnej.<\/p>\n<p>Podstaw\u0105 prawn\u0105 przetwarzania Twoich danych jest w tym przypadku wype\u0142nienie przeze mnie prawnych obowi\u0105zk\u00f3w zwi\u0105zanych z procedur\u0105 odst\u0105pienia od umowy lub procedur\u0105 reklamacyjn\u0105.<\/p>\n<p>Formularze odst\u0105pienia od umowy oraz formularze reklamacyjne s\u0105 przeze mnie archiwizowane. Fakt odst\u0105pienia od umowy lub z\u0142o\u017cenia reklamacji odnotowywany jest r\u00f3wnie\u017c w systemie sklepowym.<\/p>\n<p><strong>\ud83c\udf3fKontakt e-mailowy<\/strong><\/p>\n<p>Kontaktuj\u0105c si\u0119 ze mn\u0105 za po\u015brednictwem poczty elektronicznej, w spos\u00f3b naturalny przekazujesz mi sw\u00f3j adres e-mail jako adres nadawcy wiadomo\u015bci. Ponadto, w tre\u015bci wiadomo\u015bci mo\u017cesz zawrze\u0107 r\u00f3wnie\u017c inne dane osobowe.<\/p>\n<p>Podstaw\u0105 prawn\u0105 przetwarzania danych osobowych w takim przypadku jest Twoja zgoda wynikaj\u0105ca z zainicjowania ze mn\u0105 kontaktu.<\/p>\n<p>Twoje dane osobowe przekazywane mi w ramach kontaktu e-mailowego przetwarzane s\u0105 wy\u0142\u0105cznie w celu obs\u0142ugi Twojego zapytania. Tre\u015b\u0107 korespondencji mo\u017ce podlega\u0107 archiwizacji.<\/p>\n<p><strong>\ud83c\udf3fPliki cookies i inne technologie \u015bledz\u0105ce<\/strong><\/p>\n<p>Moja strona, podobnie jak niemal wszystkie inne strony internetowe, wykorzystuje pliki cookies, by zapewni\u0107 Ci najlepsze do\u015bwiadczenia zwi\u0105zane z korzystaniem z niej.<\/p>\n<p>Cookies to niewielkie informacje tekstowe, przechowywane na Twoim urz\u0105dzeniu ko\u0144cowym (np. komputerze, tablecie, smartfonie), kt\u00f3re mog\u0105 by\u0107 odczytywane przez m\u00f3j system teleinformatyczny.<\/p>\n<p>Cookies pozwalaj\u0105 mi:<\/p>\n<ul>\n<li>zapewni\u0107 prawid\u0142owe funkcjonowanie strony jakiego oczekujesz,<\/li>\n<li>pami\u0119ta\u0107 Twoje ustawienia podczas i pomi\u0119dzy wizytami na stronie,<\/li>\n<li>poprawi\u0107 szybko\u015b\u0107 i bezpiecze\u0144stwo korzystania ze strony,<\/li>\n<li>umo\u017cliwia\u0107 Ci korzystanie z funkcji spo\u0142eczno\u015bciowych,<\/li>\n<li>ulepsza\u0107 funkcje dost\u0119pne dla Ciebie na stronie,<\/li>\n<li>korzysta\u0107 z narz\u0119dzi analitycznych,<\/li>\n<li>korzysta\u0107 z narz\u0119dzi marketingowych.<\/li>\n<\/ul>\n<p>Wi\u0119cej szczeg\u00f3\u0142\u00f3w znajdziesz poni\u017cej.<\/p>\n<p><strong>\ud83c\udf3fZgoda na cookies<\/strong><\/p>\n<p>Podczas pierwszej wizyty na stronie wy\u015bwietlana jest Ci informacja na temat stosowania plik\u00f3w cookies. Zaakceptowanie i zamkni\u0119cie tej informacji oznacza, \u017ce wyra\u017casz zgod\u0119 na wykorzystywanie plik\u00f3w cookies zgodnie z postanowieniami niniejszej polityki prywatno\u015bci. Zgod\u0119 zawsze mo\u017cesz wycofa\u0107, usuwaj\u0105c pliki cookies oraz zmieniaj\u0105c ustawienia plik\u00f3w cookies w Twojej przegl\u0105darce. Pami\u0119taj jednak, \u017ce wy\u0142\u0105czenie plik\u00f3w cookies mo\u017ce powodowa\u0107 trudno\u015bci w korzystaniu ze strony, jak r\u00f3wnie\u017c z wielu innych stron internetowych, kt\u00f3re stosuj\u0105 cookies.<\/p>\n<p>Cookies w\u0142asne. Pliki cookies mo\u017cna podzieli\u0107 na w\u0142asne oraz pochodz\u0105ce od podmiot\u00f3w trzecich. Je\u017celi chodzi o cookies w\u0142asne, wykorzystuj\u0119 je w celu prawid\u0142owego dzia\u0142ania strony, a w szczeg\u00f3lno\u015bci w nast\u0119puj\u0105cych celach:<\/p>\n<ul>\n<li>prawid\u0142owe dzia\u0142anie procesu zam\u00f3wienia,<\/li>\n<li>odnotowanie faktu akceptacji regulaminu.<\/li>\n<\/ul>\n<p>Cookies podmiot\u00f3w trzecich. Moja strona, podobnie jak wi\u0119kszo\u015b\u0107 wsp\u00f3\u0142czesnych stron internetowych, wykorzystuje funkcje zapewniane przez podmioty trzecie, co wi\u0105\u017ce si\u0119 z wykorzystywaniem plik\u00f3w cookies pochodz\u0105cych od podmiot\u00f3w trzecich. Wykorzystanie tego rodzaju plik\u00f3w cookies zosta\u0142o opisane poni\u017cej.<\/p>\n<p>Analiza i statystyka. Wykorzystuj\u0119 cookies do \u015bledzenia statystyk strony, takich jak liczba os\u00f3b odwiedzaj\u0105cych, rodzaj systemu operacyjnego i przegl\u0105darki internetowej wykorzystywanej do przegl\u0105dania strony, czas sp\u0119dzony na stronie, odwiedzone podstrony etc. Korzystam w tym zakresie z Google Analytics. Zbierane w tym zakresie informacje s\u0105 ca\u0142kowicie anonimowe i nie pozwalaj\u0105 na Twoj\u0105 identyfikacj\u0119.<\/p>\n<p><strong>\ud83c\udf3fLogi serwera<\/strong><\/p>\n<p>Korzystanie ze strony wi\u0105\u017ce si\u0119 z przesy\u0142aniem zapyta\u0144 do serwera, na kt\u00f3rym przechowywana jest strona. Ka\u017cde zapytanie skierowane do serwera zapisywane jest w logach serwera.<\/p>\n<p>Logi obejmuj\u0105 m.in. Tw\u00f3j adres IP, dat\u0119 i czas serwera, informacje o przegl\u0105darce internetowej i systemie operacyjnym z jakiego korzystasz. Logi zapisywane i przechowywane s\u0105 na serwerze.<\/p>\n<p>Dane zapisane w logach serwera nie s\u0105 kojarzone z konkretnymi osobami korzystaj\u0105cymi ze strony i nie s\u0105 wykorzystywane przeze mnie w celu Twojej identyfikacji.<\/p>\n<p>Logi serwera stanowi\u0105 wy\u0142\u0105cznie materia\u0142 pomocniczy s\u0142u\u017c\u0105cy do administrowania stron\u0105 a ich zawarto\u015b\u0107 nie jest ujawniana nikomu poza osobami upowa\u017cnionymi do administrowania serwerem.<\/p>\n\t\t\t\t\t\t\t\t<\/div>\n\t\t\t\t<\/div>\n\t\t\t\t\t<\/div>\n\t\t<\/div>\n\t\t\t\t\t<\/div>\n\t\t<\/section>\n\t\t\t\t<\/div>\n\t\t","protected":false},"excerpt":{"rendered":"<p>Je\u017celi tutaj trafi\u0142e\u015b, to niezawodny znak, \u017ce cenisz swoj\u0105 prywatno\u015b\u0107. Informacja formalna na pocz\u0105tek \u2013 administratorem strony jest Gk_FineArt, zarejestrowana w Wielkiej Brytanii. W razie jakichkolwiek w\u0105tpliwo\u015bci zwi\u0105zanych z polityk\u0105 prywatno\u015bci, w ka\u017cdej chwili mo\u017cesz skontaktowa\u0107 si\u0119 ze mn\u0105, wysy\u0142aj\u0105c wiadomo\u015b\u0107 na adres gkfineartlovers@gmail.com \ud83c\udf3fSkr\u00f3cona wersja \u2013 najwa\u017cniejsze informacje Dbam o Twoj\u0105 prywatno\u015b\u0107, ale r\u00f3wnie\u017c [&hellip;]<\/p>\n","protected":false},"author":1,"featured_media":0,"parent":0,"menu_order":0,"comment_status":"closed","ping_status":"open","template":"","meta":{"_acf_changed":false,"footnotes":""},"class_list":["post-5432","page","type-page","status-publish","hentry"],"acf":[],"yoast_head":"<!-- This site is optimized with the Yoast SEO plugin v27.4 - https:\/\/yoast.com\/product\/yoast-seo-wordpress\/ -->\n<title>Polityka prywatno\u015bci - GK_FineArt<\/title>\n<meta name=\"robots\" content=\"index, follow, max-snippet:-1, max-image-preview:large, max-video-preview:-1\" \/>\n<link rel=\"canonical\" href=\"https:\/\/gkfineartlovers.com\/pl\/polityka-prywatnosci\/\" \/>\n<meta property=\"og:locale\" content=\"pl_PL\" \/>\n<meta property=\"og:type\" content=\"article\" \/>\n<meta property=\"og:title\" content=\"Polityka prywatno\u015bci - GK_FineArt\" \/>\n<meta property=\"og:description\" content=\"Je\u017celi tutaj trafi\u0142e\u015b, to niezawodny znak, \u017ce cenisz swoj\u0105 prywatno\u015b\u0107. Informacja formalna na pocz\u0105tek \u2013 administratorem strony jest Gk_FineArt, zarejestrowana w Wielkiej Brytanii. W razie jakichkolwiek w\u0105tpliwo\u015bci zwi\u0105zanych z polityk\u0105 prywatno\u015bci, w ka\u017cdej chwili mo\u017cesz skontaktowa\u0107 si\u0119 ze mn\u0105, wysy\u0142aj\u0105c wiadomo\u015b\u0107 na adres gkfineartlovers@gmail.com \ud83c\udf3fSkr\u00f3cona wersja \u2013 najwa\u017cniejsze informacje Dbam o Twoj\u0105 prywatno\u015b\u0107, ale r\u00f3wnie\u017c [&hellip;]\" \/>\n<meta property=\"og:url\" content=\"https:\/\/gkfineartlovers.com\/pl\/polityka-prywatnosci\/\" \/>\n<meta property=\"og:site_name\" content=\"GK_FineArt\" \/>\n<meta property=\"article:modified_time\" content=\"2023-09-28T14:25:57+00:00\" \/>\n<meta name=\"twitter:card\" content=\"summary_large_image\" \/>\n<script type=\"application\/ld+json\" class=\"yoast-schema-graph\">{\"@context\":\"https:\\\/\\\/schema.org\",\"@graph\":[{\"@type\":\"WebPage\",\"@id\":\"https:\\\/\\\/gkfineartlovers.com\\\/pl\\\/polityka-prywatnosci\\\/\",\"url\":\"https:\\\/\\\/gkfineartlovers.com\\\/pl\\\/polityka-prywatnosci\\\/\",\"name\":\"Polityka prywatno\u015bci - GK_FineArt\",\"isPartOf\":{\"@id\":\"https:\\\/\\\/gkfineartlovers.com\\\/pl\\\/#website\"},\"datePublished\":\"2023-04-04T07:32:07+00:00\",\"dateModified\":\"2023-09-28T14:25:57+00:00\",\"breadcrumb\":{\"@id\":\"https:\\\/\\\/gkfineartlovers.com\\\/pl\\\/polityka-prywatnosci\\\/#breadcrumb\"},\"inLanguage\":\"pl-PL\",\"potentialAction\":[{\"@type\":\"ReadAction\",\"target\":[\"https:\\\/\\\/gkfineartlovers.com\\\/pl\\\/polityka-prywatnosci\\\/\"]}]},{\"@type\":\"BreadcrumbList\",\"@id\":\"https:\\\/\\\/gkfineartlovers.com\\\/pl\\\/polityka-prywatnosci\\\/#breadcrumb\",\"itemListElement\":[{\"@type\":\"ListItem\",\"position\":1,\"name\":\"Strona g\u0142\u00f3wna\",\"item\":\"https:\\\/\\\/gkfineartlovers.com\\\/pl\\\/strona-glowna\\\/\"},{\"@type\":\"ListItem\",\"position\":2,\"name\":\"Polityka prywatno\u015bci\"}]},{\"@type\":\"WebSite\",\"@id\":\"https:\\\/\\\/gkfineartlovers.com\\\/pl\\\/#website\",\"url\":\"https:\\\/\\\/gkfineartlovers.com\\\/pl\\\/\",\"name\":\"GK_FineArt\",\"description\":\"Gk_FineArt is independent artist working from home studio in Bromsgrove, continuously developing artistic learning through paint play and media experimentation. Gk_FineArt also makes beautiful and sentimental gift and home decoration.\",\"potentialAction\":[{\"@type\":\"SearchAction\",\"target\":{\"@type\":\"EntryPoint\",\"urlTemplate\":\"https:\\\/\\\/gkfineartlovers.com\\\/pl\\\/?s={search_term_string}\"},\"query-input\":{\"@type\":\"PropertyValueSpecification\",\"valueRequired\":true,\"valueName\":\"search_term_string\"}}],\"inLanguage\":\"pl-PL\"}]}<\/script>\n<!-- \/ Yoast SEO plugin. -->","yoast_head_json":{"title":"Polityka prywatno\u015bci - GK_FineArt","robots":{"index":"index","follow":"follow","max-snippet":"max-snippet:-1","max-image-preview":"max-image-preview:large","max-video-preview":"max-video-preview:-1"},"canonical":"https:\/\/gkfineartlovers.com\/pl\/polityka-prywatnosci\/","og_locale":"pl_PL","og_type":"article","og_title":"Polityka prywatno\u015bci - GK_FineArt","og_description":"Je\u017celi tutaj trafi\u0142e\u015b, to niezawodny znak, \u017ce cenisz swoj\u0105 prywatno\u015b\u0107. Informacja formalna na pocz\u0105tek \u2013 administratorem strony jest Gk_FineArt, zarejestrowana w Wielkiej Brytanii. W razie jakichkolwiek w\u0105tpliwo\u015bci zwi\u0105zanych z polityk\u0105 prywatno\u015bci, w ka\u017cdej chwili mo\u017cesz skontaktowa\u0107 si\u0119 ze mn\u0105, wysy\u0142aj\u0105c wiadomo\u015b\u0107 na adres gkfineartlovers@gmail.com \ud83c\udf3fSkr\u00f3cona wersja \u2013 najwa\u017cniejsze informacje Dbam o Twoj\u0105 prywatno\u015b\u0107, ale r\u00f3wnie\u017c [&hellip;]","og_url":"https:\/\/gkfineartlovers.com\/pl\/polityka-prywatnosci\/","og_site_name":"GK_FineArt","article_modified_time":"2023-09-28T14:25:57+00:00","twitter_card":"summary_large_image","schema":{"@context":"https:\/\/schema.org","@graph":[{"@type":"WebPage","@id":"https:\/\/gkfineartlovers.com\/pl\/polityka-prywatnosci\/","url":"https:\/\/gkfineartlovers.com\/pl\/polityka-prywatnosci\/","name":"Polityka prywatno\u015bci - GK_FineArt","isPartOf":{"@id":"https:\/\/gkfineartlovers.com\/pl\/#website"},"datePublished":"2023-04-04T07:32:07+00:00","dateModified":"2023-09-28T14:25:57+00:00","breadcrumb":{"@id":"https:\/\/gkfineartlovers.com\/pl\/polityka-prywatnosci\/#breadcrumb"},"inLanguage":"pl-PL","potentialAction":[{"@type":"ReadAction","target":["https:\/\/gkfineartlovers.com\/pl\/polityka-prywatnosci\/"]}]},{"@type":"BreadcrumbList","@id":"https:\/\/gkfineartlovers.com\/pl\/polityka-prywatnosci\/#breadcrumb","itemListElement":[{"@type":"ListItem","position":1,"name":"Strona g\u0142\u00f3wna","item":"https:\/\/gkfineartlovers.com\/pl\/strona-glowna\/"},{"@type":"ListItem","position":2,"name":"Polityka prywatno\u015bci"}]},{"@type":"WebSite","@id":"https:\/\/gkfineartlovers.com\/pl\/#website","url":"https:\/\/gkfineartlovers.com\/pl\/","name":"GK_FineArt","description":"Gk_FineArt is independent artist working from home studio in Bromsgrove, continuously developing artistic learning through paint play and media experimentation. Gk_FineArt also makes beautiful and sentimental gift and home decoration.","potentialAction":[{"@type":"SearchAction","target":{"@type":"EntryPoint","urlTemplate":"https:\/\/gkfineartlovers.com\/pl\/?s={search_term_string}"},"query-input":{"@type":"PropertyValueSpecification","valueRequired":true,"valueName":"search_term_string"}}],"inLanguage":"pl-PL"}]}},"_links":{"self":[{"href":"https:\/\/gkfineartlovers.com\/pl\/wp-json\/wp\/v2\/pages\/5432","targetHints":{"allow":["GET"]}}],"collection":[{"href":"https:\/\/gkfineartlovers.com\/pl\/wp-json\/wp\/v2\/pages"}],"about":[{"href":"https:\/\/gkfineartlovers.com\/pl\/wp-json\/wp\/v2\/types\/page"}],"author":[{"embeddable":true,"href":"https:\/\/gkfineartlovers.com\/pl\/wp-json\/wp\/v2\/users\/1"}],"replies":[{"embeddable":true,"href":"https:\/\/gkfineartlovers.com\/pl\/wp-json\/wp\/v2\/comments?post=5432"}],"version-history":[{"count":0,"href":"https:\/\/gkfineartlovers.com\/pl\/wp-json\/wp\/v2\/pages\/5432\/revisions"}],"wp:attachment":[{"href":"https:\/\/gkfineartlovers.com\/pl\/wp-json\/wp\/v2\/media?parent=5432"}],"curies":[{"name":"wp","href":"https:\/\/api.w.org\/{rel}","templated":true}]}}