{"id":5415,"date":"2023-05-05T09:55:45","date_gmt":"2023-05-05T08:55:45","guid":{"rendered":"https:\/\/gkfineartlovers.com\/zamowienia-indywidualne\/"},"modified":"2023-10-09T09:05:27","modified_gmt":"2023-10-09T08:05:27","slug":"zamowienia-indywidualne","status":"publish","type":"page","link":"https:\/\/gkfineartlovers.com\/pl\/zamowienia-indywidualne\/","title":{"rendered":"Zam\u00f3wienia indywidulne"},"content":{"rendered":"\t\t<div data-elementor-type=\"wp-page\" data-elementor-id=\"5415\" class=\"elementor elementor-5415 elementor-836\" data-elementor-post-type=\"page\">\n\t\t\t\t\t\t<section data-particle_enable=\"false\" data-particle-mobile-disabled=\"false\" class=\"elementor-section elementor-top-section elementor-element elementor-element-a5aa249 elementor-section-full_width elementor-section-height-min-height elementor-section-height-default elementor-section-items-middle\" data-id=\"a5aa249\" data-element_type=\"section\" data-e-type=\"section\" data-settings=\"{&quot;background_background&quot;:&quot;classic&quot;,&quot;shape_divider_bottom&quot;:&quot;wave-brush&quot;}\">\n\t\t\t\t\t\t\t<div class=\"elementor-background-overlay\"><\/div>\n\t\t\t\t\t\t<div class=\"elementor-shape elementor-shape-bottom\" aria-hidden=\"true\" data-negative=\"false\">\n\t\t\t<svg xmlns=\"http:\/\/www.w3.org\/2000\/svg\" viewBox=\"0 0 283.5 27.8\" preserveAspectRatio=\"none\">\n\t<path class=\"elementor-shape-fill\" d=\"M283.5,9.7c0,0-7.3,4.3-14,4.6c-6.8,0.3-12.6,0-20.9-1.5c-11.3-2-33.1-10.1-44.7-5.7\ts-12.1,4.6-18,7.4c-6.6,3.2-20,9.6-36.6,9.3C131.6,23.5,99.5,7.2,86.3,8c-1.4,0.1-6.6,0.8-10.5,2c-3.8,1.2-9.4,3.8-17,4.7\tc-3.2,0.4-8.3,1.1-14.2,0.9c-1.5-0.1-6.3-0.4-12-1.6c-5.7-1.2-11-3.1-15.8-3.7C6.5,9.2,0,10.8,0,10.8V0h283.5V9.7z M260.8,11.3\tc-0.7-1-2-0.4-4.3-0.4c-2.3,0-6.1-1.2-5.8-1.1c0.3,0.1,3.1,1.5,6,1.9C259.7,12.2,261.4,12.3,260.8,11.3z M242.4,8.6\tc0,0-2.4-0.2-5.6-0.9c-3.2-0.8-10.3-2.8-15.1-3.5c-8.2-1.1-15.8,0-15.1,0.1c0.8,0.1,9.6-0.6,17.6,1.1c3.3,0.7,9.3,2.2,12.4,2.7\tC239.9,8.7,242.4,8.6,242.4,8.6z M185.2,8.5c1.7-0.7-13.3,4.7-18.5,6.1c-2.1,0.6-6.2,1.6-10,2c-3.9,0.4-8.9,0.4-8.8,0.5\tc0,0.2,5.8,0.8,11.2,0c5.4-0.8,5.2-1.1,7.6-1.6C170.5,14.7,183.5,9.2,185.2,8.5z M199.1,6.9c0.2,0-0.8-0.4-4.8,1.1\tc-4,1.5-6.7,3.5-6.9,3.7c-0.2,0.1,3.5-1.8,6.6-3C197,7.5,199,6.9,199.1,6.9z M283,6c-0.1,0.1-1.9,1.1-4.8,2.5s-6.9,2.8-6.7,2.7\tc0.2,0,3.5-0.6,7.4-2.5C282.8,6.8,283.1,5.9,283,6z M31.3,11.6c0.1-0.2-1.9-0.2-4.5-1.2s-5.4-1.6-7.8-2C15,7.6,7.3,8.5,7.7,8.6\tC8,8.7,15.9,8.3,20.2,9.3c2.2,0.5,2.4,0.5,5.7,1.6S31.2,11.9,31.3,11.6z M73,9.2c0.4-0.1,3.5-1.6,8.4-2.6c4.9-1.1,8.9-0.5,8.9-0.8\tc0-0.3-1-0.9-6.2-0.3S72.6,9.3,73,9.2z M71.6,6.7C71.8,6.8,75,5.4,77.3,5c2.3-0.3,1.9-0.5,1.9-0.6c0-0.1-1.1-0.2-2.7,0.2\tC74.8,5.1,71.4,6.6,71.6,6.7z M93.6,4.4c0.1,0.2,3.5,0.8,5.6,1.8c2.1,1,1.8,0.6,1.9,0.5c0.1-0.1-0.8-0.8-2.4-1.3\tC97.1,4.8,93.5,4.2,93.6,4.4z M65.4,11.1c-0.1,0.3,0.3,0.5,1.9-0.2s2.6-1.3,2.2-1.2s-0.9,0.4-2.5,0.8C65.3,10.9,65.5,10.8,65.4,11.1\tz M34.5,12.4c-0.2,0,2.1,0.8,3.3,0.9c1.2,0.1,2,0.1,2-0.2c0-0.3-0.1-0.5-1.6-0.4C36.6,12.8,34.7,12.4,34.5,12.4z M152.2,21.1\tc-0.1,0.1-2.4-0.3-7.5-0.3c-5,0-13.6-2.4-17.2-3.5c-3.6-1.1,10,3.9,16.5,4.1C150.5,21.6,152.3,21,152.2,21.1z\"\/>\n\t<path class=\"elementor-shape-fill\" d=\"M269.6,18c-0.1-0.1-4.6,0.3-7.2,0c-7.3-0.7-17-3.2-16.6-2.9c0.4,0.3,13.7,3.1,17,3.3\tC267.7,18.8,269.7,18,269.6,18z\"\/>\n\t<path class=\"elementor-shape-fill\" d=\"M227.4,9.8c-0.2-0.1-4.5-1-9.5-1.2c-5-0.2-12.7,0.6-12.3,0.5c0.3-0.1,5.9-1.8,13.3-1.2\tS227.6,9.9,227.4,9.8z\"\/>\n\t<path class=\"elementor-shape-fill\" d=\"M204.5,13.4c-0.1-0.1,2-1,3.2-1.1c1.2-0.1,2,0,2,0.3c0,0.3-0.1,0.5-1.6,0.4\tC206.4,12.9,204.6,13.5,204.5,13.4z\"\/>\n\t<path class=\"elementor-shape-fill\" d=\"M201,10.6c0-0.1-4.4,1.2-6.3,2.2c-1.9,0.9-6.2,3.1-6.1,3.1c0.1,0.1,4.2-1.6,6.3-2.6\tS201,10.7,201,10.6z\"\/>\n\t<path class=\"elementor-shape-fill\" d=\"M154.5,26.7c-0.1-0.1-4.6,0.3-7.2,0c-7.3-0.7-17-3.2-16.6-2.9c0.4,0.3,13.7,3.1,17,3.3\tC152.6,27.5,154.6,26.8,154.5,26.7z\"\/>\n\t<path class=\"elementor-shape-fill\" d=\"M41.9,19.3c0,0,1.2-0.3,2.9-0.1c1.7,0.2,5.8,0.9,8.2,0.7c4.2-0.4,7.4-2.7,7-2.6\tc-0.4,0-4.3,2.2-8.6,1.9c-1.8-0.1-5.1-0.5-6.7-0.4S41.9,19.3,41.9,19.3z\"\/>\n\t<path class=\"elementor-shape-fill\" d=\"M75.5,12.6c0.2,0.1,2-0.8,4.3-1.1c2.3-0.2,2.1-0.3,2.1-0.5c0-0.1-1.8-0.4-3.4,0\tC76.9,11.5,75.3,12.5,75.5,12.6z\"\/>\n\t<path class=\"elementor-shape-fill\" d=\"M15.6,13.2c0-0.1,4.3,0,6.7,0.5c2.4,0.5,5,1.9,5,2c0,0.1-2.7-0.8-5.1-1.4\tC19.9,13.7,15.7,13.3,15.6,13.2z\"\/>\n<\/svg>\t\t<\/div>\n\t\t\t\t\t<div class=\"elementor-container elementor-column-gap-no\">\n\t\t\t\t\t<div class=\"elementor-column elementor-col-100 elementor-top-column elementor-element elementor-element-5b82611\" data-id=\"5b82611\" data-element_type=\"column\" data-e-type=\"column\">\n\t\t\t<div class=\"elementor-widget-wrap elementor-element-populated\">\n\t\t\t\t\t\t<div class=\"elementor-element elementor-element-8c66a6e elementor-widget elementor-widget-heading\" data-id=\"8c66a6e\" data-element_type=\"widget\" data-e-type=\"widget\" data-widget_type=\"heading.default\">\n\t\t\t\t<div class=\"elementor-widget-container\">\n\t\t\t\t\t<h2 class=\"elementor-heading-title elementor-size-default\">Zam\u00f3wienia indywidulne<\/h2>\t\t\t\t<\/div>\n\t\t\t\t<\/div>\n\t\t\t\t\t<\/div>\n\t\t<\/div>\n\t\t\t\t\t<\/div>\n\t\t<\/section>\n\t\t\t\t<section data-particle_enable=\"false\" data-particle-mobile-disabled=\"false\" class=\"elementor-section elementor-top-section elementor-element elementor-element-6dc8bf4 elementor-section-boxed elementor-section-height-default elementor-section-height-default\" data-id=\"6dc8bf4\" data-element_type=\"section\" data-e-type=\"section\">\n\t\t\t\t\t\t<div class=\"elementor-container elementor-column-gap-default\">\n\t\t\t\t\t<div class=\"elementor-column elementor-col-50 elementor-top-column elementor-element elementor-element-c1a1191\" data-id=\"c1a1191\" data-element_type=\"column\" data-e-type=\"column\">\n\t\t\t<div class=\"elementor-widget-wrap elementor-element-populated\">\n\t\t\t\t\t\t<div class=\"elementor-element elementor-element-e2c171d elementor-widget__width-inherit elementor-widget elementor-widget-image\" data-id=\"e2c171d\" data-element_type=\"widget\" data-e-type=\"widget\" data-widget_type=\"image.default\">\n\t\t\t\t<div class=\"elementor-widget-container\">\n\t\t\t\t\t\t\t\t\t\t\t\t\t\t\t<img decoding=\"async\" src=\"https:\/\/gkfineartlovers.com\/wp-content\/uploads\/elementor\/thumbs\/20230219_140209-scaled-qdnqxqwmjjkpri7lnjiy4tzjg6o73z3qd9w6fiqhwo.jpg\" title=\"20230219_140209\" alt=\"20230219_140209\" loading=\"lazy\" \/>\t\t\t\t\t\t\t\t\t\t\t\t\t\t\t<\/div>\n\t\t\t\t<\/div>\n\t\t\t\t\t<\/div>\n\t\t<\/div>\n\t\t\t\t<div class=\"elementor-column elementor-col-50 elementor-top-column elementor-element elementor-element-ba4422e\" data-id=\"ba4422e\" data-element_type=\"column\" data-e-type=\"column\">\n\t\t\t<div class=\"elementor-widget-wrap elementor-element-populated\">\n\t\t\t\t\t\t<div class=\"elementor-element elementor-element-5efe9e4 elementor-widget elementor-widget-heading\" data-id=\"5efe9e4\" data-element_type=\"widget\" data-e-type=\"widget\" data-widget_type=\"heading.default\">\n\t\t\t\t<div class=\"elementor-widget-container\">\n\t\t\t\t\t<h2 class=\"elementor-heading-title elementor-size-default\">Zam\u00f3wienia indywidulne<\/h2>\t\t\t\t<\/div>\n\t\t\t\t<\/div>\n\t\t\t\t<div class=\"elementor-element elementor-element-a151368 elementor-widget-divider--view-line elementor-widget elementor-widget-divider\" data-id=\"a151368\" data-element_type=\"widget\" data-e-type=\"widget\" data-widget_type=\"divider.default\">\n\t\t\t\t<div class=\"elementor-widget-container\">\n\t\t\t\t\t\t\t<div class=\"elementor-divider\">\n\t\t\t<span class=\"elementor-divider-separator\">\n\t\t\t\t\t\t<\/span>\n\t\t<\/div>\n\t\t\t\t\t\t<\/div>\n\t\t\t\t<\/div>\n\t\t\t\t<div class=\"elementor-element elementor-element-eb73722 elementor-widget elementor-widget-text-editor\" data-id=\"eb73722\" data-element_type=\"widget\" data-e-type=\"widget\" data-widget_type=\"text-editor.default\">\n\t\t\t\t<div class=\"elementor-widget-container\">\n\t\t\t\t\t\t\t\t\t<p>\ud83c\udf3fObraz jest bardzo dobrym dodatkiem, kt\u00f3ry o\u017cywi Twoje wn\u0119trze I doda charakteru Twojemu domowi. Mo\u017cesz zam\u00f3wi\u0107 obraz np. do salonu, jadalni lub sypialni, a tak\u017ce do biura, w kt\u00f3rym pracujesz.<\/p>\n<p>\ud83c\udf3fMog\u0119 namalowa\u0107 portrety os\u00f3b i zwierz\u0105t, pejza\u017ce naturalne i miejskie, martw\u0105 natur\u0119 i kwiaty, akty i sceny rodzajowe. Mog\u0119\u00a0 stworzy\u0107 kopi\u0119 Twojego ulubionego dzie\u0142a sztuki lub zaproponowa\u0107 w\u0142asn\u0105 kompozycj\u0119.<\/p>\n<p>\ud83c\udf3fProces zamawiania obrazu na zam\u00f3wienie u mnie jest prosty i satysfakcjonuj\u0105cy. Skrupulatnie wys\u0142ucham Twoich wskaz\u00f3wek i inspiracji, aby stworzy\u0107 dzie\u0142o, kt\u00f3re spe\u0142ni Twoje oczekiwania. Od wyboru tematu i stylu, przez palet\u0119 kolor\u00f3w i techniki malarskie, a\u017c do finalnego efektu &#8211; ka\u017cdy etap jest dopracowany z dba\u0142o\u015bci\u0105 o najmniejsze detale.<\/p>\n\t\t\t\t\t\t\t\t<\/div>\n\t\t\t\t<\/div>\n\t\t\t\t<div class=\"elementor-element elementor-element-22d5b0d elementor-mobile-align-center elementor-widget elementor-widget-button\" data-id=\"22d5b0d\" data-element_type=\"widget\" data-e-type=\"widget\" data-widget_type=\"button.default\">\n\t\t\t\t<div class=\"elementor-widget-container\">\n\t\t\t\t\t\t\t\t\t<div class=\"elementor-button-wrapper\">\n\t\t\t\t\t<a class=\"elementor-button elementor-button-link elementor-size-sm\" href=\"https:\/\/gkfineartlovers.com\/pl\/kontakt\/\">\n\t\t\t\t\t\t<span class=\"elementor-button-content-wrapper\">\n\t\t\t\t\t\t<span class=\"elementor-button-icon\">\n\t\t\t\t<svg xmlns=\"http:\/\/www.w3.org\/2000\/svg\" xmlns:xlink=\"http:\/\/www.w3.org\/1999\/xlink\" id=\"Capa_1\" x=\"0px\" y=\"0px\" viewBox=\"0 0 512 512\" style=\"enable-background:new 0 0 512 512;\" xml:space=\"preserve\"><g>\t<g>\t\t<path d=\"M506.134,241.843c-0.006-0.006-0.011-0.013-0.018-0.019l-104.504-104c-7.829-7.791-20.492-7.762-28.285,0.068   c-7.792,7.829-7.762,20.492,0.067,28.284L443.558,236H20c-11.046,0-20,8.954-20,20c0,11.046,8.954,20,20,20h423.557   l-70.162,69.824c-7.829,7.792-7.859,20.455-0.067,28.284c7.793,7.831,20.457,7.858,28.285,0.068l104.504-104   c0.006-0.006,0.011-0.013,0.018-0.019C513.968,262.339,513.943,249.635,506.134,241.843z\"><\/path>\t<\/g><\/g><g><\/g><g><\/g><g><\/g><g><\/g><g><\/g><g><\/g><g><\/g><g><\/g><g><\/g><g><\/g><g><\/g><g><\/g><g><\/g><g><\/g><g><\/g><\/svg>\t\t\t<\/span>\n\t\t\t\t\t\t\t\t\t<span class=\"elementor-button-text\">Skontaktuj si\u0119 ze mn\u0105<\/span>\n\t\t\t\t\t<\/span>\n\t\t\t\t\t<\/a>\n\t\t\t\t<\/div>\n\t\t\t\t\t\t\t\t<\/div>\n\t\t\t\t<\/div>\n\t\t\t\t\t<\/div>\n\t\t<\/div>\n\t\t\t\t\t<\/div>\n\t\t<\/section>\n\t\t\t\t<section data-particle_enable=\"false\" data-particle-mobile-disabled=\"false\" class=\"elementor-section elementor-top-section elementor-element elementor-element-130b710 elementor-reverse-mobile elementor-section-boxed elementor-section-height-default elementor-section-height-default\" data-id=\"130b710\" data-element_type=\"section\" data-e-type=\"section\">\n\t\t\t\t\t\t<div class=\"elementor-container elementor-column-gap-default\">\n\t\t\t\t\t<div class=\"elementor-column elementor-col-50 elementor-top-column elementor-element elementor-element-22cdcc0\" data-id=\"22cdcc0\" data-element_type=\"column\" data-e-type=\"column\">\n\t\t\t<div class=\"elementor-widget-wrap elementor-element-populated\">\n\t\t\t\t\t\t<div class=\"elementor-element elementor-element-c250739 elementor-widget elementor-widget-heading\" data-id=\"c250739\" data-element_type=\"widget\" data-e-type=\"widget\" data-widget_type=\"heading.default\">\n\t\t\t\t<div class=\"elementor-widget-container\">\n\t\t\t\t\t<h2 class=\"elementor-heading-title elementor-size-default\">Zam\u00f3w obraz, rysunek lub r\u0119kodzie\u0142o w 3 prostych krokach:<\/h2>\t\t\t\t<\/div>\n\t\t\t\t<\/div>\n\t\t\t\t<div class=\"elementor-element elementor-element-549d00c elementor-widget elementor-widget-text-editor\" data-id=\"549d00c\" data-element_type=\"widget\" data-e-type=\"widget\" data-widget_type=\"text-editor.default\">\n\t\t\t\t<div class=\"elementor-widget-container\">\n\t\t\t\t\t\t\t\t\t<p>BEZP\u0141ATNA KONSULTACJA<\/p>\n<p>\ud83c\udf3fZg\u0142o\u015b si\u0119 do mnie &#8211; om\u00f3wimy szczeg\u00f3\u0142y zam\u00f3wienia: technika, styl, format, teksty i dodatki. Tak powstanie ostateczna wizualizacja do zaakceptowania.<\/p>\n<p>Je\u015bli nie wiesz, jaki obraz wybra\u0107 i o jakiej kolorystyce, to mo\u017cesz mi przes\u0142a\u0107zdj\u0119cie pomieszczenia. Dzi\u0119ki temu pomog\u0119 Ci zdecydowa\u0107, jaki obraz najlepiej b\u0119dzie pasowa\u0107 do Twojego mieszkania lub miejsca Twojej pracy.<\/p>\n<p>Wykonuj\u0119 r\u00f3wnie\u017c darmow\u0105 wizuacje wn\u0119trza.<\/p>\n<p><strong>TECHNIKA (do wyboru):<\/strong>\u00a0olej, farby i spreje akrylowe, akwarela, grafika, o\u0142\u00f3wek, piaskowa lub g\u0142adka tekstura, z\u0142oty lub srebrny szlagmetal<\/p>\n<p>Ka\u017cdy pomys\u0142 wyceniany jest indywidualnie w zale\u017cnosci techniki, tematu, stylu, wielko\u015bci itp.<\/p>\n<p>REALIZACJA<\/p>\n<p>\ud83c\udf3fAkceptacja wizualizacji wi\u0105\u017ce si\u0119 z wp\u0142at\u0105 zaliczki 30-50% warto\u015bci zlecenia ( do indywidualnego ustalenia). Po op\u0142aceniu zam\u00f3wienia wykonuj\u0119 dzie\u0142o w uzgodnionym terminie, W trakcie b\u0119d\u0119 podsy\u0142a\u0107 zdj\u0119cia w celu konsultacji i akceptacji. Je\u015bli Klient ma sugestie dotycz\u0105ce poprawek \u2013 nanosz\u0119 je i ponownie wysy\u0142am zdj\u0119cie do akceptacji. Po uko\u0144czeniu wysy\u0142am finaln\u0105 prac\u0119 na Twojego maila do akceptacji.<\/p>\n<p>AKCEPTACJA I WYSY\u0141KA<\/p>\n<p>\ud83c\udf3fPo akceptacji pracy przesy\u0142asz pozosta\u0142\u0105 kwot\u0119. Po zaksi\u0119gowaniu pieni\u0119dzy lub potwierdzeniu przelewu wysy\u0142am zam\u00f3wione dzie\u0142o na ustalony adres.<\/p>\n<p>Zapraszam do mojego portfolio z wybranymi pracami na zam\u00f3wienie<\/p>\n\t\t\t\t\t\t\t\t<\/div>\n\t\t\t\t<\/div>\n\t\t\t\t<div class=\"elementor-element elementor-element-c5051b6 elementor-mobile-align-center elementor-widget elementor-widget-button\" data-id=\"c5051b6\" data-element_type=\"widget\" data-e-type=\"widget\" data-widget_type=\"button.default\">\n\t\t\t\t<div class=\"elementor-widget-container\">\n\t\t\t\t\t\t\t\t\t<div class=\"elementor-button-wrapper\">\n\t\t\t\t\t<a class=\"elementor-button elementor-button-link elementor-size-sm\" href=\"https:\/\/gkfineartlovers.com\/pl\/portfolio\/\">\n\t\t\t\t\t\t<span class=\"elementor-button-content-wrapper\">\n\t\t\t\t\t\t<span class=\"elementor-button-icon\">\n\t\t\t\t<svg xmlns=\"http:\/\/www.w3.org\/2000\/svg\" xmlns:xlink=\"http:\/\/www.w3.org\/1999\/xlink\" id=\"Capa_1\" x=\"0px\" y=\"0px\" viewBox=\"0 0 512 512\" style=\"enable-background:new 0 0 512 512;\" xml:space=\"preserve\"><g>\t<g>\t\t<path d=\"M506.134,241.843c-0.006-0.006-0.011-0.013-0.018-0.019l-104.504-104c-7.829-7.791-20.492-7.762-28.285,0.068   c-7.792,7.829-7.762,20.492,0.067,28.284L443.558,236H20c-11.046,0-20,8.954-20,20c0,11.046,8.954,20,20,20h423.557   l-70.162,69.824c-7.829,7.792-7.859,20.455-0.067,28.284c7.793,7.831,20.457,7.858,28.285,0.068l104.504-104   c0.006-0.006,0.011-0.013,0.018-0.019C513.968,262.339,513.943,249.635,506.134,241.843z\"><\/path>\t<\/g><\/g><g><\/g><g><\/g><g><\/g><g><\/g><g><\/g><g><\/g><g><\/g><g><\/g><g><\/g><g><\/g><g><\/g><g><\/g><g><\/g><g><\/g><g><\/g><\/svg>\t\t\t<\/span>\n\t\t\t\t\t\t\t\t\t<span class=\"elementor-button-text\">Sprawd\u017a Portfolio<\/span>\n\t\t\t\t\t<\/span>\n\t\t\t\t\t<\/a>\n\t\t\t\t<\/div>\n\t\t\t\t\t\t\t\t<\/div>\n\t\t\t\t<\/div>\n\t\t\t\t\t<\/div>\n\t\t<\/div>\n\t\t\t\t<div class=\"elementor-column elementor-col-50 elementor-top-column elementor-element elementor-element-7fd22dd\" data-id=\"7fd22dd\" data-element_type=\"column\" data-e-type=\"column\">\n\t\t\t<div class=\"elementor-widget-wrap elementor-element-populated\">\n\t\t\t\t\t\t<div class=\"elementor-element elementor-element-41734ff elementor-widget__width-inherit elementor-widget elementor-widget-image\" data-id=\"41734ff\" data-element_type=\"widget\" data-e-type=\"widget\" data-widget_type=\"image.default\">\n\t\t\t\t<div class=\"elementor-widget-container\">\n\t\t\t\t\t\t\t\t\t\t\t\t\t\t\t<img decoding=\"async\" src=\"https:\/\/gkfineartlovers.com\/wp-content\/uploads\/elementor\/thumbs\/IMG_20220219_140143-qdnhih1rqb4v6f0wrw0p5g40jewqsy7ke0wwi1s3s8.jpg\" title=\"IMG_20220219_140143\" alt=\"IMG_20220219_140143\" loading=\"lazy\" \/>\t\t\t\t\t\t\t\t\t\t\t\t\t\t\t<\/div>\n\t\t\t\t<\/div>\n\t\t\t\t\t<\/div>\n\t\t<\/div>\n\t\t\t\t\t<\/div>\n\t\t<\/section>\n\t\t\t\t<\/div>\n\t\t","protected":false},"excerpt":{"rendered":"<p>Zam\u00f3wienia indywidulne \ud83c\udf3fObraz jest bardzo dobrym dodatkiem, kt\u00f3ry o\u017cywi Twoje wn\u0119trze I doda charakteru Twojemu domowi. Mo\u017cesz zam\u00f3wi\u0107 obraz np. do salonu, jadalni lub sypialni, a tak\u017ce do biura, w kt\u00f3rym pracujesz. \ud83c\udf3fMog\u0119 namalowa\u0107 portrety os\u00f3b i zwierz\u0105t, pejza\u017ce naturalne i miejskie, martw\u0105 natur\u0119 i kwiaty, akty i sceny rodzajowe. Mog\u0119\u00a0 stworzy\u0107 kopi\u0119 Twojego ulubionego [&hellip;]<\/p>\n","protected":false},"author":1,"featured_media":0,"parent":0,"menu_order":0,"comment_status":"closed","ping_status":"closed","template":"","meta":{"_acf_changed":false,"footnotes":""},"class_list":["post-5415","page","type-page","status-publish","hentry"],"acf":[],"yoast_head":"<!-- This site is optimized with the Yoast SEO plugin v27.4 - https:\/\/yoast.com\/product\/yoast-seo-wordpress\/ -->\n<title>Zam\u00f3wienia indywidulne - GK_FineArt<\/title>\n<meta name=\"robots\" content=\"index, follow, max-snippet:-1, max-image-preview:large, max-video-preview:-1\" \/>\n<link rel=\"canonical\" href=\"https:\/\/gkfineartlovers.com\/pl\/zamowienia-indywidualne\/\" \/>\n<meta property=\"og:locale\" content=\"pl_PL\" \/>\n<meta property=\"og:type\" content=\"article\" \/>\n<meta property=\"og:title\" content=\"Zam\u00f3wienia indywidulne - GK_FineArt\" \/>\n<meta property=\"og:description\" content=\"Zam\u00f3wienia indywidulne \ud83c\udf3fObraz jest bardzo dobrym dodatkiem, kt\u00f3ry o\u017cywi Twoje wn\u0119trze I doda charakteru Twojemu domowi. Mo\u017cesz zam\u00f3wi\u0107 obraz np. do salonu, jadalni lub sypialni, a tak\u017ce do biura, w kt\u00f3rym pracujesz. \ud83c\udf3fMog\u0119 namalowa\u0107 portrety os\u00f3b i zwierz\u0105t, pejza\u017ce naturalne i miejskie, martw\u0105 natur\u0119 i kwiaty, akty i sceny rodzajowe. Mog\u0119\u00a0 stworzy\u0107 kopi\u0119 Twojego ulubionego [&hellip;]\" \/>\n<meta property=\"og:url\" content=\"https:\/\/gkfineartlovers.com\/pl\/zamowienia-indywidualne\/\" \/>\n<meta property=\"og:site_name\" content=\"GK_FineArt\" \/>\n<meta property=\"article:modified_time\" content=\"2023-10-09T08:05:27+00:00\" \/>\n<meta property=\"og:image\" content=\"https:\/\/gkfineartlovers.com\/wp-content\/uploads\/elementor\/thumbs\/20230219_140209-scaled-q6txrrer1va404w1mevm7cxnevl11jcaq8o6nbmo88.jpg\" \/>\n<meta name=\"twitter:card\" content=\"summary_large_image\" \/>\n<script type=\"application\/ld+json\" class=\"yoast-schema-graph\">{\"@context\":\"https:\\\/\\\/schema.org\",\"@graph\":[{\"@type\":\"WebPage\",\"@id\":\"https:\\\/\\\/gkfineartlovers.com\\\/pl\\\/zamowienia-indywidualne\\\/\",\"url\":\"https:\\\/\\\/gkfineartlovers.com\\\/pl\\\/zamowienia-indywidualne\\\/\",\"name\":\"Zam\u00f3wienia indywidulne - GK_FineArt\",\"isPartOf\":{\"@id\":\"https:\\\/\\\/gkfineartlovers.com\\\/pl\\\/#website\"},\"primaryImageOfPage\":{\"@id\":\"https:\\\/\\\/gkfineartlovers.com\\\/pl\\\/zamowienia-indywidualne\\\/#primaryimage\"},\"image\":{\"@id\":\"https:\\\/\\\/gkfineartlovers.com\\\/pl\\\/zamowienia-indywidualne\\\/#primaryimage\"},\"thumbnailUrl\":\"https:\\\/\\\/gkfineartlovers.com\\\/wp-content\\\/uploads\\\/elementor\\\/thumbs\\\/20230219_140209-scaled-q6txrrer1va404w1mevm7cxnevl11jcaq8o6nbmo88.jpg\",\"datePublished\":\"2023-05-05T08:55:45+00:00\",\"dateModified\":\"2023-10-09T08:05:27+00:00\",\"breadcrumb\":{\"@id\":\"https:\\\/\\\/gkfineartlovers.com\\\/pl\\\/zamowienia-indywidualne\\\/#breadcrumb\"},\"inLanguage\":\"pl-PL\",\"potentialAction\":[{\"@type\":\"ReadAction\",\"target\":[\"https:\\\/\\\/gkfineartlovers.com\\\/pl\\\/zamowienia-indywidualne\\\/\"]}]},{\"@type\":\"ImageObject\",\"inLanguage\":\"pl-PL\",\"@id\":\"https:\\\/\\\/gkfineartlovers.com\\\/pl\\\/zamowienia-indywidualne\\\/#primaryimage\",\"url\":\"https:\\\/\\\/gkfineartlovers.com\\\/wp-content\\\/uploads\\\/elementor\\\/thumbs\\\/20230219_140209-scaled-q6txrrer1va404w1mevm7cxnevl11jcaq8o6nbmo88.jpg\",\"contentUrl\":\"https:\\\/\\\/gkfineartlovers.com\\\/wp-content\\\/uploads\\\/elementor\\\/thumbs\\\/20230219_140209-scaled-q6txrrer1va404w1mevm7cxnevl11jcaq8o6nbmo88.jpg\"},{\"@type\":\"BreadcrumbList\",\"@id\":\"https:\\\/\\\/gkfineartlovers.com\\\/pl\\\/zamowienia-indywidualne\\\/#breadcrumb\",\"itemListElement\":[{\"@type\":\"ListItem\",\"position\":1,\"name\":\"Strona g\u0142\u00f3wna\",\"item\":\"https:\\\/\\\/gkfineartlovers.com\\\/pl\\\/strona-glowna\\\/\"},{\"@type\":\"ListItem\",\"position\":2,\"name\":\"Zam\u00f3wienia indywidulne\"}]},{\"@type\":\"WebSite\",\"@id\":\"https:\\\/\\\/gkfineartlovers.com\\\/pl\\\/#website\",\"url\":\"https:\\\/\\\/gkfineartlovers.com\\\/pl\\\/\",\"name\":\"GK_FineArt\",\"description\":\"Gk_FineArt is independent artist working from home studio in Bromsgrove, continuously developing artistic learning through paint play and media experimentation. Gk_FineArt also makes beautiful and sentimental gift and home decoration.\",\"potentialAction\":[{\"@type\":\"SearchAction\",\"target\":{\"@type\":\"EntryPoint\",\"urlTemplate\":\"https:\\\/\\\/gkfineartlovers.com\\\/pl\\\/?s={search_term_string}\"},\"query-input\":{\"@type\":\"PropertyValueSpecification\",\"valueRequired\":true,\"valueName\":\"search_term_string\"}}],\"inLanguage\":\"pl-PL\"}]}<\/script>\n<!-- \/ Yoast SEO plugin. -->","yoast_head_json":{"title":"Zam\u00f3wienia indywidulne - GK_FineArt","robots":{"index":"index","follow":"follow","max-snippet":"max-snippet:-1","max-image-preview":"max-image-preview:large","max-video-preview":"max-video-preview:-1"},"canonical":"https:\/\/gkfineartlovers.com\/pl\/zamowienia-indywidualne\/","og_locale":"pl_PL","og_type":"article","og_title":"Zam\u00f3wienia indywidulne - GK_FineArt","og_description":"Zam\u00f3wienia indywidulne \ud83c\udf3fObraz jest bardzo dobrym dodatkiem, kt\u00f3ry o\u017cywi Twoje wn\u0119trze I doda charakteru Twojemu domowi. Mo\u017cesz zam\u00f3wi\u0107 obraz np. do salonu, jadalni lub sypialni, a tak\u017ce do biura, w kt\u00f3rym pracujesz. \ud83c\udf3fMog\u0119 namalowa\u0107 portrety os\u00f3b i zwierz\u0105t, pejza\u017ce naturalne i miejskie, martw\u0105 natur\u0119 i kwiaty, akty i sceny rodzajowe. Mog\u0119\u00a0 stworzy\u0107 kopi\u0119 Twojego ulubionego [&hellip;]","og_url":"https:\/\/gkfineartlovers.com\/pl\/zamowienia-indywidualne\/","og_site_name":"GK_FineArt","article_modified_time":"2023-10-09T08:05:27+00:00","og_image":[{"url":"https:\/\/gkfineartlovers.com\/wp-content\/uploads\/elementor\/thumbs\/20230219_140209-scaled-q6txrrer1va404w1mevm7cxnevl11jcaq8o6nbmo88.jpg","type":"","width":"","height":""}],"twitter_card":"summary_large_image","schema":{"@context":"https:\/\/schema.org","@graph":[{"@type":"WebPage","@id":"https:\/\/gkfineartlovers.com\/pl\/zamowienia-indywidualne\/","url":"https:\/\/gkfineartlovers.com\/pl\/zamowienia-indywidualne\/","name":"Zam\u00f3wienia indywidulne - GK_FineArt","isPartOf":{"@id":"https:\/\/gkfineartlovers.com\/pl\/#website"},"primaryImageOfPage":{"@id":"https:\/\/gkfineartlovers.com\/pl\/zamowienia-indywidualne\/#primaryimage"},"image":{"@id":"https:\/\/gkfineartlovers.com\/pl\/zamowienia-indywidualne\/#primaryimage"},"thumbnailUrl":"https:\/\/gkfineartlovers.com\/wp-content\/uploads\/elementor\/thumbs\/20230219_140209-scaled-q6txrrer1va404w1mevm7cxnevl11jcaq8o6nbmo88.jpg","datePublished":"2023-05-05T08:55:45+00:00","dateModified":"2023-10-09T08:05:27+00:00","breadcrumb":{"@id":"https:\/\/gkfineartlovers.com\/pl\/zamowienia-indywidualne\/#breadcrumb"},"inLanguage":"pl-PL","potentialAction":[{"@type":"ReadAction","target":["https:\/\/gkfineartlovers.com\/pl\/zamowienia-indywidualne\/"]}]},{"@type":"ImageObject","inLanguage":"pl-PL","@id":"https:\/\/gkfineartlovers.com\/pl\/zamowienia-indywidualne\/#primaryimage","url":"https:\/\/gkfineartlovers.com\/wp-content\/uploads\/elementor\/thumbs\/20230219_140209-scaled-q6txrrer1va404w1mevm7cxnevl11jcaq8o6nbmo88.jpg","contentUrl":"https:\/\/gkfineartlovers.com\/wp-content\/uploads\/elementor\/thumbs\/20230219_140209-scaled-q6txrrer1va404w1mevm7cxnevl11jcaq8o6nbmo88.jpg"},{"@type":"BreadcrumbList","@id":"https:\/\/gkfineartlovers.com\/pl\/zamowienia-indywidualne\/#breadcrumb","itemListElement":[{"@type":"ListItem","position":1,"name":"Strona g\u0142\u00f3wna","item":"https:\/\/gkfineartlovers.com\/pl\/strona-glowna\/"},{"@type":"ListItem","position":2,"name":"Zam\u00f3wienia indywidulne"}]},{"@type":"WebSite","@id":"https:\/\/gkfineartlovers.com\/pl\/#website","url":"https:\/\/gkfineartlovers.com\/pl\/","name":"GK_FineArt","description":"Gk_FineArt is independent artist working from home studio in Bromsgrove, continuously developing artistic learning through paint play and media experimentation. Gk_FineArt also makes beautiful and sentimental gift and home decoration.","potentialAction":[{"@type":"SearchAction","target":{"@type":"EntryPoint","urlTemplate":"https:\/\/gkfineartlovers.com\/pl\/?s={search_term_string}"},"query-input":{"@type":"PropertyValueSpecification","valueRequired":true,"valueName":"search_term_string"}}],"inLanguage":"pl-PL"}]}},"_links":{"self":[{"href":"https:\/\/gkfineartlovers.com\/pl\/wp-json\/wp\/v2\/pages\/5415","targetHints":{"allow":["GET"]}}],"collection":[{"href":"https:\/\/gkfineartlovers.com\/pl\/wp-json\/wp\/v2\/pages"}],"about":[{"href":"https:\/\/gkfineartlovers.com\/pl\/wp-json\/wp\/v2\/types\/page"}],"author":[{"embeddable":true,"href":"https:\/\/gkfineartlovers.com\/pl\/wp-json\/wp\/v2\/users\/1"}],"replies":[{"embeddable":true,"href":"https:\/\/gkfineartlovers.com\/pl\/wp-json\/wp\/v2\/comments?post=5415"}],"version-history":[{"count":0,"href":"https:\/\/gkfineartlovers.com\/pl\/wp-json\/wp\/v2\/pages\/5415\/revisions"}],"wp:attachment":[{"href":"https:\/\/gkfineartlovers.com\/pl\/wp-json\/wp\/v2\/media?parent=5415"}],"curies":[{"name":"wp","href":"https:\/\/api.w.org\/{rel}","templated":true}]}}